{"id":1311,"date":"2018-02-14T14:14:34","date_gmt":"2018-02-14T14:14:34","guid":{"rendered":"https:\/\/etherpower.net\/new\/?page_id=1311"},"modified":"2025-11-18T14:04:37","modified_gmt":"2025-11-18T20:04:37","slug":"sun-2242-n","status":"publish","type":"page","link":"https:\/\/etherpower.net\/new\/sun-2242-n\/","title":{"rendered":"SUN-2242-N SNMP"},"content":{"rendered":"<p><img loading=\"lazy\" decoding=\"async\" class=\"alignnone wp-image-2225 size-medium\" src=\"https:\/\/etherpower.net\/new\/wp-content\/uploads\/2025\/05\/2242-N-300x200.png\" alt=\"\" width=\"300\" height=\"200\" srcset=\"https:\/\/etherpower.net\/new\/wp-content\/uploads\/2025\/05\/2242-N-300x200.png 300w, https:\/\/etherpower.net\/new\/wp-content\/uploads\/2025\/05\/2242-N-600x400.png 600w, https:\/\/etherpower.net\/new\/wp-content\/uploads\/2025\/05\/2242-N-1024x683.png 1024w, https:\/\/etherpower.net\/new\/wp-content\/uploads\/2025\/05\/2242-N-768x512.png 768w, https:\/\/etherpower.net\/new\/wp-content\/uploads\/2025\/05\/2242-N.png 1536w\" sizes=\"auto, (max-width: 300px) 100vw, 300px\" \/><\/p>\n<h1><a href=\"https:\/\/etherpower.net\/new\/sun-2242n-monitoreo-y-control-it\/\" target=\"_blank\" rel=\"noopener\">CLICK AQUI PARA IR AL NUEVO MODELO SUN-2242N<\/a><\/h1>\n<h2 class=\"_title\">Monitoreo SNMP para Centro de Datos<\/h2>\n<h2 class=\"_title\">Hasta 8 Sensores &#8211; Gr\u00e1ficos y Logger WEB<\/h2>\n<h2 class=\"_title\">Monitoreo seguro dentro de la LAN ( No requiere Internet )<\/h2>\n<div class=\"description\">\n<div class=\"elementor elementor-47\">\n<div class=\"elementor-inner\">\n<div class=\"elementor-section-wrap\">\n<section class=\"elementor-element elementor-element-syjxdqv elementor-section-boxed elementor-section-height-default elementor-section-height-default elementor-section elementor-top-section\" data-id=\"syjxdqv\" data-element_type=\"section\">\n<div class=\"elementor-container elementor-column-gap-default\">\n<div class=\"elementor-row\">\n<div class=\"elementor-element elementor-element-ugnqzed elementor-column elementor-col-100 elementor-top-column\" data-id=\"ugnqzed\" data-element_type=\"column\">\n<div class=\"elementor-column-wrap elementor-element-populated\">\n<div class=\"elementor-widget-wrap\">\n<div class=\"elementor-element elementor-element-isfrlos elementor-widget elementor-widget-text-editor\" data-id=\"isfrlos\" data-element_type=\"text-editor.default\">\n<div class=\"elementor-widget-container\">\n<div class=\"elementor-text-editor elementor-clearfix\">\n<div class=\"ipWidget ipWidget-Heading ipSkin-default\">\n<h5 class=\"_title\">Un nuevo modelo EtherPower para todos los clientes que nos ven\u00edan pidiendo un modelo actualizado de monitoreo SNMP, que no requiera conexi\u00f3n a la nube \/ salida a internet. Si bien uno podr\u00eda acceder al equipo desde fuera, abriendo puertos, con el nuevo SUN-2242-N el usuario puede, por pol\u00edticas de seguridad de la empresa, dejar el monitoreo restringido al entorno LAN.<\/h5>\n<\/div>\n<div class=\"ipWidget ipWidget-Heading ipSkin-default\">\n<h4 class=\"_title\">SUN-2242-N es un equipo pensado para:<\/h4>\n<\/div>\n<div class=\"ipWidget ipWidget-Text ipSkin-default\">\n<div class=\"ipsContainer\">\n<ul>\n<li>Monitoreo de sala de servidores<\/li>\n<li>Monitoreo de sistemas SCADA<\/li>\n<li>Sistemas HVAC&nbsp;<\/li>\n<\/ul>\n<\/div>\n<\/div>\n<div class=\"ipWidget ipWidget-Heading ipSkin-default\">\n<h3 class=\"_title\">Caracter\u00edsticas Principales:<\/h3>\n<\/div>\n<div class=\"ipWidget ipWidget-Text ipSkin-default\">\n<div class=\"ipsContainer\">\n<p>* Proporciona los datos de los sensores a trav\u00e9s de la LAN sin necesidad de una conexi\u00f3n a Internet.<br \/>\n* Gr\u00e1ficos y registros en tiempo real a trav\u00e9s de navegadores web. Bajada de datos hist\u00f3ricos medidos a Excel.<br \/>\n* B\u00fasqueda de sensores nuevos conectados: cada 2 segundos.<br \/>\n* Administra conexiones de clientes simult\u00e1neas de forma segura y confiable.<br \/>\n* 3 puertos 1-Wire independientes que proporcionan una comunicaci\u00f3n s\u00f3lida con los diferentes tipos de sensores instalados.<br \/>\n* Proporciona autom\u00e1ticamente una se\u00f1al pull-up fuerte e inteligente para sensores 1-Wire.<br \/>\n* Detecci\u00f3n autom\u00e1tica de cortocircuitos en&nbsp;el cableado de sensores.<br \/>\n* Capacidad de hasta 8 sensores.<br \/>\n* Protecci\u00f3n ESD de m\u00e1s de 27 kV (modelo de referencia IEC801-2) en el bus 1-Wire.<\/p>\n<p>*Env\u00edo de Alertas inmediatas por Traps SNMP, respetando los l\u00edmites preconfigurados por el usuario.<\/p>\n<p>* F\u00e1cil instalaci\u00f3n.<\/p>\n<\/div>\n<\/div>\n<div class=\"ipWidget ipWidget-Divider ipSkin-default\"><strong>Especificaciones T\u00e9cnicas:<\/strong><\/div>\n<div class=\"ipWidget ipWidget-Text ipSkin-default\">\n<div class=\"ipsContainer\">\n<p>Conexi\u00f3n 1-Wire para sensores :&nbsp; 3 Puertos con conectores RJ12<br \/>\nComunicaci\u00f3n: 10\/100 BASE-T Ethernet<br \/>\nProtocolos de red HTTP, HTTP Post, SNMP, SNMP Traps, TCP Socket, Multicast, DHCP<br \/>\nCantidad de sensores soportados:&nbsp; 18&nbsp;<br \/>\nVoltaje de alimentaci\u00f3n: 5Vcc&nbsp; \u00b110 %&nbsp;<br \/>\nCorriente nominal (promedio) con Ethernet pero sin sensores: 245 mA<br \/>\nDimensiones del gabinete: 85,27 x 139,7 x 31,75 mm<br \/>\nPeso 0,3 kg<br \/>\nTemperatura de funcionamiento -40 a 65 \u00b0C<br \/>\nTemperatura de almacenamiento -40 a 65 \u00b0C<br \/>\nHumedad de funcionamiento (sin condensaci\u00f3n) 0 a 90 % HR<br \/>\nHumedad de almacenamiento (sin condensaci\u00f3n) 0 a 90 % HR<\/p>\n<\/div>\n<\/div>\n<p><strong>APLICACIONES PRINCIPALES:<\/strong><\/p>\n<hr>\n<p>&#8211; Control de Alimentaci\u00f3n de Equipos ( ON\/OFF ) . Aviso ante Corte El\u00e9ctrico.<br \/>\n&#8211; Control de Tensi\u00f3n de Bater\u00edas de BackUp<br \/>\n&#8211; Control de Temperatura&nbsp;<br \/>\n&#8211; Sistemas de Alerta ante activaci\u00f3n de Detectores ( Movimiento, Corte El\u00e9ctrico, Apertura de Puertas, Inundaci\u00f3n, Humo, etc. )&nbsp;<\/p>\n<p><img loading=\"lazy\" decoding=\"async\" class=\"alignnone wp-image-2048 size-large\" src=\"https:\/\/etherpower.net\/new\/wp-content\/uploads\/2024\/11\/SNMP-2242N-1024x576.png\" alt=\"\" width=\"584\" height=\"329\" srcset=\"https:\/\/etherpower.net\/new\/wp-content\/uploads\/2024\/11\/SNMP-2242N-1024x576.png 1024w, https:\/\/etherpower.net\/new\/wp-content\/uploads\/2024\/11\/SNMP-2242N-600x337.png 600w, https:\/\/etherpower.net\/new\/wp-content\/uploads\/2024\/11\/SNMP-2242N-300x169.png 300w, https:\/\/etherpower.net\/new\/wp-content\/uploads\/2024\/11\/SNMP-2242N-768x432.png 768w, https:\/\/etherpower.net\/new\/wp-content\/uploads\/2024\/11\/SNMP-2242N.png 1366w\" sizes=\"auto, (max-width: 584px) 100vw, 584px\" \/><\/p>\n<p><img loading=\"lazy\" decoding=\"async\" class=\"alignnone size-large wp-image-2047\" src=\"https:\/\/etherpower.net\/new\/wp-content\/uploads\/2024\/11\/Download_2242N-1024x576.png\" alt=\"\" width=\"584\" height=\"329\" srcset=\"https:\/\/etherpower.net\/new\/wp-content\/uploads\/2024\/11\/Download_2242N-1024x576.png 1024w, https:\/\/etherpower.net\/new\/wp-content\/uploads\/2024\/11\/Download_2242N-600x337.png 600w, https:\/\/etherpower.net\/new\/wp-content\/uploads\/2024\/11\/Download_2242N-300x169.png 300w, https:\/\/etherpower.net\/new\/wp-content\/uploads\/2024\/11\/Download_2242N-768x432.png 768w, https:\/\/etherpower.net\/new\/wp-content\/uploads\/2024\/11\/Download_2242N.png 1366w\" sizes=\"auto, (max-width: 584px) 100vw, 584px\" \/><\/p>\n<p><a href=\"https:\/\/etherpower.net\/new\/gsm-controller-v3\/th2\/\" rel=\"attachment wp-att-2166\"><img loading=\"lazy\" decoding=\"async\" class=\"alignnone size-medium wp-image-2166\" src=\"https:\/\/etherpower.net\/new\/wp-content\/uploads\/2025\/04\/TH2-300x169.png\" alt=\"\" width=\"300\" height=\"169\" srcset=\"https:\/\/etherpower.net\/new\/wp-content\/uploads\/2025\/04\/TH2-300x169.png 300w, https:\/\/etherpower.net\/new\/wp-content\/uploads\/2025\/04\/TH2-600x337.png 600w, https:\/\/etherpower.net\/new\/wp-content\/uploads\/2025\/04\/TH2-1024x576.png 1024w, https:\/\/etherpower.net\/new\/wp-content\/uploads\/2025\/04\/TH2-768x432.png 768w, https:\/\/etherpower.net\/new\/wp-content\/uploads\/2025\/04\/TH2.png 1366w\" sizes=\"auto, (max-width: 300px) 100vw, 300px\" \/><\/a> <a href=\"https:\/\/etherpower.net\/new\/gsm-controller-v3\/th1\/\" rel=\"attachment wp-att-2167\"><img loading=\"lazy\" decoding=\"async\" class=\"alignnone size-medium wp-image-2167\" src=\"https:\/\/etherpower.net\/new\/wp-content\/uploads\/2025\/04\/TH1-300x169.png\" alt=\"\" width=\"300\" height=\"169\" srcset=\"https:\/\/etherpower.net\/new\/wp-content\/uploads\/2025\/04\/TH1-300x169.png 300w, https:\/\/etherpower.net\/new\/wp-content\/uploads\/2025\/04\/TH1-600x337.png 600w, https:\/\/etherpower.net\/new\/wp-content\/uploads\/2025\/04\/TH1-1024x576.png 1024w, https:\/\/etherpower.net\/new\/wp-content\/uploads\/2025\/04\/TH1-768x432.png 768w, https:\/\/etherpower.net\/new\/wp-content\/uploads\/2025\/04\/TH1.png 1366w\" sizes=\"auto, (max-width: 300px) 100vw, 300px\" \/><\/a><\/p>\n<p><a href=\"https:\/\/etherpower.net\/new\/wp-content\/uploads\/2024\/10\/Manual_de_Uso_y_Configuracion_SUN_2242_N.pdf\" target=\"_blank\" rel=\"noopener\">Manual de Uso<\/a><\/p>\n<\/div>\n<p>Sensores Disponibles:<\/p>\n<p>Temperatura &#8211; Humedad &#8211; Apertura de Puerta &#8211; Humo &#8211; Corte El\u00e9ctrico &#8211; Inundaci\u00f3n&nbsp;<\/p>\n<p><a href=\"https:\/\/etherpower.net\/new\/gsm-controller-v3\/temphumid_1\/\" rel=\"attachment wp-att-2168\"><img loading=\"lazy\" decoding=\"async\" class=\"alignnone size-medium wp-image-2168\" src=\"https:\/\/etherpower.net\/new\/wp-content\/uploads\/2025\/04\/TempHumid_1-295x300.png\" alt=\"\" width=\"295\" height=\"300\" srcset=\"https:\/\/etherpower.net\/new\/wp-content\/uploads\/2025\/04\/TempHumid_1-295x300.png 295w, https:\/\/etherpower.net\/new\/wp-content\/uploads\/2025\/04\/TempHumid_1.png 314w\" sizes=\"auto, (max-width: 295px) 100vw, 295px\" \/><\/a><a href=\"https:\/\/etherpower.net\/new\/gsm-controller-v3\/1_wt_1\/\" rel=\"attachment wp-att-2173\"><img loading=\"lazy\" decoding=\"async\" class=\"alignnone size-medium wp-image-2173\" src=\"https:\/\/etherpower.net\/new\/wp-content\/uploads\/2025\/04\/1_WT_1-300x258.png\" alt=\"\" width=\"300\" height=\"258\" srcset=\"https:\/\/etherpower.net\/new\/wp-content\/uploads\/2025\/04\/1_WT_1-300x258.png 300w, https:\/\/etherpower.net\/new\/wp-content\/uploads\/2025\/04\/1_WT_1-600x515.png 600w, https:\/\/etherpower.net\/new\/wp-content\/uploads\/2025\/04\/1_WT_1.png 699w\" sizes=\"auto, (max-width: 300px) 100vw, 300px\" \/><\/a><\/p>\n<p><a href=\"https:\/\/etherpower.net\/new\/gsm-controller-v3\/fdr_26_1\/\" rel=\"attachment wp-att-2172\"><img loading=\"lazy\" decoding=\"async\" class=\"alignnone size-medium wp-image-2172\" src=\"https:\/\/etherpower.net\/new\/wp-content\/uploads\/2025\/04\/fdr_26_1-300x294.png\" alt=\"\" width=\"300\" height=\"294\" srcset=\"https:\/\/etherpower.net\/new\/wp-content\/uploads\/2025\/04\/fdr_26_1-300x294.png 300w, https:\/\/etherpower.net\/new\/wp-content\/uploads\/2025\/04\/fdr_26_1-600x587.png 600w, https:\/\/etherpower.net\/new\/wp-content\/uploads\/2025\/04\/fdr_26_1.png 613w\" sizes=\"auto, (max-width: 300px) 100vw, 300px\" \/><\/a><a href=\"https:\/\/etherpower.net\/new\/gsm-controller-v3\/ep12_1\/\" rel=\"attachment wp-att-2171\"><img loading=\"lazy\" decoding=\"async\" class=\"alignnone size-medium wp-image-2171\" src=\"https:\/\/etherpower.net\/new\/wp-content\/uploads\/2025\/04\/EP12_1-300x271.png\" alt=\"\" width=\"300\" height=\"271\" srcset=\"https:\/\/etherpower.net\/new\/wp-content\/uploads\/2025\/04\/EP12_1-300x271.png 300w, https:\/\/etherpower.net\/new\/wp-content\/uploads\/2025\/04\/EP12_1-600x542.png 600w, https:\/\/etherpower.net\/new\/wp-content\/uploads\/2025\/04\/EP12_1.png 664w\" sizes=\"auto, (max-width: 300px) 100vw, 300px\" \/><\/a><\/p>\n<p><a href=\"https:\/\/etherpower.net\/new\/gsm-controller-v3\/ep_220_1\/\" rel=\"attachment wp-att-2170\"><img loading=\"lazy\" decoding=\"async\" class=\"alignnone size-medium wp-image-2170\" src=\"https:\/\/etherpower.net\/new\/wp-content\/uploads\/2025\/04\/EP_220_1-300x254.png\" alt=\"\" width=\"300\" height=\"254\" srcset=\"https:\/\/etherpower.net\/new\/wp-content\/uploads\/2025\/04\/EP_220_1-300x254.png 300w, https:\/\/etherpower.net\/new\/wp-content\/uploads\/2025\/04\/EP_220_1.png 520w\" sizes=\"auto, (max-width: 300px) 100vw, 300px\" \/><\/a><a href=\"https:\/\/etherpower.net\/new\/gsm-controller-v3\/doorc_1\/\" rel=\"attachment wp-att-2169\"><img loading=\"lazy\" decoding=\"async\" class=\"alignnone size-medium wp-image-2169\" src=\"https:\/\/etherpower.net\/new\/wp-content\/uploads\/2025\/04\/DoorC_1-300x285.png\" alt=\"\" width=\"300\" height=\"285\" srcset=\"https:\/\/etherpower.net\/new\/wp-content\/uploads\/2025\/04\/DoorC_1-300x285.png 300w, https:\/\/etherpower.net\/new\/wp-content\/uploads\/2025\/04\/DoorC_1-600x571.png 600w, https:\/\/etherpower.net\/new\/wp-content\/uploads\/2025\/04\/DoorC_1.png 631w\" sizes=\"auto, (max-width: 300px) 100vw, 300px\" \/><\/a><\/p>\n<\/div>\n<\/div>\n<\/div>\n<\/div>\n<\/div>\n<\/div>\n<\/div>\n<\/section>\n<\/div>\n<\/div>\n<\/div>\n<\/div>\n","protected":false},"excerpt":{"rendered":"<p>CLICK AQUI PARA IR AL NUEVO MODELO SUN-2242N Monitoreo SNMP para Centro de Datos Hasta 8 Sensores &#8211; Gr\u00e1ficos y Logger WEB Monitoreo seguro dentro de la LAN ( No requiere Internet ) Un nuevo modelo EtherPower para todos los clientes que nos ven\u00edan pidiendo un modelo actualizado de monitoreo<a href=\"https:\/\/etherpower.net\/new\/sun-2242-n\/\" class=\"read-more\">Read More<\/a><\/p>\n","protected":false},"author":1,"featured_media":0,"parent":0,"menu_order":0,"comment_status":"closed","ping_status":"closed","template":"","meta":{"ngg_post_thumbnail":0,"footnotes":""},"class_list":["post-1311","page","type-page","status-publish","hentry"],"_links":{"self":[{"href":"https:\/\/etherpower.net\/new\/wp-json\/wp\/v2\/pages\/1311","targetHints":{"allow":["GET"]}}],"collection":[{"href":"https:\/\/etherpower.net\/new\/wp-json\/wp\/v2\/pages"}],"about":[{"href":"https:\/\/etherpower.net\/new\/wp-json\/wp\/v2\/types\/page"}],"author":[{"embeddable":true,"href":"https:\/\/etherpower.net\/new\/wp-json\/wp\/v2\/users\/1"}],"replies":[{"embeddable":true,"href":"https:\/\/etherpower.net\/new\/wp-json\/wp\/v2\/comments?post=1311"}],"version-history":[{"count":7,"href":"https:\/\/etherpower.net\/new\/wp-json\/wp\/v2\/pages\/1311\/revisions"}],"predecessor-version":[{"id":2636,"href":"https:\/\/etherpower.net\/new\/wp-json\/wp\/v2\/pages\/1311\/revisions\/2636"}],"wp:attachment":[{"href":"https:\/\/etherpower.net\/new\/wp-json\/wp\/v2\/media?parent=1311"}],"curies":[{"name":"wp","href":"https:\/\/api.w.org\/{rel}","templated":true}]}}