{"id":135,"date":"2017-09-22T17:16:53","date_gmt":"2017-09-22T17:16:53","guid":{"rendered":"https:\/\/etherpower.net\/new\/?page_id=135"},"modified":"2025-09-15T11:03:32","modified_gmt":"2025-09-15T17:03:32","slug":"empresa","status":"publish","type":"page","link":"https:\/\/etherpower.net\/new\/empresa\/","title":{"rendered":"Empresa"},"content":{"rendered":"<h2 style=\"text-align: center;\"><strong><span style=\"color: #13a9d1;\">EtherPower, m\u00e1s de 20 a\u00f1os comunicando.<\/span><\/strong><\/h2>\n<p><img loading=\"lazy\" decoding=\"async\" class=\"alignnone size-full wp-image-1867\" src=\"https:\/\/etherpower.net\/new\/wp-content\/uploads\/2024\/10\/4banner431.jpg\" alt=\"\" width=\"1500\" height=\"423\" srcset=\"https:\/\/etherpower.net\/new\/wp-content\/uploads\/2024\/10\/4banner431.jpg 1500w, https:\/\/etherpower.net\/new\/wp-content\/uploads\/2024\/10\/4banner431-600x169.jpg 600w, https:\/\/etherpower.net\/new\/wp-content\/uploads\/2024\/10\/4banner431-300x85.jpg 300w, https:\/\/etherpower.net\/new\/wp-content\/uploads\/2024\/10\/4banner431-1024x289.jpg 1024w, https:\/\/etherpower.net\/new\/wp-content\/uploads\/2024\/10\/4banner431-768x217.jpg 768w\" sizes=\"auto, (max-width: 1500px) 100vw, 1500px\" \/><\/p>\n<p style=\"text-align: center;\">Desarrollo, Fabricaci\u00f3n e Importaci\u00f3n de Equipos para comunicaciones, automatizaci\u00f3n y control por IP.<\/p>\n<p style=\"text-align: center;\"><span style=\"color: #13a9d1;\">&nbsp;<\/span>Etherpower es una empresa Argentina vinculada al sector de las comunicaciones. Nuestra misi\u00f3n es proveer productos novedosos, que permitan de forma remota el Acceso, Monitoreo y Control de Ambientes, Instalaciones y Equipos. \u00bfC\u00f3mo? Embedded Ethernet . M\u00e1s de 20 a\u00f1os Desarrollando Equipos e Importando Tecnolog\u00eda, siempre con el foco en M2M , ahora IoT \u00abThe Internet of Things\u00bb . Para lograr sus objetivos, Etherpower realiza alianzas estrat\u00e9gicas con sus representadas exclusivas, para distribuir en la regi\u00f3n equipos basados principalmente en la tecnolog\u00eda Embedded Ethernet-Internet. Por otra parte, el equipo de Ingenier\u00eda de Etherpower Desarrolla y Fabrica equipos para soluciones espec\u00edficas, y necesidades particulares del cliente.<\/p>\n<p><img loading=\"lazy\" decoding=\"async\" class=\"wp-image-2223 size-medium aligncenter\" src=\"https:\/\/etherpower.net\/new\/wp-content\/uploads\/2025\/05\/somos-300x300.png\" alt=\"\" width=\"300\" height=\"300\" srcset=\"https:\/\/etherpower.net\/new\/wp-content\/uploads\/2025\/05\/somos-300x300.png 300w, https:\/\/etherpower.net\/new\/wp-content\/uploads\/2025\/05\/somos-100x100.png 100w, https:\/\/etherpower.net\/new\/wp-content\/uploads\/2025\/05\/somos-600x600.png 600w, https:\/\/etherpower.net\/new\/wp-content\/uploads\/2025\/05\/somos-150x150.png 150w, https:\/\/etherpower.net\/new\/wp-content\/uploads\/2025\/05\/somos-768x768.png 768w, https:\/\/etherpower.net\/new\/wp-content\/uploads\/2025\/05\/somos.png 1024w\" sizes=\"auto, (max-width: 300px) 100vw, 300px\" \/><\/p>\n<h2 style=\"text-align: center;\"><strong><span style=\"color: #13a9d1;\">Empresas que conf\u00edan en ETHERPOWER&nbsp;<\/span><\/strong><\/h2>\n<h2 style=\"text-align: left;\"><strong><span style=\"color: #13a9d1;\">Argentina<\/span><\/strong><\/h2>\nngg_shortcode_0_placeholder\n<h2 style=\"text-align: left;\"><strong><span style=\"color: #13a9d1;\">&nbsp;<\/span><\/strong><strong><span style=\"color: #13a9d1;\">M\u00e9xico<\/span><\/strong><img loading=\"lazy\" decoding=\"async\" class=\"alignnone size-full wp-image-482\" src=\"https:\/\/etherpower.net\/new\/wp-content\/uploads\/2017\/09\/CLIENTES-ETHERPOWER-MX-02.png\" alt=\"\" width=\"2300\" height=\"700\" srcset=\"https:\/\/etherpower.net\/new\/wp-content\/uploads\/2017\/09\/CLIENTES-ETHERPOWER-MX-02.png 2300w, https:\/\/etherpower.net\/new\/wp-content\/uploads\/2017\/09\/CLIENTES-ETHERPOWER-MX-02-600x183.png 600w, https:\/\/etherpower.net\/new\/wp-content\/uploads\/2017\/09\/CLIENTES-ETHERPOWER-MX-02-300x91.png 300w, https:\/\/etherpower.net\/new\/wp-content\/uploads\/2017\/09\/CLIENTES-ETHERPOWER-MX-02-768x234.png 768w, https:\/\/etherpower.net\/new\/wp-content\/uploads\/2017\/09\/CLIENTES-ETHERPOWER-MX-02-1024x312.png 1024w\" sizes=\"auto, (max-width: 2300px) 100vw, 2300px\" \/><\/h2>\n<h2 style=\"text-align: left;\"><strong><span style=\"color: #13a9d1;\">LATAM&nbsp;<\/span><\/strong><img loading=\"lazy\" decoding=\"async\" class=\"alignnone size-full wp-image-1647\" src=\"https:\/\/etherpower.net\/new\/wp-content\/uploads\/2018\/10\/Clientes-LATAM-EtherPower-01.png\" alt=\"\" width=\"2300\" height=\"788\" srcset=\"https:\/\/etherpower.net\/new\/wp-content\/uploads\/2018\/10\/Clientes-LATAM-EtherPower-01.png 2300w, https:\/\/etherpower.net\/new\/wp-content\/uploads\/2018\/10\/Clientes-LATAM-EtherPower-01-600x206.png 600w, https:\/\/etherpower.net\/new\/wp-content\/uploads\/2018\/10\/Clientes-LATAM-EtherPower-01-300x103.png 300w, https:\/\/etherpower.net\/new\/wp-content\/uploads\/2018\/10\/Clientes-LATAM-EtherPower-01-768x263.png 768w, https:\/\/etherpower.net\/new\/wp-content\/uploads\/2018\/10\/Clientes-LATAM-EtherPower-01-1024x351.png 1024w\" sizes=\"auto, (max-width: 2300px) 100vw, 2300px\" \/><\/h2>\n<h2 style=\"text-align: left;\"><a href=\"https:\/\/etherpower.net\/new\/casos-de-uso\/\"><img loading=\"lazy\" decoding=\"async\" class=\"wp-image-2214 size-medium aligncenter\" src=\"https:\/\/etherpower.net\/new\/wp-content\/uploads\/2025\/05\/casos-de-uso-1--300x200.png\" alt=\"\" width=\"300\" height=\"200\" srcset=\"https:\/\/etherpower.net\/new\/wp-content\/uploads\/2025\/05\/casos-de-uso-1--300x200.png 300w, https:\/\/etherpower.net\/new\/wp-content\/uploads\/2025\/05\/casos-de-uso-1--600x400.png 600w, https:\/\/etherpower.net\/new\/wp-content\/uploads\/2025\/05\/casos-de-uso-1--1024x683.png 1024w, https:\/\/etherpower.net\/new\/wp-content\/uploads\/2025\/05\/casos-de-uso-1--768x512.png 768w, https:\/\/etherpower.net\/new\/wp-content\/uploads\/2025\/05\/casos-de-uso-1-.png 1536w\" sizes=\"auto, (max-width: 300px) 100vw, 300px\" \/><\/a><a href=\"https:\/\/etherpower.net\/new\/newsletter\/\"><img loading=\"lazy\" decoding=\"async\" class=\"aligncenter wp-image-2423 size-medium\" src=\"https:\/\/etherpower.net\/new\/wp-content\/uploads\/2025\/09\/newsletter-200x300.png\" alt=\"\" width=\"200\" height=\"300\" srcset=\"https:\/\/etherpower.net\/new\/wp-content\/uploads\/2025\/09\/newsletter-200x300.png 200w, https:\/\/etherpower.net\/new\/wp-content\/uploads\/2025\/09\/newsletter-683x1024.png 683w, https:\/\/etherpower.net\/new\/wp-content\/uploads\/2025\/09\/newsletter-768x1152.png 768w, https:\/\/etherpower.net\/new\/wp-content\/uploads\/2025\/09\/newsletter-600x900.png 600w, https:\/\/etherpower.net\/new\/wp-content\/uploads\/2025\/09\/newsletter.png 1024w\" sizes=\"auto, (max-width: 200px) 100vw, 200px\" \/><\/a>&nbsp; &nbsp;<a href=\"https:\/\/www.eztcp.com\/en\/home\/\" target=\"_blank\" rel=\"noopener noreferrer\"><img loading=\"lazy\" decoding=\"async\" class=\"wp-image-1292 aligncenter\" src=\"https:\/\/etherpower.net\/new\/wp-content\/uploads\/2017\/09\/SollaeLogo.png\" alt=\"\" width=\"218\" height=\"45\" srcset=\"https:\/\/etherpower.net\/new\/wp-content\/uploads\/2017\/09\/SollaeLogo.png 1180w, https:\/\/etherpower.net\/new\/wp-content\/uploads\/2017\/09\/SollaeLogo-600x124.png 600w, https:\/\/etherpower.net\/new\/wp-content\/uploads\/2017\/09\/SollaeLogo-300x62.png 300w, https:\/\/etherpower.net\/new\/wp-content\/uploads\/2017\/09\/SollaeLogo-768x159.png 768w, https:\/\/etherpower.net\/new\/wp-content\/uploads\/2017\/09\/SollaeLogo-1024x212.png 1024w\" sizes=\"auto, (max-width: 218px) 100vw, 218px\" \/><\/a><\/h2>\n<p><span class=\"font\"><span class=\"size\">Sollae Systems (Corea del Sur) nos acompa\u00f1a desde nuestros comienzos all\u00e1 por&nbsp; el a\u00f1o 2005. Etherpower posee una estrecha relaci\u00f3n comercial con nuestra empresa amiga . Estamos orgullosos de ser los Representantes Exclusivos de la marca Sollae Systems en la Argentina y contar siempre con equipos en constante evoluci\u00f3n, de la m\u00e1s alta calidad y est\u00e1ndares de fabricaci\u00f3n y certificaci\u00f3n internacional.&nbsp; &nbsp;<\/span><\/span>&nbsp;<\/p>\n<p><a href=\"https:\/\/etherpower.net\/new\/wp-content\/uploads\/2019\/08\/hwg_1.png\"><img loading=\"lazy\" decoding=\"async\" class=\"size-full wp-image-1721 aligncenter\" src=\"https:\/\/etherpower.net\/new\/wp-content\/uploads\/2019\/08\/hwg_1.png\" alt=\"\" width=\"291\" height=\"60\"><\/a><span class=\"font\"><span class=\"size\">Etherpower es el Distribuidor Oficial de HWGroup (Rep\u00fablica Checa) en la Argentina desde el a\u00f1o 2005 . Nuestro personal t\u00e9cnico fue entrenado EN FABRICA en todas las l\u00edneas de productos HWGroup. Nuestros ejecutivos de cuenta est\u00e1n capacitados para poder brindarle el mejor asesoramiento y ayudarlo as\u00ed a encontrar la soluci\u00f3n HWGroup que mejor se adapte a sus requerimientos.<\/span><\/span><\/p>\nngg_shortcode_1_placeholder\n<h3><a href=\"https:\/\/etherpower.net\/new\/expos\/\" target=\"_blank\" rel=\"noopener\">Nuestros-comienzos<\/a><\/h3>\n","protected":false},"excerpt":{"rendered":"<p>EtherPower, m\u00e1s de 20 a\u00f1os comunicando. Desarrollo, Fabricaci\u00f3n e Importaci\u00f3n de Equipos para comunicaciones, automatizaci\u00f3n y control por IP. &nbsp;Etherpower es una empresa Argentina vinculada al sector de las comunicaciones. Nuestra misi\u00f3n es proveer productos novedosos, que permitan de forma remota el Acceso, Monitoreo y Control de Ambientes, Instalaciones y<a href=\"https:\/\/etherpower.net\/new\/empresa\/\" class=\"read-more\">Read More<\/a><\/p>\n","protected":false},"author":1,"featured_media":0,"parent":0,"menu_order":0,"comment_status":"closed","ping_status":"closed","template":"fullwidth.php","meta":{"ngg_post_thumbnail":0,"footnotes":""},"class_list":["post-135","page","type-page","status-publish","hentry"],"_links":{"self":[{"href":"https:\/\/etherpower.net\/new\/wp-json\/wp\/v2\/pages\/135","targetHints":{"allow":["GET"]}}],"collection":[{"href":"https:\/\/etherpower.net\/new\/wp-json\/wp\/v2\/pages"}],"about":[{"href":"https:\/\/etherpower.net\/new\/wp-json\/wp\/v2\/types\/page"}],"author":[{"embeddable":true,"href":"https:\/\/etherpower.net\/new\/wp-json\/wp\/v2\/users\/1"}],"replies":[{"embeddable":true,"href":"https:\/\/etherpower.net\/new\/wp-json\/wp\/v2\/comments?post=135"}],"version-history":[{"count":37,"href":"https:\/\/etherpower.net\/new\/wp-json\/wp\/v2\/pages\/135\/revisions"}],"predecessor-version":[{"id":2434,"href":"https:\/\/etherpower.net\/new\/wp-json\/wp\/v2\/pages\/135\/revisions\/2434"}],"wp:attachment":[{"href":"https:\/\/etherpower.net\/new\/wp-json\/wp\/v2\/media?parent=135"}],"curies":[{"name":"wp","href":"https:\/\/api.w.org\/{rel}","templated":true}]}}