{"id":1471,"date":"2018-06-22T15:01:57","date_gmt":"2018-06-22T15:01:57","guid":{"rendered":"https:\/\/etherpower.net\/new\/?page_id=1471"},"modified":"2025-08-31T11:25:36","modified_gmt":"2025-08-31T17:25:36","slug":"sensoresydetectores","status":"publish","type":"page","link":"https:\/\/etherpower.net\/new\/sensoresydetectores\/","title":{"rendered":"Sensores y Detectores"},"content":{"rendered":"<div class=\"ipWidget ipWidget-Heading ipSkin-default\">\n<h2 data-start=\"227\" data-end=\"253\">Sensores y Detectores<\/h2>\n<p data-start=\"255\" data-end=\"513\">En <strong data-start=\"258\" data-end=\"272\">Etherpower<\/strong>, contamos con una amplia selecci\u00f3n de <strong data-start=\"311\" data-end=\"336\">sensores y detectores<\/strong> para el monitoreo ambiental y de seguridad f\u00edsica en entornos cr\u00edticos, desde DataCenters y salas de servidores hasta c\u00e1maras de fr\u00edo, dep\u00f3sitos e instalaciones industriales.<\/p>\n<p data-start=\"515\" data-end=\"865\">Nuestra oferta incluye tanto <strong data-start=\"544\" data-end=\"580\">sensores de nuestra propia marca<\/strong> como los de <strong data-start=\"593\" data-end=\"604\">HWGroup<\/strong>, empresa de referencia internacional en soluciones de monitoreo IP. Cada sensor y detector ha sido <strong data-start=\"704\" data-end=\"735\">cuidadosamente seleccionado<\/strong> en base a m\u00e1s de <strong data-start=\"753\" data-end=\"779\">20 a\u00f1os de experiencia<\/strong>, considerando la confiabilidad, precisi\u00f3n y adaptabilidad a distintas aplicaciones.<\/p>\nngg_shortcode_0_placeholder<\/div>\n<div class=\"ipWidget ipWidget-Text ipSkin-default\">\n<div class=\"ipsContainer\">\n<p><a href=\"https:\/\/etherpower.net\/new\/wp-content\/uploads\/2024\/10\/Flyer_Sensores_B.pdf\" target=\"_blank\" rel=\"noopener\">Flyer Sensores<\/a><\/p>\n<p><a href=\"https:\/\/etherpower.net\/new\/wp-content\/uploads\/2024\/10\/Flyer_Detectores_B.pdf\" target=\"_blank\" rel=\"noopener\">Flyer Detectores<\/a><\/p>\n<\/div>\n<\/div>\n<div class=\"ipWidget ipWidget-Text ipSkin-default\">\n<div class=\"ipsContainer\">\n<h2><a href=\"https:\/\/etherpower.net\/new\/wp-content\/uploads\/2025\/08\/sensoreshwg.pdf\" target=\"_blank\" rel=\"noopener\">Sensores y Detectores de HW group<\/a><\/h2>\n<p><img loading=\"lazy\" decoding=\"async\" class=\"alignnone wp-image-2327 size-medium\" src=\"https:\/\/etherpower.net\/new\/wp-content\/uploads\/2025\/08\/sd-300x169.png\" alt=\"\" width=\"300\" height=\"169\" srcset=\"https:\/\/etherpower.net\/new\/wp-content\/uploads\/2025\/08\/sd-300x169.png 300w, https:\/\/etherpower.net\/new\/wp-content\/uploads\/2025\/08\/sd-600x338.png 600w, https:\/\/etherpower.net\/new\/wp-content\/uploads\/2025\/08\/sd-1024x576.png 1024w, https:\/\/etherpower.net\/new\/wp-content\/uploads\/2025\/08\/sd-768x432.png 768w, https:\/\/etherpower.net\/new\/wp-content\/uploads\/2025\/08\/sd-1536x864.png 1536w, https:\/\/etherpower.net\/new\/wp-content\/uploads\/2025\/08\/sd.png 1600w\" sizes=\"auto, (max-width: 300px) 100vw, 300px\" \/><\/p>\n<p>________________________________________________________<\/p>\n<p><a href=\"https:\/\/etherpower.net\/new\/wp-content\/uploads\/2025\/06\/T2A220-1.pdf\" target=\"_blank\" rel=\"noopener\">COOLER-T2A220<\/a><\/p>\n<p><a href=\"https:\/\/etherpower.net\/new\/wp-content\/uploads\/2025\/06\/COOLER-T-3XT-R220.pdf\" target=\"_blank\" rel=\"noopener\">COOLER-T-3XT-R220<\/a><\/p>\n<p><a href=\"https:\/\/etherpower.net\/new\/wp-content\/uploads\/2025\/06\/RST-380-SMS.pdf\" target=\"_blank\" rel=\"noopener\">CE-TRIFASICO-RST380-SMS<\/a><\/p>\n<p><a href=\"https:\/\/etherpower.net\/new\/wp-content\/uploads\/2025\/07\/flyerEP-LPG.png\" target=\"_blank\" rel=\"noopener\">TEMP-212-RackPanel<\/a><\/p>\n<\/div>\n<p><a href=\"https:\/\/etherpower.net\/new\/wp-content\/uploads\/2025\/08\/power-detector-fl_2-0-0_en.pdf\" target=\"_blank\" rel=\"noopener\">EP-220e<\/a><\/p>\n<p><a href=\"https:\/\/etherpower.net\/new\/wp-content\/uploads\/2025\/08\/hwg-wld-relay-fl_4-3-0_en.pdf\" target=\"_blank\" rel=\"noopener\">WLD<\/a><\/p>\n<\/div>\n","protected":false},"excerpt":{"rendered":"<p>Sensores y Detectores En Etherpower, contamos con una amplia selecci\u00f3n de sensores y detectores para el monitoreo ambiental y de seguridad f\u00edsica en entornos cr\u00edticos, desde DataCenters y salas de servidores hasta c\u00e1maras de fr\u00edo, dep\u00f3sitos e instalaciones industriales. Nuestra oferta incluye tanto sensores de nuestra propia marca como los<a href=\"https:\/\/etherpower.net\/new\/sensoresydetectores\/\" class=\"read-more\">Read More<\/a><\/p>\n","protected":false},"author":1,"featured_media":0,"parent":0,"menu_order":0,"comment_status":"closed","ping_status":"closed","template":"","meta":{"ngg_post_thumbnail":0,"footnotes":""},"class_list":["post-1471","page","type-page","status-publish","hentry"],"_links":{"self":[{"href":"https:\/\/etherpower.net\/new\/wp-json\/wp\/v2\/pages\/1471","targetHints":{"allow":["GET"]}}],"collection":[{"href":"https:\/\/etherpower.net\/new\/wp-json\/wp\/v2\/pages"}],"about":[{"href":"https:\/\/etherpower.net\/new\/wp-json\/wp\/v2\/types\/page"}],"author":[{"embeddable":true,"href":"https:\/\/etherpower.net\/new\/wp-json\/wp\/v2\/users\/1"}],"replies":[{"embeddable":true,"href":"https:\/\/etherpower.net\/new\/wp-json\/wp\/v2\/comments?post=1471"}],"version-history":[{"count":20,"href":"https:\/\/etherpower.net\/new\/wp-json\/wp\/v2\/pages\/1471\/revisions"}],"predecessor-version":[{"id":2384,"href":"https:\/\/etherpower.net\/new\/wp-json\/wp\/v2\/pages\/1471\/revisions\/2384"}],"wp:attachment":[{"href":"https:\/\/etherpower.net\/new\/wp-json\/wp\/v2\/media?parent=1471"}],"curies":[{"name":"wp","href":"https:\/\/api.w.org\/{rel}","templated":true}]}}