{"id":1656,"date":"2019-03-27T14:41:55","date_gmt":"2019-03-27T14:41:55","guid":{"rendered":"https:\/\/etherpower.net\/new\/?page_id=1656"},"modified":"2025-11-18T14:06:14","modified_gmt":"2025-11-18T20:06:14","slug":"sun-2242","status":"publish","type":"page","link":"https:\/\/etherpower.net\/new\/sun-2242\/","title":{"rendered":"SUN-2242 Equipo para Monitoreo en\u00a0DataCenter e Industria"},"content":{"rendered":"<p>&nbsp;<\/p>\r\n<p><img loading=\"lazy\" decoding=\"async\" class=\"alignnone wp-image-629 \" src=\"https:\/\/etherpower.net\/new\/wp-content\/uploads\/2017\/11\/SUN-2232_Rack-1.jpg\" alt=\"\" width=\"845\" height=\"722\"><\/p>\r\n<h1><a href=\"https:\/\/etherpower.net\/new\/sun-2242n-monitoreo-y-control-it\/\" target=\"_blank\" rel=\"noopener\">CLICK AQUI PARA IR AL NUEVO MODELO SUN-2242N<\/a><\/h1>\r\n<p>Equipo Etherpower&nbsp;para monitoreo en CPD ( Centro de Procesamiento de Datos ). Pensado para monitorear temperatura , humedad y otras condiciones de seguridad f\u00edsica en un Datacenter o un Rack 19&#8243;. Es tambi\u00e9n utilizado en Monitoreo Industrial ( Procesos, Cadena de Fr\u00edo, Dep\u00f3sitos, Sala de M\u00e1quinas, Tableros El\u00e9ctricos, &nbsp;etc. )&nbsp;<\/p>\r\n<div class=\"ipWidget ipWidget-Text ipSkin-default\">\r\n<div class=\"ipsContainer\">\r\n<p>EL&nbsp;<strong>SUN-2242<\/strong>&nbsp;posee:<\/p>\r\n<p><strong>2 Entradas Digitales<\/strong>&nbsp;para Detectores de Puerta, Humo, Corte El\u00e9ctrico, Agua bajo Piso T\u00e9cnico, etc.<\/p>\r\n<p><strong>2 Salidas de Relay&nbsp;<\/strong>para activar Sirenas y\/o Encender\/Apagar\/Reiniciar Equipos.<\/p>\r\n<p><strong>5 Entradas&nbsp;<\/strong> para Sensores de Temperatura y Humedad.<\/p>\r\n<p><strong>2 Entradas Anal\u00f3gicas<\/strong> para Sensores de Corriente ( hasta 30A ), Sensores de Tensi\u00f3n ( para banco de Bater\u00edas ) y otros industriales.<\/p>\r\n<p>El monitoreo se realiza accediendo a su webserver o por SNMP, y se configura cada uno de los sensores para alertar por Email o bien enviar traps SNMP en el caso que las lecturas se salgan de un rango seguro preconfigurado.<\/p>\r\n<p>El&nbsp;<strong>SUN-2242<\/strong>&nbsp;es un equipo con un excelente&nbsp;relaci\u00f3n precio\/prestaciones<\/p>\r\n<p>A cada uno de los sensores de temperatura y humedad se lo configura para un rango de trabajo seguro. En el caso de que alguno de los sensores exceda dicho rango, (estado de alarma), el equipo lo notifica por trap SNMP o env\u00edo de Email. Cada sensor posee un rango de trabajo seguro, y un nombre configurable desde la interfaz web, para poder identificarlo.<\/p>\r\n<p><a href=\"https:\/\/etherpower.net\/new\/wp-content\/uploads\/2019\/07\/DATACENTER_ETHERPOWER_SUN_2232_01_2__22.png\"><img loading=\"lazy\" decoding=\"async\" class=\"alignnone size-full wp-image-1709\" src=\"https:\/\/etherpower.net\/new\/wp-content\/uploads\/2019\/07\/DATACENTER_ETHERPOWER_SUN_2232_01_2__22.png\" alt=\"\" width=\"828\" height=\"400\" srcset=\"https:\/\/etherpower.net\/new\/wp-content\/uploads\/2019\/07\/DATACENTER_ETHERPOWER_SUN_2232_01_2__22.png 828w, https:\/\/etherpower.net\/new\/wp-content\/uploads\/2019\/07\/DATACENTER_ETHERPOWER_SUN_2232_01_2__22-600x290.png 600w, https:\/\/etherpower.net\/new\/wp-content\/uploads\/2019\/07\/DATACENTER_ETHERPOWER_SUN_2232_01_2__22-300x145.png 300w, https:\/\/etherpower.net\/new\/wp-content\/uploads\/2019\/07\/DATACENTER_ETHERPOWER_SUN_2232_01_2__22-768x371.png 768w\" sizes=\"auto, (max-width: 828px) 100vw, 828px\" \/><\/a><\/p>\r\n<\/div>\r\n<\/div>\r\n<div class=\"ipWidget ipWidget-Heading ipSkin-default\">\r\n<h2 class=\"_title\">Aplicaciones:<\/h2>\r\n<\/div>\r\n<div class=\"ipWidget ipWidget-Text ipSkin-default\">\r\n<div class=\"ipsContainer\">\r\n<ul>\r\n<li>Supervisi\u00f3n remota de la temperatura dentro de un Rack de 19\u201d.<\/li>\r\n<li>Supervisi\u00f3n remota de equipos en Data Centers.<\/li>\r\n<li>Sistemas de seguridad y control de acceso.<\/li>\r\n<li>Monitoreo de sistemas de aire acondicionado.<\/li>\r\n<li>Supervisi\u00f3n remota de Salas de M\u00e1quinas.<\/li>\r\n<li>Aplicaciones en Edificios Inteligentes \/ Dom\u00f3tica.<\/li>\r\n<li>Reset\/Reinicio remoto de Servidores, Routers, Access Point, etc.<\/li>\r\n<\/ul>\r\n<\/div>\r\n<\/div>\r\n<div class=\"ipWidget ipWidget-Heading ipSkin-default\">\r\n<h2 class=\"_title\">Caracter\u00edsticas Principales:<\/h2>\r\n<\/div>\r\n<div class=\"ipWidget ipWidget-Text ipSkin-default\">\r\n<div class=\"ipsContainer\">\r\n<ul>\r\n<li><b>No requiere ning\u00fan software&nbsp;<\/b><\/li>\r\n<li><b>WEB Server Embebido para Monitoreo&nbsp;<\/b><\/li>\r\n<li><b>Soporte de&nbsp;SNMP<\/b><\/li>\r\n<li><b>Env\u00edo de alertas por Email y Traps SNMP<\/b><\/li>\r\n<li><b>Funci\u00f3n Termostato IP&nbsp;<\/b>( Relay controlado por Temperatura )&nbsp;<\/li>\r\n<li><strong>Funci\u00f3n PowerCycle<\/strong>&nbsp;( Para reinicio remoto de equipos )&nbsp;<\/li>\r\n<li><b>Soporta 5 Sensores de Temperatura y Humedad<br><\/b><\/li>\r\n<li><b>Soporta 2 Detectores<\/b>&nbsp;( Humo &#8211; Apertura de Puertas &#8211; Inundaci\u00f3n &#8211; Corte El\u00e9ctrico &#8211; Movimiento )<\/li>\r\n<li><strong>Posee 2 entradas Anal\u00f3gicas<\/strong>&nbsp;con control de Ganancia y Offset ( Sensor de Corriente, Sensor de Tensi\u00f3n y otros Industriales )&nbsp;<\/li>\r\n<li>Actualizaci\u00f3n de Firmware por web<\/li>\r\n<li>Totalmente configurable por Web de forma remota desde cualquier navegador&nbsp;<\/li>\r\n<li>Se puede conectar en cualquier sistema de monitoreo de edificios, industrias y sistemas de redes de IT<\/li>\r\n<li>Puede incorporarse a sistemas SNMP ya existentes &nbsp;(LoriotPro, HP OpenView, Nagios, IBM Tivoli, SNMPc, MRTG y otros)<\/li>\r\n<li>Accesorio lateral para Instalaci\u00f3n en Rack Incluido<\/li>\r\n<\/ul>\r\n<\/div>\r\n<\/div>\r\n<div class=\"ipWidget ipWidget-Heading ipSkin-default\">\r\n<h4 class=\"_title\">Bajar la Ficha del Producto:<\/h4>\r\n<\/div>\r\n<div class=\"ipWidget ipWidget-Heading ipSkin-default\">\r\n<ul>\r\n<li>\r\n<h2><a href=\"https:\/\/etherpower.net\/new\/wp-content\/uploads\/2019\/04\/Flyer-SUN-2242.pdf\" target=\"_blank\" rel=\"noopener\">Flyer SUN-2242<\/a><\/h2>\r\n<\/li>\r\n<\/ul>\r\n<h4 class=\"_title\">Manual del Equipo :<\/h4>\r\n<\/div>\r\n<div class=\"ipWidget ipWidget-File ipSkin-default\">\r\n<ul>\r\n<li>\r\n<h2><a href=\"https:\/\/etherpower.net\/new\/wp-content\/uploads\/2019\/03\/SUN-2242-user-manual-v1.1.pdf\" target=\"_blank\" rel=\"noopener\">Manual SUN-2242<\/a><\/h2>\r\n<\/li>\r\n<\/ul>\r\n<h4 class=\"_title\"><a href=\"https:\/\/etherpower.net\/new\/wp-content\/uploads\/2024\/10\/Flyer_Sensores_B.pdf\" target=\"_blank\" rel=\"noopener\">Sensores&nbsp;<\/a> &nbsp; &nbsp;<a href=\"https:\/\/etherpower.net\/new\/wp-content\/uploads\/2024\/10\/Flyer_Detectores_B.pdf\" target=\"_blank\" rel=\"noopener\">Detectores<\/a><\/h4>\r\n<\/div>\r\n\r\n<figure class=\"wp-block-embed is-type-video is-provider-youtube wp-block-embed-youtube wp-embed-aspect-16-9 wp-has-aspect-ratio\">\r\n<div class=\"wp-block-embed__wrapper\">\r\n<p><iframe loading=\"lazy\" title=\"SUN 2232 Pres\" width=\"584\" height=\"329\" src=\"https:\/\/www.youtube.com\/embed\/LWkF0EQezdk?feature=oembed\" frameborder=\"0\" allow=\"accelerometer; autoplay; clipboard-write; encrypted-media; gyroscope; picture-in-picture; web-share\" referrerpolicy=\"strict-origin-when-cross-origin\" allowfullscreen><\/iframe><\/p>\r\n<p><img loading=\"lazy\" decoding=\"async\" class=\"alignnone wp-image-2079 size-full\" src=\"https:\/\/etherpower.net\/new\/wp-content\/uploads\/2024\/12\/EJEMPLO_SOLUCION_DATACENTER_SUN_2242_01_2.jpg\" alt=\"\" width=\"431\" height=\"400\" srcset=\"https:\/\/etherpower.net\/new\/wp-content\/uploads\/2024\/12\/EJEMPLO_SOLUCION_DATACENTER_SUN_2242_01_2.jpg 431w, https:\/\/etherpower.net\/new\/wp-content\/uploads\/2024\/12\/EJEMPLO_SOLUCION_DATACENTER_SUN_2242_01_2-300x278.jpg 300w\" sizes=\"auto, (max-width: 431px) 100vw, 431px\" \/><\/p>\r\n<\/div>\r\n<\/figure>\r\n","protected":false},"excerpt":{"rendered":"<p>&nbsp; CLICK AQUI PARA IR AL NUEVO MODELO SUN-2242N Equipo Etherpower&nbsp;para monitoreo en CPD ( Centro de Procesamiento de Datos ). Pensado para monitorear temperatura , humedad y otras condiciones de seguridad f\u00edsica en un Datacenter o un Rack 19&#8243;. Es tambi\u00e9n utilizado en Monitoreo Industrial ( Procesos, Cadena de<a href=\"https:\/\/etherpower.net\/new\/sun-2242\/\" class=\"read-more\">Read More<\/a><\/p>\n","protected":false},"author":1,"featured_media":0,"parent":0,"menu_order":0,"comment_status":"closed","ping_status":"closed","template":"","meta":{"ngg_post_thumbnail":0,"footnotes":""},"class_list":["post-1656","page","type-page","status-publish","hentry"],"_links":{"self":[{"href":"https:\/\/etherpower.net\/new\/wp-json\/wp\/v2\/pages\/1656","targetHints":{"allow":["GET"]}}],"collection":[{"href":"https:\/\/etherpower.net\/new\/wp-json\/wp\/v2\/pages"}],"about":[{"href":"https:\/\/etherpower.net\/new\/wp-json\/wp\/v2\/types\/page"}],"author":[{"embeddable":true,"href":"https:\/\/etherpower.net\/new\/wp-json\/wp\/v2\/users\/1"}],"replies":[{"embeddable":true,"href":"https:\/\/etherpower.net\/new\/wp-json\/wp\/v2\/comments?post=1656"}],"version-history":[{"count":4,"href":"https:\/\/etherpower.net\/new\/wp-json\/wp\/v2\/pages\/1656\/revisions"}],"predecessor-version":[{"id":2637,"href":"https:\/\/etherpower.net\/new\/wp-json\/wp\/v2\/pages\/1656\/revisions\/2637"}],"wp:attachment":[{"href":"https:\/\/etherpower.net\/new\/wp-json\/wp\/v2\/media?parent=1656"}],"curies":[{"name":"wp","href":"https:\/\/api.w.org\/{rel}","templated":true}]}}