{"id":2177,"date":"2025-05-05T09:43:32","date_gmt":"2025-05-05T15:43:32","guid":{"rendered":"https:\/\/etherpower.net\/new\/?page_id=2177"},"modified":"2025-05-05T09:50:14","modified_gmt":"2025-05-05T15:50:14","slug":"casos-de-uso","status":"publish","type":"page","link":"https:\/\/etherpower.net\/new\/casos-de-uso\/","title":{"rendered":"Casos de Uso"},"content":{"rendered":"<p><b>CODERE optimiza el monitoreo ambiental de sus datacenters en Argentina<\/b><\/p>\n<p><span style=\"font-weight: 400;\">La multinacional CODERE incorpor\u00f3 10 equipos Etherpower Poseidon para sus centros de datos ubicados en salas de bingo en todo el pa\u00eds. Cada unidad fue equipada con sensores de temperatura, humedad, detecci\u00f3n de fugas bajo piso t\u00e9cnico, apertura de puertas, humo y corte el\u00e9ctrico. Gracias a la integraci\u00f3n mediante protocolo SNMP, el monitoreo de todas las variables ambientales se centraliz\u00f3 en una sola interfaz, facilitando su visualizaci\u00f3n y gesti\u00f3n. Tanto la provisi\u00f3n de los equipos como la implementaci\u00f3n llave en mano en Argentina fue realizada por ETHERPOWER S.R.L., asegurando una soluci\u00f3n completa y eficiente para el control ambiental de los datacenters.<\/span><\/p>\n<p><b>HSBC Argentina refuerza el monitoreo de sus racks en el datacenter de Telecom<\/b><\/p>\n<p><span style=\"font-weight: 400;\">Con el objetivo de controlar las prestaciones del servicio de housing en Telecom y proteger la valiosa informaci\u00f3n financiera que procesan sus servidores y sistemas de almacenamiento, HSBC Argentina implement\u00f3 equipos Etherpower SUN-22 y MOON-22 en su infraestructura cr\u00edtica. La soluci\u00f3n permite el monitoreo de consumo el\u00e9ctrico por rack, temperatura y humedad interna y externa, tensi\u00f3n de suministro y apertura de puertas. Gracias a esta implementaci\u00f3n, el banco logr\u00f3 una visibilidad integral y en tiempo real de sus recursos. La provisi\u00f3n e instalaci\u00f3n llave en mano fue realizada por ETHERPOWER S.R.L.<\/span><\/p>\n<p><b>Supermercados Libertad fortalece el control ambiental y de cadena de fr\u00edo en sus instalaciones<\/b><\/p>\n<p><span style=\"font-weight: 400;\">La reconocida cadena de hipermercados Supermercados Libertad incorpor\u00f3 soluciones de monitoreo remoto de HWGroup, representada en Argentina por ETHERPOWER S.R.L., para optimizar el control de la cadena de fr\u00edo y el monitoreo ambiental en sus cuartos de servidores distribuidos por todo el pa\u00eds. Gracias a esta implementaci\u00f3n, la empresa logr\u00f3 asegurar condiciones \u00f3ptimas tanto para la conservaci\u00f3n de productos como para la operaci\u00f3n de su infraestructura tecnol\u00f3gica cr\u00edtica.<\/span><\/p>\n<p><b>Hospital de Pediatr\u00eda GARRAHAN asegura la cadena de fr\u00edo en sus heladeras de medicamentos<\/b><\/p>\n<p><span style=\"font-weight: 400;\">El Hospital de Pediatr\u00eda GARRAHAN adquiri\u00f3 equipos Etherpower Poseidon para monitorear las heladeras de medicamentos cr\u00edticas en sus instalaciones. Esta soluci\u00f3n fue implementada para garantizar la adecuada cadena de fr\u00edo en laboratorios, farmacias y \u00e1reas hospitalarias, protegiendo la salud de los pacientes. El principal desaf\u00edo del hospital era la interrupci\u00f3n del suministro el\u00e9ctrico, lo que obligaba al descarte de medicamentos refrigerados y generaba p\u00e9rdidas significativas de insumos, retrasos en la reposici\u00f3n y en la entrega a los pacientes. Gracias a la implementaci\u00f3n de los equipos, el hospital logr\u00f3 mejorar la gesti\u00f3n de la cadena de fr\u00edo, reduciendo riesgos y costos asociados.<\/span><\/p>\n<p><b>NSS SA \/ IPLAN monitorea condiciones ambientales cr\u00edticas en sus Centros de Datos<\/b><b><br \/>\n<\/b><span style=\"font-weight: 400;\"> La empresa NSS SA \/ IPLAN incorpor\u00f3 equipos Etherpower de la l\u00ednea HW Group para monitorear temperatura y humedad en sus Centros de Datos. Esta soluci\u00f3n fue implementada para asegurar condiciones de operaci\u00f3n estables que garanticen la continuidad de sus servicios de infraestructura tecnol\u00f3gica.<\/span><\/p>\n<p><span style=\"font-weight: 400;\">El monitoreo se realiza en tiempo real a trav\u00e9s de una interfaz web, con env\u00edo autom\u00e1tico de alertas por correo electr\u00f3nico a los responsables de tecnolog\u00eda y mantenimiento ante cualquier desv\u00edo de los par\u00e1metros establecidos. La escalabilidad fue un factor clave del proyecto: comenzaron con pocos equipos y, a medida que avanz\u00f3 la implementaci\u00f3n, sumaron nuevas unidades y sensores adicionales para completar un sistema de monitoreo integral.<\/span><\/p>\n<p><span style=\"font-weight: 400;\">Gracias a esta soluci\u00f3n, IPLAN logr\u00f3 mantener condiciones ambientales \u00f3ptimas en sus salas cr\u00edticas, mejorando la prevenci\u00f3n de fallas, la capacidad de respuesta ante incidentes y la eficiencia operativa en sus centros de datos.<\/span><\/p>\n<p><b>Molinos R\u00edo de la Plata S.A. controla procesos cr\u00edticos de envasado con soluciones Etherpower<\/b><b><br \/>\n<\/b> <span style=\"font-weight: 400;\">La empresa alimenticia Molinos R\u00edo de la Plata S.A. incorpor\u00f3 soluciones Etherpower en dos de sus plantas para el monitoreo y control de etapas clave en sus procesos de envasado. La implementaci\u00f3n permiti\u00f3 asegurar condiciones \u00f3ptimas durante la producci\u00f3n, garantizando la calidad del producto final.<\/span><\/p>\n<p><span style=\"font-weight: 400;\">Los equipos se integraron f\u00e1cilmente a sus sistemas de control y monitoreo existentes gracias a la compatibilidad con el protocolo ModBus, y destacaron por su r\u00e1pida puesta en marcha y simple configuraci\u00f3n. Esta integraci\u00f3n eficiente permiti\u00f3 a Molinos optimizar sus procesos y minimizar riesgos operativos.<\/span><\/p>\n<p><b>Embotelladora El Nayar (Coca-Cola) asegura monitoreo eficiente en sus plantas con Etherpower<\/b><b><br \/>\n<\/b><span style=\"font-weight: 400;\"> La emblem\u00e1tica embotelladora de Coca-Cola, El Nayar, en M\u00e9xico, adquiri\u00f3 una decena de equipos Etherpower modelo <\/span><b>ETHERPOWERBOX<\/b><span style=\"font-weight: 400;\"> para el monitoreo de temperatura y contacto seco en sus plantas de producci\u00f3n. La soluci\u00f3n fue elegida por su <\/span><b>r\u00e1pido tiempo de implementaci\u00f3n<\/b><span style=\"font-weight: 400;\"> y su capacidad para recibir <\/span><b>alertas por SMS, email y WhatsApp<\/b><span style=\"font-weight: 400;\"> en tiempo real ante cualquier desviaci\u00f3n de las variables medidas.<\/span><\/p>\n<p><span style=\"font-weight: 400;\">Adem\u00e1s, los equipos permiten registrar los valores monitoreados en la <\/span><b>nube<\/b><span style=\"font-weight: 400;\">, facilitando su descarga y an\u00e1lisis posterior. Esta integraci\u00f3n contribuy\u00f3 a mejorar la eficiencia operativa y a garantizar condiciones estables y seguras en los <\/span><b>procesos de producci\u00f3n que exige la marca Coca-Cola<\/b><span style=\"font-weight: 400;\">.<\/span><\/p>\n<p><b>Siemens Enterprise Communications S.A. optimiza el monitoreo de salas de servidores con soluciones Etherpower<\/b><b><br \/>\n<\/b><span style=\"font-weight: 400;\"> Siemens Enterprise Communications S.A. adquiri\u00f3 equipos y sensores de monitoreo <\/span><b>HWGroup<\/b><span style=\"font-weight: 400;\">, provistos por <\/span><b>Etherpower Argentina<\/b><span style=\"font-weight: 400;\">, para proyectos propios y de terceros. La soluci\u00f3n implementada permiti\u00f3 el monitoreo de <\/span><b>salas de servidores<\/b><span style=\"font-weight: 400;\"> mediante el protocolo <\/span><b>SNMP<\/b><span style=\"font-weight: 400;\">, asegurando el correcto funcionamiento de los equipos y condiciones de operaci\u00f3n \u00f3ptimas.<\/span><\/p>\n<p><span style=\"font-weight: 400;\">Esta implementaci\u00f3n brind\u00f3 a Siemens una <\/span><b>supervisi\u00f3n remota eficiente<\/b><span style=\"font-weight: 400;\"> y mejor\u00f3 la capacidad de respuesta ante posibles incidencias en sus infraestructuras de TI, garantizando la estabilidad y seguridad de sus servidores.<\/span><\/p>\n<p><b>Tecnol\u00f3gico de Monterrey monitorea infraestructura cr\u00edtica con equipos Etherpower<\/b><b><br \/>\n<\/b><span style=\"font-weight: 400;\"> El prestigioso Tecnol\u00f3gico de Monterrey incorpor\u00f3 equipos <\/span><b>SUN-2242<\/b><span style=\"font-weight: 400;\"> provistos por Etherpower para el monitoreo de su <\/span><b>Centro de Datos, Sala de Energ\u00eda e instalaciones de TI<\/b><span style=\"font-weight: 400;\"> distribuidas en sus edificios.<\/span><\/p>\n<p><span style=\"font-weight: 400;\">La soluci\u00f3n permite supervisar condiciones ambientales y el\u00e9ctricas de forma centralizada, mejorando la visibilidad sobre la infraestructura cr\u00edtica y fortaleciendo la gesti\u00f3n preventiva en entornos tecnol\u00f3gicos de alta demanda.<\/span><\/p>\n<p><b>Farmanet garantiza trazabilidad t\u00e9rmica en distribuci\u00f3n de medicamentos con equipos Etherpower<\/b><b><br \/>\n<\/b><span style=\"font-weight: 400;\"> Farmanet, operador log\u00edstico de laboratorios como <\/span><b>Boehringer Ingelheim, Casasco, Gador y Novartis<\/b><span style=\"font-weight: 400;\">, incorpor\u00f3 equipos <\/span><b>Poseidon<\/b><span style=\"font-weight: 400;\"> de Etherpower para el monitoreo de temperatura en sus procesos de <\/span><b>log\u00edstica y distribuci\u00f3n de medicamentos<\/b><span style=\"font-weight: 400;\">.<\/span><\/p>\n<p><span style=\"font-weight: 400;\">Auditados por <\/span><b>A.N.M.A.T.<\/b><span style=\"font-weight: 400;\">, necesitaban una soluci\u00f3n con <\/span><b>registro local (logger)<\/b><span style=\"font-weight: 400;\"> de variables t\u00e9rmicas para generar reportes hist\u00f3ricos exigidos por normativa. La soluci\u00f3n de Etherpower permiti\u00f3 cumplir con los requerimientos regulatorios y asegurar la trazabilidad t\u00e9rmica en toda la cadena de distribuci\u00f3n.<\/span><\/p>\n<p><b>Farm Frites y Simplot aseguran condiciones de supercongelado con soluciones Etherpower<\/b><b><br \/>\n<\/b><span style=\"font-weight: 400;\"> Las empresas <\/span><b>Farm Frites<\/b><span style=\"font-weight: 400;\"> y <\/span><b>Simplot<\/b><span style=\"font-weight: 400;\"> eligieron los modelos <\/span><b>EtherpowerBox<\/b><span style=\"font-weight: 400;\"> de Etherpower para el <\/span><b>monitoreo de c\u00e1maras de supercongelado<\/b><span style=\"font-weight: 400;\"> en sus instalaciones.<\/span><\/p>\n<p><span style=\"font-weight: 400;\">La soluci\u00f3n permite asegurar que los productos se mantengan dentro de los rangos t\u00e9rmicos requeridos, preservando su calidad y cumpliendo con los est\u00e1ndares de conservaci\u00f3n exigidos en la industria alimenticia.<\/span><\/p>\n<p><b>INVAP incorpora soluciones Etherpower en proyectos tecnol\u00f3gicos de alta complejidad<\/b><b><br \/>\n<\/b> <b>INVAP<\/b><span style=\"font-weight: 400;\">, empresa l\u00edder en desarrollo tecnol\u00f3gico a nivel mundial, eligi\u00f3 equipos <\/span><b>HWGroup<\/b><span style=\"font-weight: 400;\"> y sensores <\/span><b>Etherpower<\/b><span style=\"font-weight: 400;\"> para diversos proyectos en \u00e1reas como <\/span><b>nuclear, defensa, espacial y sistemas m\u00e9dicos<\/b><span style=\"font-weight: 400;\">.<\/span><\/p>\n<p><span style=\"font-weight: 400;\">Las soluciones de monitoreo fueron integradas en entornos cr\u00edticos que exigen <\/span><b>alta confiabilidad<\/b><span style=\"font-weight: 400;\">, aportando datos precisos y capacidad de supervisi\u00f3n remota en tiempo real. Etherpower contribuye as\u00ed al fortalecimiento de proyectos estrat\u00e9gicos desarrollados por INVAP en Argentina y el mundo.<\/span><\/p>\n<p><b>Pampa Energ\u00eda monitorea infraestructura cr\u00edtica con soluciones Etherpower<\/b><b><br \/>\n<\/b> <b>Pampa Energ\u00eda S.A.<\/b><span style=\"font-weight: 400;\">, la empresa de energ\u00eda independiente m\u00e1s grande de Argentina, con participaci\u00f3n en toda la cadena de valor de la <\/span><b>electricidad y el petr\u00f3leo y gas<\/b><span style=\"font-weight: 400;\">, adquiri\u00f3 <\/span><b>16 equipos SUN-2242<\/b><span style=\"font-weight: 400;\">, desarrollados y provistos por <\/span><b>Etherpower<\/b><span style=\"font-weight: 400;\">.<\/span><\/p>\n<p><span style=\"font-weight: 400;\">Los dispositivos fueron instalados para el <\/span><b>monitoreo de temperatura y humedad<\/b><span style=\"font-weight: 400;\"> en <\/span><b>cuartos de TI<\/b><span style=\"font-weight: 400;\"> y en <\/span><b>puntos cr\u00edticos de media y alta tensi\u00f3n<\/b><span style=\"font-weight: 400;\">, mejorando el control ambiental en \u00e1reas sensibles y reforzando la prevenci\u00f3n de fallas en infraestructura energ\u00e9tica clave.<\/span><\/p>\n","protected":false},"excerpt":{"rendered":"<p>CODERE optimiza el monitoreo ambiental de sus datacenters en Argentina La multinacional CODERE incorpor\u00f3 10 equipos Etherpower Poseidon para sus centros de datos ubicados en salas de bingo en todo el pa\u00eds. Cada unidad fue equipada con sensores de temperatura, humedad, detecci\u00f3n de fugas bajo piso t\u00e9cnico, apertura de puertas,<a href=\"https:\/\/etherpower.net\/new\/casos-de-uso\/\" class=\"read-more\">Read More<\/a><\/p>\n","protected":false},"author":1,"featured_media":0,"parent":0,"menu_order":0,"comment_status":"closed","ping_status":"closed","template":"","meta":{"ngg_post_thumbnail":0,"footnotes":""},"class_list":["post-2177","page","type-page","status-publish","hentry"],"_links":{"self":[{"href":"https:\/\/etherpower.net\/new\/wp-json\/wp\/v2\/pages\/2177","targetHints":{"allow":["GET"]}}],"collection":[{"href":"https:\/\/etherpower.net\/new\/wp-json\/wp\/v2\/pages"}],"about":[{"href":"https:\/\/etherpower.net\/new\/wp-json\/wp\/v2\/types\/page"}],"author":[{"embeddable":true,"href":"https:\/\/etherpower.net\/new\/wp-json\/wp\/v2\/users\/1"}],"replies":[{"embeddable":true,"href":"https:\/\/etherpower.net\/new\/wp-json\/wp\/v2\/comments?post=2177"}],"version-history":[{"count":2,"href":"https:\/\/etherpower.net\/new\/wp-json\/wp\/v2\/pages\/2177\/revisions"}],"predecessor-version":[{"id":2179,"href":"https:\/\/etherpower.net\/new\/wp-json\/wp\/v2\/pages\/2177\/revisions\/2179"}],"wp:attachment":[{"href":"https:\/\/etherpower.net\/new\/wp-json\/wp\/v2\/media?parent=2177"}],"curies":[{"name":"wp","href":"https:\/\/api.w.org\/{rel}","templated":true}]}}