{"id":2333,"date":"2025-08-28T07:54:39","date_gmt":"2025-08-28T13:54:39","guid":{"rendered":"https:\/\/etherpower.net\/new\/?page_id=2333"},"modified":"2025-08-28T07:57:24","modified_gmt":"2025-08-28T13:57:24","slug":"sms-gw3-lte-lte-gateway-para-equipos-hwg","status":"publish","type":"page","link":"https:\/\/etherpower.net\/new\/sms-gw3-lte-lte-gateway-para-equipos-hwg\/","title":{"rendered":"SMS-GW3 LTE: LTE gateway para equipos HWg"},"content":{"rendered":"<p><img loading=\"lazy\" decoding=\"async\" class=\"alignnone size-medium wp-image-2334\" src=\"https:\/\/etherpower.net\/new\/wp-content\/uploads\/2025\/08\/sms-gw3lte-300x233.png\" alt=\"\" width=\"300\" height=\"233\" srcset=\"https:\/\/etherpower.net\/new\/wp-content\/uploads\/2025\/08\/sms-gw3lte-300x233.png 300w, https:\/\/etherpower.net\/new\/wp-content\/uploads\/2025\/08\/sms-gw3lte-600x465.png 600w, https:\/\/etherpower.net\/new\/wp-content\/uploads\/2025\/08\/sms-gw3lte-1024x794.png 1024w, https:\/\/etherpower.net\/new\/wp-content\/uploads\/2025\/08\/sms-gw3lte-768x596.png 768w, https:\/\/etherpower.net\/new\/wp-content\/uploads\/2025\/08\/sms-gw3lte-1536x1191.png 1536w, https:\/\/etherpower.net\/new\/wp-content\/uploads\/2025\/08\/sms-gw3lte.png 1547w\" sizes=\"auto, (max-width: 300px) 100vw, 300px\" \/><\/p>\n<p data-start=\"109\" data-end=\"514\"><strong data-start=\"109\" data-end=\"125\">Device-to-GW<\/strong><br data-start=\"125\" data-end=\"128\">Los clientes con dispositivos de monitoreo HWg pueden utilizar un \u00fanico SMS-GW para las alertas. Varios equipos HWg (term\u00f3metros LAN, medidores de energ\u00eda, etc.) pueden conectarse a un mismo SMS-GW para enviar alarmas (SMS\/llamadas de voz) a diferentes n\u00fameros de tel\u00e9fono. No se requiere software adicional y funciona en la red local utilizando comunicaci\u00f3n Box-2-Box (Peer-to-Peer).<\/p>\n<p data-start=\"516\" data-end=\"538\"><strong data-start=\"516\" data-end=\"536\">Caracter\u00edsticas:<\/strong><\/p>\n<ul data-start=\"539\" data-end=\"1077\">\n<li data-start=\"539\" data-end=\"586\">\n<p data-start=\"541\" data-end=\"586\">Conectividad: Ethernet (10\/100 Mbit\/s), LTE<\/p>\n<\/li>\n<li data-start=\"587\" data-end=\"641\">\n<p data-start=\"589\" data-end=\"641\">Antena LTE: externa con cable de 3 m, conector SMA<\/p>\n<\/li>\n<li data-start=\"642\" data-end=\"708\">\n<p data-start=\"644\" data-end=\"708\">Memoria interna para cola de SMS salientes: hasta 100 mensajes<\/p>\n<\/li>\n<li data-start=\"709\" data-end=\"766\">\n<p data-start=\"711\" data-end=\"766\">SMS\/llamadas GW para todos los dispositivos HWg (RME)<\/p>\n<\/li>\n<li data-start=\"767\" data-end=\"815\">\n<p data-start=\"769\" data-end=\"815\">SMS\/llamadas GW para cualquier software SNMP<\/p>\n<\/li>\n<li data-start=\"816\" data-end=\"867\">\n<p data-start=\"818\" data-end=\"867\">SMS\/llamadas GW para NAGIOS (plugin de NETWAYS)<\/p>\n<\/li>\n<li data-start=\"868\" data-end=\"915\">\n<p data-start=\"870\" data-end=\"915\">API abierta: SNMP, XML, netGSM (http, SOAP)<\/p>\n<\/li>\n<li data-start=\"916\" data-end=\"1011\">\n<p data-start=\"918\" data-end=\"1011\">Compatible con la funci\u00f3n <strong data-start=\"944\" data-end=\"960\">\u201cSMS + Ring\u201d<\/strong>, para notificaciones combinadas de SMS y llamada<\/p>\n<\/li>\n<li data-start=\"1012\" data-end=\"1077\">\n<p data-start=\"1014\" data-end=\"1077\">Dimensiones: 76 \u00d7 93 \u00d7 28 mm, montable en pared o en riel DIN<\/p>\n<\/li>\n<\/ul>\n<p data-start=\"1079\" data-end=\"1105\"><strong data-start=\"1079\" data-end=\"1103\">Aplicaciones y usos:<\/strong><\/p>\n<ul data-start=\"1106\" data-end=\"1346\">\n<li data-start=\"1106\" data-end=\"1181\">\n<p data-start=\"1108\" data-end=\"1181\">Gateway SMS \u00fanico para toda la red, con configuraci\u00f3n sencilla v\u00eda web.<\/p>\n<\/li>\n<li data-start=\"1182\" data-end=\"1249\">\n<p data-start=\"1184\" data-end=\"1249\">Env\u00edo de mensajes de texto sin necesidad de software adicional.<\/p>\n<\/li>\n<li data-start=\"1250\" data-end=\"1346\">\n<p data-start=\"1252\" data-end=\"1346\">Configuraci\u00f3n del n\u00famero de tel\u00e9fono del destinatario directamente en el dispositivo emisor.<\/p>\n<\/li>\n<\/ul>\n<p>&nbsp;<\/p>\n<p><a href=\"https:\/\/etherpower.net\/new\/wp-content\/uploads\/2025\/08\/gw3-lte_19-8-21_en-1.pdf\" target=\"_blank\" rel=\"noopener\">Bajar Folleto del Equipo<\/a>&nbsp;&nbsp;<\/p>\n<p>&nbsp;<\/p>\n<p><img loading=\"lazy\" decoding=\"async\" class=\"alignnone wp-image-2335 size-large\" src=\"https:\/\/etherpower.net\/new\/wp-content\/uploads\/2025\/08\/fp-sms-gwlteglobal-1024x576.png\" alt=\"\" width=\"584\" height=\"329\" srcset=\"https:\/\/etherpower.net\/new\/wp-content\/uploads\/2025\/08\/fp-sms-gwlteglobal-1024x576.png 1024w, https:\/\/etherpower.net\/new\/wp-content\/uploads\/2025\/08\/fp-sms-gwlteglobal-600x338.png 600w, https:\/\/etherpower.net\/new\/wp-content\/uploads\/2025\/08\/fp-sms-gwlteglobal-300x169.png 300w, https:\/\/etherpower.net\/new\/wp-content\/uploads\/2025\/08\/fp-sms-gwlteglobal-768x432.png 768w, https:\/\/etherpower.net\/new\/wp-content\/uploads\/2025\/08\/fp-sms-gwlteglobal-1536x864.png 1536w, https:\/\/etherpower.net\/new\/wp-content\/uploads\/2025\/08\/fp-sms-gwlteglobal.png 1600w\" sizes=\"auto, (max-width: 584px) 100vw, 584px\" \/><\/p>\n<p>&nbsp;<\/p>\n","protected":false},"excerpt":{"rendered":"<p>Device-to-GWLos clientes con dispositivos de monitoreo HWg pueden utilizar un \u00fanico SMS-GW para las alertas. Varios equipos HWg (term\u00f3metros LAN, medidores de energ\u00eda, etc.) pueden conectarse a un mismo SMS-GW para enviar alarmas (SMS\/llamadas de voz) a diferentes n\u00fameros de tel\u00e9fono. No se requiere software adicional y funciona en la<a href=\"https:\/\/etherpower.net\/new\/sms-gw3-lte-lte-gateway-para-equipos-hwg\/\" class=\"read-more\">Read More<\/a><\/p>\n","protected":false},"author":1,"featured_media":0,"parent":0,"menu_order":0,"comment_status":"closed","ping_status":"closed","template":"","meta":{"ngg_post_thumbnail":0,"footnotes":""},"class_list":["post-2333","page","type-page","status-publish","hentry"],"_links":{"self":[{"href":"https:\/\/etherpower.net\/new\/wp-json\/wp\/v2\/pages\/2333","targetHints":{"allow":["GET"]}}],"collection":[{"href":"https:\/\/etherpower.net\/new\/wp-json\/wp\/v2\/pages"}],"about":[{"href":"https:\/\/etherpower.net\/new\/wp-json\/wp\/v2\/types\/page"}],"author":[{"embeddable":true,"href":"https:\/\/etherpower.net\/new\/wp-json\/wp\/v2\/users\/1"}],"replies":[{"embeddable":true,"href":"https:\/\/etherpower.net\/new\/wp-json\/wp\/v2\/comments?post=2333"}],"version-history":[{"count":2,"href":"https:\/\/etherpower.net\/new\/wp-json\/wp\/v2\/pages\/2333\/revisions"}],"predecessor-version":[{"id":2339,"href":"https:\/\/etherpower.net\/new\/wp-json\/wp\/v2\/pages\/2333\/revisions\/2339"}],"wp:attachment":[{"href":"https:\/\/etherpower.net\/new\/wp-json\/wp\/v2\/media?parent=2333"}],"curies":[{"name":"wp","href":"https:\/\/api.w.org\/{rel}","templated":true}]}}