{"id":2435,"date":"2025-09-15T11:06:24","date_gmt":"2025-09-15T17:06:24","guid":{"rendered":"https:\/\/etherpower.net\/new\/?page_id=2435"},"modified":"2025-09-15T11:44:03","modified_gmt":"2025-09-15T17:44:03","slug":"newsletter","status":"publish","type":"page","link":"https:\/\/etherpower.net\/new\/newsletter\/","title":{"rendered":"newsletter"},"content":{"rendered":"<p><!-- P\u00e1gina Newsletter Etherpower --><\/p>\n<p><!-- Encabezado principal --><\/p>\n<h1>Newsletter Etherpower<\/h1>\n<p><!-- Secci\u00f3n de suscripci\u00f3n --><\/p>\n<p>Para recibir nuestros boletines, env\u00edanos un correo a<br \/>\n   <a href=\"mailto:newsletter@etherpower.net?subject=newsletter\"><br \/>\n   newsletter@etherpower.net<\/a><br \/>\n   con el asunto <strong>\u201cnewsletter\u201d<\/strong> y empezar\u00e1s a recibirlos.<\/p>\n<p><!-- Secci\u00f3n de newsletters ya enviados --><\/p>\n<h2>Newsletter ya enviados<\/h2>\n<p>A continuaci\u00f3n encontrar\u00e1s todos los boletines anteriores. Haz clic en el t\u00edtulo para leer cada newsletter completo:<\/p>\n<ul class=\"display-posts-listing\"><li class=\"listing-item\"><a class=\"title\" href=\"https:\/\/etherpower.net\/new\/monitoreo-en-la-nube-vs-snmp-local-cual-conviene-en-cada-caso\/\">Monitoreo en la nube vs SNMP local: \u00bfcu\u00e1l conviene en cada caso?<\/a> <span class=\"date\">(4\/10\/2026)<\/span> <span class=\"excerpt-dash\">-<\/span> <span class=\"excerpt\">&nbsp; En los \u00faltimos a\u00f1os, muchas empresas empezaron a replantearse c\u00f3mo monitorean su infraestructura. Y aparece una pregunta bastante com\u00fan: \ud83d\udc49 \u00bfConviene ir a un sistema en la nube (plug &amp; play) o seguir con monitoreo SNMP en red local? La respuesta corta: depende del contexto. La respuesta \u00fatil: entender<a href=\"https:\/\/etherpower.net\/new\/monitoreo-en-la-nube-vs-snmp-local-cual-conviene-en-cada-caso\/\" class=\"read-more\">Read More<\/a><\/span><\/li><li class=\"listing-item\"><a class=\"title\" href=\"https:\/\/etherpower.net\/new\/snmp-traps-vs-polling-que-conviene-en-monitoreo-fisico\/\">SNMP traps vs polling: qu\u00e9 conviene en monitoreo f\u00edsico<\/a> <span class=\"date\">(3\/20\/2026)<\/span> <span class=\"excerpt-dash\">-<\/span> <span class=\"excerpt\">SNMP traps vs polling: qu\u00e9 conviene en monitoreo f\u00edsico En monitoreo, no todo es \u201cleer datos\u201d. La forma en que esos datos llegan define si reaccion\u00e1s a tiempo\u2026 o tarde. Muchos sistemas siguen bas\u00e1ndose en polling: consultar peri\u00f3dicamente a cada equipo para ver si algo cambi\u00f3. Funciona, pero tiene limitaciones<a href=\"https:\/\/etherpower.net\/new\/snmp-traps-vs-polling-que-conviene-en-monitoreo-fisico\/\" class=\"read-more\">Read More<\/a><\/span><\/li><li class=\"listing-item\"><a class=\"title\" href=\"https:\/\/etherpower.net\/new\/ver-un-numero-no-es-monitorear\/\">Ver un n\u00famero no es monitorear<\/a> <span class=\"date\">(3\/6\/2026)<\/span> <span class=\"excerpt-dash\">-<\/span> <span class=\"excerpt\">Telemetr\u00eda vs monitoreo: una diferencia clave en infraestructura En muchas salas de servidores peque\u00f1as o instalaciones t\u00e9cnicas todav\u00eda es com\u00fan encontrar un simple term\u00f3metro digital de pared. Ese dispositivo entrega informaci\u00f3n. Muestra un n\u00famero. Eso es telemetr\u00eda. La telemetr\u00eda consiste en medir una variable y entregar el valor de un<a href=\"https:\/\/etherpower.net\/new\/ver-un-numero-no-es-monitorear\/\" class=\"read-more\">Read More<\/a><\/span><\/li><li class=\"listing-item\"><a class=\"title\" href=\"https:\/\/etherpower.net\/new\/cadena-de-frio-monitoreo-inteligente-para-evitar-falsas-alarmas-y-perdidas-reales\/\">Cadena de fr\u00edo: monitoreo inteligente para evitar falsas alarmas y p\u00e9rdidas reales<\/a> <span class=\"date\">(1\/19\/2026)<\/span> <span class=\"excerpt-dash\">-<\/span> <span class=\"excerpt\">La cadena de fr\u00edo es mucho m\u00e1s que medir temperatura. Un monitoreo mal dise\u00f1ado puede generar falsas alarmas, decisiones incorrectas y, parad\u00f3jicamente, ocultar los problemas reales. En este newsletter compartimos buenas pr\u00e1cticas clave para lograr un control confiable de c\u00e1maras de fr\u00edo industriales. 1) Ubicaci\u00f3n correcta de los sensores: el<a href=\"https:\/\/etherpower.net\/new\/cadena-de-frio-monitoreo-inteligente-para-evitar-falsas-alarmas-y-perdidas-reales\/\" class=\"read-more\">Read More<\/a><\/span><\/li><li class=\"listing-item\"><a class=\"title\" href=\"https:\/\/etherpower.net\/new\/auditorias-de-datacenter-lo-que-el-auditor-mira-y-casi-nadie-registra\/\">Auditor\u00edas de datacenter: lo que el auditor mira y casi nadie registra<\/a> <span class=\"date\">(1\/9\/2026)<\/span> <span class=\"excerpt-dash\">-<\/span> <span class=\"excerpt\">Cumplimiento y auditor\u00edas en datacenters: lo que el auditor pide y casi nadie prepara Cuando se acerca una auditor\u00eda de datacenter (interna, de cliente o de certificaci\u00f3n), la mayor\u00eda de los equipos piensa primero en documentaci\u00f3n. Sin embargo, en la pr\u00e1ctica, muchos desv\u00edos no aparecen por falta de pol\u00edticas, sino<a href=\"https:\/\/etherpower.net\/new\/auditorias-de-datacenter-lo-que-el-auditor-mira-y-casi-nadie-registra\/\" class=\"read-more\">Read More<\/a><\/span><\/li><li class=\"listing-item\"><a class=\"title\" href=\"https:\/\/etherpower.net\/new\/no-todo-iot-es-igual-cuando-el-contexto-define-la-tecnologia\/\">No todo IoT es igual: cuando el contexto define la tecnolog\u00eda<\/a> <span class=\"date\">(12\/30\/2025)<\/span> <span class=\"excerpt-dash\">-<\/span> <span class=\"excerpt\">&nbsp; En el mundo actual, donde la tecnolog\u00eda IoT est\u00e1 al alcance de todos, es f\u00e1cil caer en comparaciones que, aunque parecen l\u00f3gicas a simple vista, no lo son desde el punto de vista t\u00e9cnico, operativo ni patrimonial. No es lo mismo un equipo robusto, basado en sistemas embebidos industriales,<a href=\"https:\/\/etherpower.net\/new\/no-todo-iot-es-igual-cuando-el-contexto-define-la-tecnologia\/\" class=\"read-more\">Read More<\/a><\/span><\/li><li class=\"listing-item\"><a class=\"title\" href=\"https:\/\/etherpower.net\/new\/cuando-todo-esta-monitoreado-pero-igual-perdemos-el-control\/\">Cuando todo est\u00e1 monitoreado\u2026 pero igual perdemos el control<\/a> <span class=\"date\">(12\/9\/2025)<\/span> <span class=\"excerpt-dash\">-<\/span> <span class=\"excerpt\">Cuando todo est\u00e1 monitoreado\u2026 pero igual perdemos el control Hoy en cualquier empresa, sin importar el tama\u00f1o, el responsable de tecnolog\u00eda se encuentra frente a una situaci\u00f3n parad\u00f3jica: nunca tuvimos tantos datos, tantas m\u00e9tricas, tantas herramientas de monitoreo, y sin embargo la sensaci\u00f3n general es que estamos menos controlados que<a href=\"https:\/\/etherpower.net\/new\/cuando-todo-esta-monitoreado-pero-igual-perdemos-el-control\/\" class=\"read-more\">Read More<\/a><\/span><\/li><li class=\"listing-item\"><a class=\"title\" href=\"https:\/\/etherpower.net\/new\/etherpower-aporta-tecnologia-al-sistema-p25-de-la-provincia-de-buenos-aires\/\">Etherpower aporta tecnolog\u00eda al sistema P25 de la Provincia de Buenos Aires<\/a> <span class=\"date\">(11\/29\/2025)<\/span> <span class=\"excerpt-dash\">-<\/span> <span class=\"excerpt\">Etherpower en la red P25 de la Provincia de Buenos Aires M\u00f3dulos SUN-2242 formando parte de la infraestructura cr\u00edtica implementada por Motorola Solutions. Un proyecto provincial de comunicaciones de misi\u00f3n cr\u00edtica El Ministerio de Seguridad de la Provincia de Buenos Aires despleg\u00f3, junto a Motorola Solutions, un sistema de radiocomunicaciones<a href=\"https:\/\/etherpower.net\/new\/etherpower-aporta-tecnologia-al-sistema-p25-de-la-provincia-de-buenos-aires\/\" class=\"read-more\">Read More<\/a><\/span><\/li><li class=\"listing-item\"><a class=\"title\" href=\"https:\/\/etherpower.net\/new\/impacto-real-del-monitoreo-remoto-en-operaciones-criticas\/\">Impacto real del monitoreo remoto en operaciones cr\u00edticas<\/a> <span class=\"date\">(11\/27\/2025)<\/span> <span class=\"excerpt-dash\">-<\/span> <span class=\"excerpt\">Casos reales de fallas evitadas gracias al monitoreo remoto Desde 2005, Etherpower ha acompa\u00f1ado a empresas de IT e infraestructura cr\u00edtica a prevenir incidentes antes de que se conviertan en paradas operativas. No siempre se trata de fallas complejas: la mayor\u00eda de los problemas m\u00e1s costosos empiezan por eventos simples<a href=\"https:\/\/etherpower.net\/new\/impacto-real-del-monitoreo-remoto-en-operaciones-criticas\/\" class=\"read-more\">Read More<\/a><\/span><\/li><li class=\"listing-item\"><a class=\"title\" href=\"https:\/\/etherpower.net\/new\/rmm-fisico-para-it-sumando-alertas-del-entorno-fisico\/\">RMM f\u00edsico para IT: sumando alertas del entorno f\u00edsico<\/a> <span class=\"date\">(11\/18\/2025)<\/span> <span class=\"excerpt-dash\">-<\/span> <span class=\"excerpt\">Cuando el problema no est\u00e1 en el servidor: RMM f\u00edsico para salas IT misi\u00f3n cr\u00edtica En la mayor\u00eda de los entornos IT monitoreamos servidores, switches, firewalls y servicios 24&#215;7. Sin embargo, muchas veces el incidente no se origina en el software, sino en el entorno f\u00edsico: temperatura, energ\u00eda, puertas, agua,<a href=\"https:\/\/etherpower.net\/new\/rmm-fisico-para-it-sumando-alertas-del-entorno-fisico\/\" class=\"read-more\">Read More<\/a><\/span><\/li><\/ul>\n","protected":false},"excerpt":{"rendered":"<p>Newsletter Etherpower Para recibir nuestros boletines, env\u00edanos un correo a newsletter@etherpower.net con el asunto \u201cnewsletter\u201d y empezar\u00e1s a recibirlos. Newsletter ya enviados A continuaci\u00f3n encontrar\u00e1s todos los boletines anteriores. Haz clic en el t\u00edtulo para leer cada newsletter completo:<\/p>\n","protected":false},"author":1,"featured_media":0,"parent":0,"menu_order":0,"comment_status":"closed","ping_status":"closed","template":"","meta":{"ngg_post_thumbnail":0,"footnotes":""},"class_list":["post-2435","page","type-page","status-publish","hentry"],"_links":{"self":[{"href":"https:\/\/etherpower.net\/new\/wp-json\/wp\/v2\/pages\/2435","targetHints":{"allow":["GET"]}}],"collection":[{"href":"https:\/\/etherpower.net\/new\/wp-json\/wp\/v2\/pages"}],"about":[{"href":"https:\/\/etherpower.net\/new\/wp-json\/wp\/v2\/types\/page"}],"author":[{"embeddable":true,"href":"https:\/\/etherpower.net\/new\/wp-json\/wp\/v2\/users\/1"}],"replies":[{"embeddable":true,"href":"https:\/\/etherpower.net\/new\/wp-json\/wp\/v2\/comments?post=2435"}],"version-history":[{"count":6,"href":"https:\/\/etherpower.net\/new\/wp-json\/wp\/v2\/pages\/2435\/revisions"}],"predecessor-version":[{"id":2443,"href":"https:\/\/etherpower.net\/new\/wp-json\/wp\/v2\/pages\/2435\/revisions\/2443"}],"wp:attachment":[{"href":"https:\/\/etherpower.net\/new\/wp-json\/wp\/v2\/media?parent=2435"}],"curies":[{"name":"wp","href":"https:\/\/api.w.org\/{rel}","templated":true}]}}