{"id":2562,"date":"2025-10-27T10:54:40","date_gmt":"2025-10-27T16:54:40","guid":{"rendered":"https:\/\/etherpower.net\/new\/?page_id=2562"},"modified":"2025-10-27T11:08:00","modified_gmt":"2025-10-27T17:08:00","slug":"perseus-monitoring-140","status":"publish","type":"page","link":"https:\/\/etherpower.net\/new\/perseus-monitoring-140\/","title":{"rendered":"Perseus Monitoring 140"},"content":{"rendered":"<p>&nbsp;<\/p>\r\n<p><img loading=\"lazy\" decoding=\"async\" class=\"alignnone wp-image-2563 size-medium\" src=\"https:\/\/etherpower.net\/new\/wp-content\/uploads\/2025\/10\/perseus140A-300x208.png\" alt=\"\" width=\"300\" height=\"208\" srcset=\"https:\/\/etherpower.net\/new\/wp-content\/uploads\/2025\/10\/perseus140A-300x208.png 300w, https:\/\/etherpower.net\/new\/wp-content\/uploads\/2025\/10\/perseus140A.png 1600w\" sizes=\"auto, (max-width: 300px) 100vw, 300px\" \/><\/p>\r\n<div class=\"ipWidget ipWidget-Heading ipSkin-default\">\r\n<h2 class=\"_title\" style=\"text-align: center;\">Perseus Monitoring 140<\/h2>\r\n<h2 class=\"_title\" style=\"text-align: center;\">Equipo HWg para Monitoreo en Industria &amp; IT<\/h2>\r\n<\/div>\r\n<div class=\"ipWidget ipWidget-Text ipSkin-default\">\r\n<div class=\"ipsContainer\">\r\n<p style=\"text-align: center;\"><em>La nueva l\u00ednea de equipos Perseus de HWGroup monitorea hasta 1000 variables y controla E\/S por la red.&nbsp; Soporta&nbsp;IPv6, SNMP Traps, SNMP v3, HTTPs, XML, Modbus\/TCP, MQTT.<\/em><\/p>\r\n<p style=\"font-weight: 400;\"><strong><span style=\"font-weight: 400;\">Perseus Monitoring 140 es una soluci\u00f3n para el monitoreo remoto por LAN&nbsp;<\/span><\/strong><\/p>\r\n<p style=\"font-weight: 400;\"><strong><span style=\"font-weight: 400;\">Se pueden controlar hasta 1000 variables (sensores externos) y m\u00faltiples entradas digitales y salidas de Relay. Posee inclu\u00eddo un puerto WLD para detecci\u00f3n de inundaci\u00f3n\/presencia de l\u00edquidos.<\/span><\/strong><\/p>\r\n<p style=\"font-weight: 400;\">Perseus 140 combina datos de sensores\/detectores f\u00edsicos externos con datos de otros dispositivos HWg conectados a trav\u00e9s de LAN. Las condiciones locales, los scripts Lua, el calendario o el programador peri\u00f3dico ayudan a analizar los datos medidos.<\/p>\r\n<\/div>\r\n<\/div>\r\n<div>&nbsp;<\/div>\r\n<div>Se pueden enviar alertas por correo electr\u00f3nico o SNMP Trap desde el dispositivo Perseus. Los valores medidos est\u00e1n disponibles a trav\u00e9s de Open API (XML, Modbus\/TCP, MQTT).<\/div>\r\n<div>&nbsp;<\/div>\r\n<div>Perseus Monitoring 140 se puede conectar al Portal (tecnolog\u00eda SensDesk). Junto con el Portal, es una soluci\u00f3n potente para aplicaciones profesionales con gr\u00e1ficos, SNMP y alerta de dispositivos.<\/div>\r\n<div>&nbsp;<\/div>\r\n<div>Una caracter\u00edstica \u00fanica de los productos Perseus es la API de medidores. Perseus puede leer valores de sensores LAN desde otros dispositivos (p. ej., STE2 R2) y usar estos datos para an\u00e1lisis o alertas.<\/div>\r\n<div>&nbsp;<\/div>\r\n<div><img loading=\"lazy\" decoding=\"async\" class=\"alignnone wp-image-2568 size-large\" src=\"https:\/\/etherpower.net\/new\/wp-content\/uploads\/2025\/10\/perseus140E1-1024x576.png\" alt=\"\" width=\"584\" height=\"329\" srcset=\"https:\/\/etherpower.net\/new\/wp-content\/uploads\/2025\/10\/perseus140E1-1024x576.png 1024w, https:\/\/etherpower.net\/new\/wp-content\/uploads\/2025\/10\/perseus140E1-300x169.png 300w, https:\/\/etherpower.net\/new\/wp-content\/uploads\/2025\/10\/perseus140E1-768x432.png 768w, https:\/\/etherpower.net\/new\/wp-content\/uploads\/2025\/10\/perseus140E1-1536x864.png 1536w, https:\/\/etherpower.net\/new\/wp-content\/uploads\/2025\/10\/perseus140E1.png 1600w\" sizes=\"auto, (max-width: 584px) 100vw, 584px\" \/> <img loading=\"lazy\" decoding=\"async\" class=\"alignnone wp-image-2566 size-medium\" src=\"https:\/\/etherpower.net\/new\/wp-content\/uploads\/2025\/10\/perseus140E2-272x300.png\" alt=\"\" width=\"272\" height=\"300\" srcset=\"https:\/\/etherpower.net\/new\/wp-content\/uploads\/2025\/10\/perseus140E2-272x300.png 272w, https:\/\/etherpower.net\/new\/wp-content\/uploads\/2025\/10\/perseus140E2.png 1086w\" sizes=\"auto, (max-width: 272px) 100vw, 272px\" \/><\/div>\r\n<div>&nbsp;<\/div>\r\n<p><span style=\"color: initial;\">Principales Caracter\u00edsticas:&nbsp;<\/span><\/p>\r\n<div class=\"field field-name-field-features field-type-text field-label-above\">\r\n<div class=\"field-items\">\r\n<div class=\"field-item even\">\r\n<div class=\"item-list\">\r\n<ul class=\"hwg-text-list\">\r\n<li class=\"first\">Ethernet: RJ45 (100BASE-T); WEB: webserver embebido<\/li>\r\n<li>4xRJ11 port &#8211; max. 2 sensores 1-Wire UNI por puerto<\/li>\r\n<li>RJ11 sensores: Temperatura, Humedad Relativa (Indoor \/ Outdoor), Voltage, Corriente (0-30A o 4-20mA)&nbsp;<\/li>\r\n<li>RS-485 (Modbus\/RTU): 1x terminal block<\/li>\r\n<li>WLD: 1 zona para Water Leak Detection sensing cable<\/li>\r\n<li>DO (Digital Outputs): 2x DO (relays)<\/li>\r\n<li>DI (Digital Inputs): 4x DI (contacto seco)<\/li>\r\n<li>Detectores: Humo, door contact, corte el\u00e9ctrico, etc<\/li>\r\n<li>Alertas: SNMP trap, email<\/li>\r\n<li>Open API: SNMP, XML, Modbus\/TCP, MQTT<\/li>\r\n<li>Equipo Profesional: IPv6, SNMP Traps, SNMP v3<\/li>\r\n<li>Seguridad: Radius &#8211; IEEE 802.1X, Cuentas de Admin y User , HTTPs (customer certificate)<\/li>\r\n<li>API de Medidores (LAN): HWg devices XML, Modbus\/TCP, SNMP, MQTT<\/li>\r\n<li class=\"last\">Procesamiento de Datos: Condition &amp; Actions, Virtual sensors, Scheduler<\/li>\r\n<\/ul>\r\n<\/div>\r\n<\/div>\r\n<\/div>\r\n<\/div>\r\n<div class=\"field field-name-field-usage field-type-text-long field-label-above\">\r\n<div class=\"field-label\"><strong style=\"font-size: revert; color: initial;\">Aplicaciones T\u00edpicas:<\/strong><\/div>\r\n<div class=\"field-items\">\r\n<div class=\"field-item even\">\r\n<ul>\r\n<li>Monitoreo Remoto de M\u00e1quinas<\/li>\r\n<li>Monitoreo Remoto de Dep\u00f3sitos y Cadena de Fr\u00edo<\/li>\r\n<li>Monitoreo Remoto de Datacenter<\/li>\r\n<li>Moitoreo Remoto de Shelter para Comunicaciones<\/li>\r\n<li>Industria Farmac\u00e9utica<\/li>\r\n<li>Monitoreo de Invernaderos<\/li>\r\n<\/ul>\r\n<p><span style=\"color: revert; font-size: revert; font-weight: revert;\">Bajar la Ficha del Producto:<\/span><\/p>\r\n<\/div>\r\n<\/div>\r\n<\/div>\r\n<h2><a href=\"https:\/\/etherpower.net\/new\/wp-content\/uploads\/2025\/10\/perseus-monitoring-140-fl_1-0-0_en.pdf\" target=\"_blank\" rel=\"noopener\">Flyer Perseus<\/a><\/h2>\r\n\r\n<p><img loading=\"lazy\" decoding=\"async\" class=\"alignnone wp-image-2564 size-large\" src=\"https:\/\/etherpower.net\/new\/wp-content\/uploads\/2025\/10\/perseus140D-1024x768.jpg\" alt=\"\" width=\"584\" height=\"438\" srcset=\"https:\/\/etherpower.net\/new\/wp-content\/uploads\/2025\/10\/perseus140D-1024x768.jpg 1024w, https:\/\/etherpower.net\/new\/wp-content\/uploads\/2025\/10\/perseus140D-300x225.jpg 300w, https:\/\/etherpower.net\/new\/wp-content\/uploads\/2025\/10\/perseus140D-768x576.jpg 768w, https:\/\/etherpower.net\/new\/wp-content\/uploads\/2025\/10\/perseus140D-1536x1152.jpg 1536w, https:\/\/etherpower.net\/new\/wp-content\/uploads\/2025\/10\/perseus140D-600x450.jpg 600w, https:\/\/etherpower.net\/new\/wp-content\/uploads\/2025\/10\/perseus140D.jpg 1600w\" sizes=\"auto, (max-width: 584px) 100vw, 584px\" \/><\/p>\r\n<h3><strong>&nbsp; <a href=\"https:\/\/etherpower.net\/new\/wp-content\/uploads\/2025\/04\/hwg-monitoring-catalog_25-0-0_en.pdf\" target=\"_blank\" rel=\"noopener\"><img loading=\"lazy\" decoding=\"async\" class=\"alignnone size-thumbnail wp-image-2122\" src=\"https:\/\/etherpower.net\/new\/wp-content\/uploads\/2025\/04\/hwg-150x53.png\" alt=\"\" width=\"150\" height=\"53\"><\/a><\/strong><a href=\"https:\/\/etherpower.net\/new\/wp-content\/uploads\/2025\/04\/hwg-monitoring-catalog_25-0-0_en.pdf\" target=\"_blank\" rel=\"noopener\"><img loading=\"lazy\" decoding=\"async\" class=\"alignnone  wp-image-2121\" style=\"font-size: 16px;\" src=\"https:\/\/etherpower.net\/new\/wp-content\/uploads\/2025\/04\/bajar-150x150.png\" alt=\"\" width=\"56\" height=\"56\" srcset=\"https:\/\/etherpower.net\/new\/wp-content\/uploads\/2025\/04\/bajar-150x150.png 150w, https:\/\/etherpower.net\/new\/wp-content\/uploads\/2025\/04\/bajar-100x100.png 100w\" sizes=\"auto, (max-width: 56px) 100vw, 56px\" \/><\/a><\/h3>\r\n","protected":false},"excerpt":{"rendered":"<p>&nbsp; Perseus Monitoring 140 Equipo HWg para Monitoreo en Industria &amp; IT La nueva l\u00ednea de equipos Perseus de HWGroup monitorea hasta 1000 variables y controla E\/S por la red.&nbsp; Soporta&nbsp;IPv6, SNMP Traps, SNMP v3, HTTPs, XML, Modbus\/TCP, MQTT. Perseus Monitoring 140 es una soluci\u00f3n para el monitoreo remoto por<a href=\"https:\/\/etherpower.net\/new\/perseus-monitoring-140\/\" class=\"read-more\">Read More<\/a><\/p>\n","protected":false},"author":1,"featured_media":0,"parent":0,"menu_order":0,"comment_status":"closed","ping_status":"closed","template":"","meta":{"ngg_post_thumbnail":0,"footnotes":""},"class_list":["post-2562","page","type-page","status-publish","hentry"],"_links":{"self":[{"href":"https:\/\/etherpower.net\/new\/wp-json\/wp\/v2\/pages\/2562","targetHints":{"allow":["GET"]}}],"collection":[{"href":"https:\/\/etherpower.net\/new\/wp-json\/wp\/v2\/pages"}],"about":[{"href":"https:\/\/etherpower.net\/new\/wp-json\/wp\/v2\/types\/page"}],"author":[{"embeddable":true,"href":"https:\/\/etherpower.net\/new\/wp-json\/wp\/v2\/users\/1"}],"replies":[{"embeddable":true,"href":"https:\/\/etherpower.net\/new\/wp-json\/wp\/v2\/comments?post=2562"}],"version-history":[{"count":3,"href":"https:\/\/etherpower.net\/new\/wp-json\/wp\/v2\/pages\/2562\/revisions"}],"predecessor-version":[{"id":2573,"href":"https:\/\/etherpower.net\/new\/wp-json\/wp\/v2\/pages\/2562\/revisions\/2573"}],"wp:attachment":[{"href":"https:\/\/etherpower.net\/new\/wp-json\/wp\/v2\/media?parent=2562"}],"curies":[{"name":"wp","href":"https:\/\/api.w.org\/{rel}","templated":true}]}}