{"id":512,"date":"2017-11-02T13:59:43","date_gmt":"2017-11-02T13:59:43","guid":{"rendered":"https:\/\/etherpower.net\/new\/?page_id=512"},"modified":"2025-03-21T08:59:07","modified_gmt":"2025-03-21T14:59:07","slug":"intromonitoreo","status":"publish","type":"page","link":"https:\/\/etherpower.net\/new\/intromonitoreo\/","title":{"rendered":"Equipos Etherpower para Monitoreo Remoto"},"content":{"rendered":"<div class=\"ipWidget ipWidget-Columns ipSkin-default\">\r\n<div class=\"_container ipsColsContainer\">\r\n<div class=\"ipsCol _col\">\r\n<div id=\"ipBlock-column1926_1\" class=\"ipBlock\" data-revisionid=\"447\" data-languageid=\"0\">\r\n<div class=\"ipWidget ipWidget-Text ipSkin-default\">\r\n<div class=\"ipsContainer\">&nbsp;Monitorear y Controlar&nbsp;<b>Ambientes, Instalaciones<\/b>&nbsp;y&nbsp;<b>Equipos<\/b>&nbsp;de forma remota nunca fue tan f\u00e1cil.\r\n<div class=\"ipWidget ipWidget-Text ipSkin-default\">\r\n<div class=\"ipsContainer\">\r\n<p>&nbsp;Podemos acceder por web en cualquier momento y desde cualquier lugar en donde estemos, para saber a que temperatura se encuentra nuestro Datacenter, que valor de humedad tenemos en un Dep\u00f3sito, o cualquier otra variable que necesitemos medir de forma remota y en tiempo real.<\/p>\r\n<p>Podemos tener lectura de la Temperatura dentro de una C\u00e1mara de Refrigeraci\u00f3n, para el control de Cadena de fr\u00edo. Registrar las lecturas de temperatura en pasillo caliente \/&nbsp;pasillo fr\u00edo del DataCenter para poder analizar luego cuando se producen&nbsp;los picos de temperatura y humedad y poder establecer acciones correctivas y&nbsp;preventivas a fin de proteger los equipos y la infraestructura montada. &nbsp;<\/p>\r\n<p>Con los equipos&nbsp; de Monitoreo Etherpower, medir de forma Remota es muy sencillo y seguro . El acceso al webserber embebido de los equipos permite una r\u00e1pida visualizaci\u00f3n del estado de las variables de ambiente que estamos monitoreando.&nbsp;<\/p>\r\n<\/div>\r\n<\/div>\r\n<div class=\"ipWidget ipWidget-Text ipSkin-default\">\r\n<div class=\"ipsContainer\">\r\n<p>Es posible recibir alarmas de temperatura por Email, traps SNMP y SMS, para estar alertados de posibles fallos en los sistemas de refrigeraci\u00f3n, y potenciales riesgos para sus equipos dentro de un Rack, o un Datacenter.<\/p>\r\n<\/div>\r\n<\/div>\r\n<\/div>\r\n<\/div>\r\n<\/div>\r\n<\/div>\r\n<p class=\"ipsCol _col\">&nbsp;A su vez, podemos consultar las condiciones ambientales en las que se encuentra una c\u00e1mara de fr\u00edo , un dep\u00f3sito , un centro de c\u00f3mputos o shelter, simplemente ingresando al webserver embebido que poseen los equipos Etherpower, en cualquier momento, desde cualquier PC o equipo m\u00f3vil&nbsp; y desde cualquier parte del planeta.&nbsp;<\/p>\r\n<\/div>\r\n<\/div>\r\n<div class=\"ipWidget ipWidget-Text ipSkin-default\">\r\n<div class=\"ipsContainer\">\r\n<p><img loading=\"lazy\" decoding=\"async\" class=\"alignnone wp-image-2105 size-full\" src=\"https:\/\/etherpower.net\/new\/wp-content\/uploads\/2025\/03\/remonitoring.png\" alt=\"\" width=\"526\" height=\"599\" srcset=\"https:\/\/etherpower.net\/new\/wp-content\/uploads\/2025\/03\/remonitoring.png 526w, https:\/\/etherpower.net\/new\/wp-content\/uploads\/2025\/03\/remonitoring-263x300.png 263w\" sizes=\"auto, (max-width: 526px) 100vw, 526px\" \/><\/p>\r\n<\/div>\r\n<\/div>\r\n\r\n<figure class=\"wp-block-embed is-type-video is-provider-youtube wp-block-embed-youtube wp-embed-aspect-16-9 wp-has-aspect-ratio\">\r\n<div class=\"wp-block-embed__wrapper\">\r\n<p><iframe loading=\"lazy\" title=\"Breve comparativa entre 4 soluciones de Monitoreo : Poseidon2 3268, SUN-24, Ares 12 y EtherpowerBox\" width=\"584\" height=\"329\" src=\"https:\/\/www.youtube.com\/embed\/5eKJxgOskSY?feature=oembed\" frameborder=\"0\" allow=\"accelerometer; autoplay; clipboard-write; encrypted-media; gyroscope; picture-in-picture; web-share\" referrerpolicy=\"strict-origin-when-cross-origin\" allowfullscreen><\/iframe><\/p>\r\n<\/div>\r\n<\/figure>\r\n","protected":false},"excerpt":{"rendered":"<p>&nbsp;Monitorear y Controlar&nbsp;Ambientes, Instalaciones&nbsp;y&nbsp;Equipos&nbsp;de forma remota nunca fue tan f\u00e1cil. &nbsp;Podemos acceder por web en cualquier momento y desde cualquier lugar en donde estemos, para saber a que temperatura se encuentra nuestro Datacenter, que valor de humedad tenemos en un Dep\u00f3sito, o cualquier otra variable que necesitemos medir de forma<a href=\"https:\/\/etherpower.net\/new\/intromonitoreo\/\" class=\"read-more\">Read More<\/a><\/p>\n","protected":false},"author":1,"featured_media":0,"parent":0,"menu_order":0,"comment_status":"closed","ping_status":"closed","template":"","meta":{"ngg_post_thumbnail":0,"footnotes":""},"class_list":["post-512","page","type-page","status-publish","hentry"],"_links":{"self":[{"href":"https:\/\/etherpower.net\/new\/wp-json\/wp\/v2\/pages\/512","targetHints":{"allow":["GET"]}}],"collection":[{"href":"https:\/\/etherpower.net\/new\/wp-json\/wp\/v2\/pages"}],"about":[{"href":"https:\/\/etherpower.net\/new\/wp-json\/wp\/v2\/types\/page"}],"author":[{"embeddable":true,"href":"https:\/\/etherpower.net\/new\/wp-json\/wp\/v2\/users\/1"}],"replies":[{"embeddable":true,"href":"https:\/\/etherpower.net\/new\/wp-json\/wp\/v2\/comments?post=512"}],"version-history":[{"count":3,"href":"https:\/\/etherpower.net\/new\/wp-json\/wp\/v2\/pages\/512\/revisions"}],"predecessor-version":[{"id":2107,"href":"https:\/\/etherpower.net\/new\/wp-json\/wp\/v2\/pages\/512\/revisions\/2107"}],"wp:attachment":[{"href":"https:\/\/etherpower.net\/new\/wp-json\/wp\/v2\/media?parent=512"}],"curies":[{"name":"wp","href":"https:\/\/api.w.org\/{rel}","templated":true}]}}