{"id":521,"date":"2017-11-02T14:10:38","date_gmt":"2017-11-02T14:10:38","guid":{"rendered":"https:\/\/etherpower.net\/new\/?page_id=521"},"modified":"2024-10-26T17:56:00","modified_gmt":"2024-10-26T23:56:00","slug":"introserie","status":"publish","type":"page","link":"https:\/\/etherpower.net\/new\/introserie\/","title":{"rendered":"Una IP para cada Puerto Serie, todo a la red"},"content":{"rendered":"\n<p>La convergencia hacia la red Ethernet-Internet ya es una realidad. Cualquier dispositivo con capacidad de comunicaci\u00f3n, desde equipos industriales hasta electrodom\u00e9sticos, tendr\u00e1n como medio de comunicaci\u00f3n un puerto Ethernet, o soporte WIFI. En cualquier caso, los&nbsp;puertos serie (RS-232\/485\/422) est\u00e1n siendo r\u00e1pidamente reemplazados para el acceso por IP, eliminando&nbsp;as\u00ed los l\u00edmites de&nbsp;distancias que estos&nbsp;manten\u00edan para su acceso, monitoreo y control.<\/p>\n\n\n\n<p>Como soluci\u00f3n \u00abpuente\u00bb entre los tradicionales sistemas de comunicaciones Serie y los futuros modelos de equipos con su puerto ethernet; Etherpower provee una familia de Servidores Seriales, m\u00e1s conocidos como Conversores Serie a Ethernet. De esta forma, por ejemplo en la industria, y sin reemplazar costosas l\u00edneas de producci\u00f3n, podemos tener acceso a un PLC, desde cualquier PC conectada a la red. Simplemente agregando estos equipos que permiten convertir de forma transparente un puerto serie a Ethernet.<\/p>\n\n\n\n<p>&nbsp;<\/p>\n\n\n\n<figure class=\"wp-block-embed is-type-video is-provider-youtube wp-block-embed-youtube wp-embed-aspect-16-9 wp-has-aspect-ratio\"><div class=\"wp-block-embed__wrapper\">\n<div class=\"epyt-video-wrapper\"><iframe loading=\"lazy\"  id=\"_ytid_16109\"  width=\"584\" height=\"328\"  data-origwidth=\"584\" data-origheight=\"328\" src=\"https:\/\/www.youtube.com\/embed\/Y7XK636K_JY?enablejsapi=1&#038;list=PL6n19Nv59NcUxAetSmlXBKV_DnTieqpxN&#038;autoplay=0&#038;cc_load_policy=0&#038;cc_lang_pref=&#038;iv_load_policy=1&#038;loop=0&#038;rel=0&#038;fs=1&#038;playsinline=0&#038;autohide=2&#038;theme=dark&#038;color=red&#038;controls=1&#038;disablekb=0&#038;\" class=\"__youtube_prefs__  epyt-is-override  no-lazyload\" title=\"YouTube player\"  allow=\"fullscreen; accelerometer; autoplay; clipboard-write; encrypted-media; gyroscope; picture-in-picture; web-share\" referrerpolicy=\"strict-origin-when-cross-origin\" allowfullscreen data-no-lazy=\"1\" data-skipgform_ajax_framebjll=\"\"><\/iframe><\/div>\n<\/div><\/figure>\n","protected":false},"excerpt":{"rendered":"<p>La convergencia hacia la red Ethernet-Internet ya es una realidad. Cualquier dispositivo con capacidad de comunicaci\u00f3n, desde equipos industriales hasta electrodom\u00e9sticos, tendr\u00e1n como medio de comunicaci\u00f3n un puerto Ethernet, o soporte WIFI. En cualquier caso, los&nbsp;puertos serie (RS-232\/485\/422) est\u00e1n siendo r\u00e1pidamente reemplazados para el acceso por IP, eliminando&nbsp;as\u00ed los l\u00edmites<a href=\"https:\/\/etherpower.net\/new\/introserie\/\" class=\"read-more\">Read More<\/a><\/p>\n","protected":false},"author":1,"featured_media":0,"parent":0,"menu_order":0,"comment_status":"closed","ping_status":"closed","template":"","meta":{"ngg_post_thumbnail":0,"footnotes":""},"class_list":["post-521","page","type-page","status-publish","hentry"],"_links":{"self":[{"href":"https:\/\/etherpower.net\/new\/wp-json\/wp\/v2\/pages\/521","targetHints":{"allow":["GET"]}}],"collection":[{"href":"https:\/\/etherpower.net\/new\/wp-json\/wp\/v2\/pages"}],"about":[{"href":"https:\/\/etherpower.net\/new\/wp-json\/wp\/v2\/types\/page"}],"author":[{"embeddable":true,"href":"https:\/\/etherpower.net\/new\/wp-json\/wp\/v2\/users\/1"}],"replies":[{"embeddable":true,"href":"https:\/\/etherpower.net\/new\/wp-json\/wp\/v2\/comments?post=521"}],"version-history":[{"count":0,"href":"https:\/\/etherpower.net\/new\/wp-json\/wp\/v2\/pages\/521\/revisions"}],"wp:attachment":[{"href":"https:\/\/etherpower.net\/new\/wp-json\/wp\/v2\/media?parent=521"}],"curies":[{"name":"wp","href":"https:\/\/api.w.org\/{rel}","templated":true}]}}