{"id":525,"date":"2017-11-02T15:07:38","date_gmt":"2017-11-02T15:07:38","guid":{"rendered":"https:\/\/etherpower.net\/new\/?page_id=525"},"modified":"2024-10-26T17:58:50","modified_gmt":"2024-10-26T23:58:50","slug":"introcontrol","status":"publish","type":"page","link":"https:\/\/etherpower.net\/new\/introcontrol\/","title":{"rendered":"Las Ventajas de Acceder por IP a \u00ablas cosas\u00bb IoT"},"content":{"rendered":"\n<p>Encender o apagar&nbsp;un equipo de forma remota ahora es muy sencillo. Activar un Relay desde cualquier navegador web, desde&nbsp;cualquier parte del mundo y en cualquier momento, hoy es muy simple&nbsp;con los equipos Etherpower. M2M&nbsp;-&gt; Un equipo A, utilizando la red Ethernet-Internet acciona un Relay que posee un equipo B, sin nuestra intervenci\u00f3n, ya es posible.<\/p>\n\n\n\n<p>Es muy com\u00fan encontrarnos en la situaci\u00f3n de tener que enviar un t\u00e9cnico para simplemente \u00abapagar y encender\u00bb un servidor, un router, un equipo de DSL. El s\u00f3lo hecho de poder realizar esta tarea de forma remota, con un s\u00f3lo click desde su escritorio, resulta un ahorro importante de dinero para usted y su empresa.<\/p>\n\n\n\n<p>Una aplicaci\u00f3n que encontramos frecuentemente es la de utilizar esta familia de equipos para vincular entradas y salidas por IP. Por ejemplo un equipo configurado como cliente puede activar una salida de relay de otro equipo remoto (Servidor) por la red. A esta aplicaci\u00f3n se la conoce como Internet Switch. Otro ejemplo es el transporte transparente de entradas y salidas digitales por IP, esto es, un equipo refleja sus entradas digitales en las salidas de otro equipo y este \u00faltimo hace lo propio con el primero. &nbsp;<\/p>\n\n\n\n<figure class=\"wp-block-embed is-type-video is-provider-youtube wp-block-embed-youtube wp-embed-aspect-16-9 wp-has-aspect-ratio\"><div class=\"wp-block-embed__wrapper\">\n<div class=\"epyt-video-wrapper\"><iframe loading=\"lazy\"  id=\"_ytid_29440\"  width=\"584\" height=\"328\"  data-origwidth=\"584\" data-origheight=\"328\" src=\"https:\/\/www.youtube.com\/embed\/EukTA4l6TMQ?enablejsapi=1&#038;autoplay=0&#038;cc_load_policy=0&#038;cc_lang_pref=&#038;iv_load_policy=1&#038;loop=0&#038;rel=0&#038;fs=1&#038;playsinline=0&#038;autohide=2&#038;theme=dark&#038;color=red&#038;controls=1&#038;disablekb=0&#038;\" class=\"__youtube_prefs__  epyt-is-override  no-lazyload\" title=\"YouTube player\"  allow=\"fullscreen; accelerometer; autoplay; clipboard-write; encrypted-media; gyroscope; picture-in-picture; web-share\" referrerpolicy=\"strict-origin-when-cross-origin\" allowfullscreen data-no-lazy=\"1\" data-skipgform_ajax_framebjll=\"\"><\/iframe><\/div>\n<\/div><\/figure>\n","protected":false},"excerpt":{"rendered":"<p>Encender o apagar&nbsp;un equipo de forma remota ahora es muy sencillo. Activar un Relay desde cualquier navegador web, desde&nbsp;cualquier parte del mundo y en cualquier momento, hoy es muy simple&nbsp;con los equipos Etherpower. M2M&nbsp;-&gt; Un equipo A, utilizando la red Ethernet-Internet acciona un Relay que posee un equipo B, sin<a href=\"https:\/\/etherpower.net\/new\/introcontrol\/\" class=\"read-more\">Read More<\/a><\/p>\n","protected":false},"author":1,"featured_media":0,"parent":0,"menu_order":0,"comment_status":"closed","ping_status":"closed","template":"","meta":{"ngg_post_thumbnail":0,"footnotes":""},"class_list":["post-525","page","type-page","status-publish","hentry"],"_links":{"self":[{"href":"https:\/\/etherpower.net\/new\/wp-json\/wp\/v2\/pages\/525","targetHints":{"allow":["GET"]}}],"collection":[{"href":"https:\/\/etherpower.net\/new\/wp-json\/wp\/v2\/pages"}],"about":[{"href":"https:\/\/etherpower.net\/new\/wp-json\/wp\/v2\/types\/page"}],"author":[{"embeddable":true,"href":"https:\/\/etherpower.net\/new\/wp-json\/wp\/v2\/users\/1"}],"replies":[{"embeddable":true,"href":"https:\/\/etherpower.net\/new\/wp-json\/wp\/v2\/comments?post=525"}],"version-history":[{"count":0,"href":"https:\/\/etherpower.net\/new\/wp-json\/wp\/v2\/pages\/525\/revisions"}],"wp:attachment":[{"href":"https:\/\/etherpower.net\/new\/wp-json\/wp\/v2\/media?parent=525"}],"curies":[{"name":"wp","href":"https:\/\/api.w.org\/{rel}","templated":true}]}}