{"id":547,"date":"2017-11-02T17:53:11","date_gmt":"2017-11-02T17:53:11","guid":{"rendered":"https:\/\/etherpower.net\/new\/?page_id=547"},"modified":"2019-03-27T14:49:40","modified_gmt":"2019-03-27T14:49:40","slug":"sun-2232","status":"publish","type":"page","link":"https:\/\/etherpower.net\/new\/sun-2232\/","title":{"rendered":"SUN-2232 Equipo para Monitoreo en Datacenter"},"content":{"rendered":"<h1><img loading=\"lazy\" decoding=\"async\" class=\"wp-image-548 aligncenter\" src=\"https:\/\/etherpower.net\/new\/wp-content\/uploads\/2017\/11\/SUN-2232_Rack-1024x875.jpg\" alt=\"\" width=\"394\" height=\"337\" srcset=\"https:\/\/etherpower.net\/new\/wp-content\/uploads\/2017\/11\/SUN-2232_Rack-1024x875.jpg 1024w, https:\/\/etherpower.net\/new\/wp-content\/uploads\/2017\/11\/SUN-2232_Rack-600x513.jpg 600w, https:\/\/etherpower.net\/new\/wp-content\/uploads\/2017\/11\/SUN-2232_Rack-300x256.jpg 300w, https:\/\/etherpower.net\/new\/wp-content\/uploads\/2017\/11\/SUN-2232_Rack-768x656.jpg 768w\" sizes=\"auto, (max-width: 394px) 100vw, 394px\" \/><\/h1>\n<h1 class=\"_title\"><a href=\"https:\/\/etherpower.net\/new\/sun-2242\/\">Ver tambi\u00e9n : SUN-2242 el nuevo modelo de la familia EtherPower!<\/a><\/h1>\n<p>&nbsp;&nbsp;&nbsp;&nbsp;Equipo Etherpower&nbsp;para monitoreo en CPD (Centro de Procesamiento de Datos). Pensado para monitorear temperatura, humedad y otras condiciones de seguridad f\u00edsica en un Datacenter o un Rack 19&#8243;. Es tambi\u00e9n utilizado en Monitoreo Industrial ( Procesos, Cadena de Fr\u00edo, Dep\u00f3sitos, Sala de M\u00e1quinas, Tableros El\u00e9ctricos, &nbsp;etc. )&nbsp;<\/p>\n<p>EL&nbsp;<strong>SUN-2232<\/strong>&nbsp;posee:<\/p>\n<p><strong>2 Entradas Digitales<\/strong>&nbsp;para Detectores de Puerta, Humo, Corte El\u00e9ctrico, Agua bajo Piso T\u00e9cnico, etc.<\/p>\n<p><strong>2 Salidas de Relay&nbsp;<\/strong>para activar Sirenas y\/o Encender\/Apagar\/Reiniciar Equipos<\/p>\n<p><strong>2 Entradas&nbsp;<\/strong>&nbsp;para Sensores de Temperatura y Humedad<\/p>\n<p><strong>2 Entradas Anal\u00f3gicas<\/strong>&nbsp;para Sensores de Corriente ( hasta 30A ), Sensores de Tensi\u00f3n ( para banco de Bater\u00edas ) y otros industriales<\/p>\n<p>El monitoreo se realiza accediendo a su webserver o por SNMP, y se configura cada uno de los sensores para alertar por Email o bien enviar traps SNMP en el caso que las lecturas se salgan de un rango seguro preconfigurado.<\/p>\n<p>El&nbsp;<strong>SUN-2232<\/strong>&nbsp;es un equipo con excelente&nbsp;relaci\u00f3n precio\/prestaciones<\/p>\n<p>&nbsp;&nbsp;&nbsp;A cada uno de los sensores de temperatura y humedad se lo configura para un rango de trabajo seguro. En el caso de que alguno de los sensores exceda dicho rango, (estado de alarma), el equipo lo notifica por trap SNMP o env\u00edo de Email. Cada sensor posee un rango de trabajo seguro, y un nombre configurable desde la interfaz web, para poder identificarlo.<\/p>\n<p><img loading=\"lazy\" decoding=\"async\" class=\"wp-image-419 aligncenter\" src=\"https:\/\/etherpower.net\/new\/wp-content\/uploads\/2017\/10\/DATACENTER_ETHERPOWER_SUN_2232_01_2__1.png\" alt=\"\" width=\"853\" height=\"383\"><\/p>\n<p>&nbsp;<\/p>\n<div class=\"ipWidget ipWidget-Heading ipSkin-default\">\n<h3 class=\"_title\"><span style=\"color: #333333;\">Aplicaciones:<\/span><\/h3>\n<\/div>\n<ul>\n<li>Supervisi\u00f3n remota de la temperatura dentro de un Rack de 19\u201d.<\/li>\n<li>Supervisi\u00f3n remota de equipos en Datacenter.<\/li>\n<li>Sistemas de seguridad y control de acceso.<\/li>\n<li>Monitoreo de sistemas de aire acondicionado.<\/li>\n<li>Supervisi\u00f3n remota de Salas de M\u00e1quinas.<\/li>\n<li>Aplicaciones en Edificios Inteligentes \/ Dom\u00f3tica.<\/li>\n<li>Reset\/Reinicio remoto de Servidores, Routers, Access Point, etc.<\/li>\n<\/ul>\n<h3 class=\"_title\"><span style=\"color: #333333;\">Caracter\u00edsticas Principales:<\/span><\/h3>\n<ul>\n<li><b>No requiere ning\u00fan software&nbsp;<\/b><\/li>\n<li><b>WEB Server Embebido para Monitoreo&nbsp;<\/b><\/li>\n<li><b>Soporte de&nbsp;SNMP<\/b><\/li>\n<li><b>Env\u00edo de alertas por Email y Traps SNMP<\/b><\/li>\n<li><b>Funci\u00f3n Termostato IP&nbsp;<\/b>(Relay controlado por Temperatura)&nbsp;<\/li>\n<li><strong>Funci\u00f3n PowerCycle<\/strong>&nbsp;(Para reinicio remoto de equipos)&nbsp;<\/li>\n<li><b>Soporta 2 Sensores de Temperatura y 2 Sensores de Humedad<br \/>\n<\/b><\/li>\n<li><b>Soporta 2 Detectores<\/b>&nbsp;(Humo &#8211; Apertura de Puertas &#8211; Inundaci\u00f3n &#8211; Corte El\u00e9ctrico &#8211; Movimiento)<\/li>\n<li><strong>Posee 2 entradas Anal\u00f3gicas<\/strong>&nbsp;con control de Ganancia y Offset (Sensor de Corriente, Sensor de Tensi\u00f3n y otros Industriales)&nbsp;<\/li>\n<li>Actualizaci\u00f3n de Firmware por web<\/li>\n<li>Totalmente configurable por Web de forma remota desde cualquier navegador&nbsp;<\/li>\n<li>Se puede conectar en cualquier sistema de monitoreo de edificios, industrias y sistemas de redes de IT<\/li>\n<li>Puede incorporarse a sistemas SNMP ya existentes &nbsp;(LoriotPro, HP OpenView, Nagios, IBM Tivoli, SNMPc, MRTG y otros)<\/li>\n<li>Accesorio lateral para Instalaci\u00f3n en Rack Inclu\u00eddo<\/li>\n<\/ul>\n<h3 class=\"_title\"><span style=\"color: #000000;\">Bajar la Ficha del Producto:<\/span><\/h3>\n<h3><a href=\"https:\/\/etherpower.net\/new\/wp-content\/uploads\/2018\/09\/Flyer-SUN-2232.pdf\">Flyer SUN-2232<\/a><\/h3>\n<h3><a href=\"https:\/\/etherpower.net\/new\/wp-content\/uploads\/2018\/09\/Flyer-Sensores-1.pdf\">Flyer Sensores<\/a><\/h3>\n<h3><a href=\"https:\/\/etherpower.net\/new\/wp-content\/uploads\/2018\/09\/Flyer-Detectores-1.pdf\">Flyer Detectores<\/a><\/h3>\n<h3 class=\"_title\"><span style=\"color: #000000;\">Manual del Equipo :<\/span><\/h3>\n<h3><a href=\"https:\/\/etherpower.net\/new\/wp-content\/uploads\/2018\/09\/Manual-SUN-2232-1.pdf\">Manual SUN-2232<\/a><\/h3>\n","protected":false},"excerpt":{"rendered":"<p>Ver tambi\u00e9n : SUN-2242 el nuevo modelo de la familia EtherPower! &nbsp;&nbsp;&nbsp;&nbsp;Equipo Etherpower&nbsp;para monitoreo en CPD (Centro de Procesamiento de Datos). Pensado para monitorear temperatura, humedad y otras condiciones de seguridad f\u00edsica en un Datacenter o un Rack 19&#8243;. Es tambi\u00e9n utilizado en Monitoreo Industrial ( Procesos, Cadena de Fr\u00edo,<a href=\"https:\/\/etherpower.net\/new\/sun-2232\/\" class=\"read-more\">Read More<\/a><\/p>\n","protected":false},"author":1,"featured_media":0,"parent":0,"menu_order":0,"comment_status":"closed","ping_status":"closed","template":"","meta":{"ngg_post_thumbnail":0,"footnotes":""},"class_list":["post-547","page","type-page","status-publish","hentry"],"_links":{"self":[{"href":"https:\/\/etherpower.net\/new\/wp-json\/wp\/v2\/pages\/547","targetHints":{"allow":["GET"]}}],"collection":[{"href":"https:\/\/etherpower.net\/new\/wp-json\/wp\/v2\/pages"}],"about":[{"href":"https:\/\/etherpower.net\/new\/wp-json\/wp\/v2\/types\/page"}],"author":[{"embeddable":true,"href":"https:\/\/etherpower.net\/new\/wp-json\/wp\/v2\/users\/1"}],"replies":[{"embeddable":true,"href":"https:\/\/etherpower.net\/new\/wp-json\/wp\/v2\/comments?post=547"}],"version-history":[{"count":0,"href":"https:\/\/etherpower.net\/new\/wp-json\/wp\/v2\/pages\/547\/revisions"}],"wp:attachment":[{"href":"https:\/\/etherpower.net\/new\/wp-json\/wp\/v2\/media?parent=547"}],"curies":[{"name":"wp","href":"https:\/\/api.w.org\/{rel}","templated":true}]}}