{"id":588,"date":"2017-11-03T13:51:25","date_gmt":"2017-11-03T13:51:25","guid":{"rendered":"https:\/\/etherpower.net\/new\/?page_id=588"},"modified":"2025-10-01T12:09:42","modified_gmt":"2025-10-01T18:09:42","slug":"ecosistema-etherpowerbox","status":"publish","type":"page","link":"https:\/\/etherpower.net\/new\/ecosistema-etherpowerbox\/","title":{"rendered":"Ecosistema EtherpowerBox"},"content":{"rendered":"<h2 data-start=\"312\" data-end=\"341\">&nbsp;<img loading=\"lazy\" decoding=\"async\" class=\"alignnone size-medium wp-image-2382\" src=\"https:\/\/etherpower.net\/new\/wp-content\/uploads\/2025\/08\/logo-250-1-300x121.png\" alt=\"\" width=\"300\" height=\"121\" srcset=\"https:\/\/etherpower.net\/new\/wp-content\/uploads\/2025\/08\/logo-250-1-300x121.png 300w, https:\/\/etherpower.net\/new\/wp-content\/uploads\/2025\/08\/logo-250-1-600x243.png 600w, https:\/\/etherpower.net\/new\/wp-content\/uploads\/2025\/08\/logo-250-1.png 647w\" sizes=\"auto, (max-width: 300px) 100vw, 300px\" \/><\/h2>\n<h2 data-start=\"312\" data-end=\"341\">Ecosistema EtherpowerBox<\/h2>\n<p data-start=\"343\" data-end=\"597\">El <strong data-start=\"346\" data-end=\"374\">Ecosistema EtherpowerBox<\/strong> ofrece una soluci\u00f3n integral para el <strong data-start=\"412\" data-end=\"482\">monitoreo y control de variables ambientales y de seguridad f\u00edsica<\/strong> en entornos cr\u00edticos, como DataCenters, salas de servidores, c\u00e1maras de fr\u00edo, dep\u00f3sitos y entornos industriales.<\/p>\n<p data-start=\"599\" data-end=\"872\">Todos los dispositivos que forman parte del ecosistema \u2014<strong data-start=\"655\" data-end=\"740\">M\u00f3dulos EtherpowerBox, M\u00f3dulos SEM, Cloudatalert y Portal Web EtherpowerBox Cloud<\/strong>\u2014 son desarrollados y fabricados por Etherpower, garantizando <strong data-start=\"802\" data-end=\"853\">compatibilidad total, seguridad y confiabilidad<\/strong> en la operaci\u00f3n.<\/p>\n<h3 data-start=\"874\" data-end=\"906\">Componentes del Ecosistema<\/h3>\n<ul data-start=\"908\" data-end=\"2034\">\n<li data-start=\"908\" data-end=\"1111\">\n<p data-start=\"910\" data-end=\"1111\"><strong data-start=\"910\" data-end=\"940\">Sensores IP EtherpowerBox:<\/strong> Monitorean temperatura, humedad, detectores de humo, inundaci\u00f3n, corte el\u00e9ctrico, apertura de puertas y otros par\u00e1metros cr\u00edticos, con env\u00edo de datos directo a la nube.<\/p>\n<\/li>\n<li data-start=\"1112\" data-end=\"1631\">\n<p data-start=\"1114\" data-end=\"1194\"><strong data-start=\"1114\" data-end=\"1130\">M\u00f3dulos SEM:<\/strong> Extienden la funcionalidad de los EtherpowerBox. Entre ellos:<\/p>\n<ul data-start=\"1197\" data-end=\"1631\">\n<li data-start=\"1197\" data-end=\"1308\">\n<p data-start=\"1199\" data-end=\"1308\"><strong data-start=\"1199\" data-end=\"1216\">SEM-RelayBox:<\/strong> Se suscribe a un sensor IP y activa rel\u00e9s de forma remota seg\u00fan condiciones configuradas.<\/p>\n<\/li>\n<li data-start=\"1311\" data-end=\"1495\">\n<p data-start=\"1313\" data-end=\"1495\"><strong data-start=\"1313\" data-end=\"1332\">SEM-DisplayBox:<\/strong> Muestra valores medidos por un EtherpowerBox en tiempo real, permitiendo visualizar variables de manera remota sin necesidad de acceso a PC o dispositivo m\u00f3vil.<\/p>\n<\/li>\n<li data-start=\"1498\" data-end=\"1631\">\n<p data-start=\"1500\" data-end=\"1631\"><strong data-start=\"1500\" data-end=\"1517\">SEM-PowerBox:<\/strong> Monitorea tensi\u00f3n y corriente, mostrando y registrando los valores en tiempo real, y los integra al portal web.<\/p>\n<\/li>\n<\/ul>\n<\/li>\n<li data-start=\"1632\" data-end=\"1833\">\n<p data-start=\"1634\" data-end=\"1833\"><strong data-start=\"1634\" data-end=\"1669\">Portal Web EtherpowerBox Cloud:<\/strong> Plataforma centralizada en la nube que permite monitorear, registrar y generar alertas de forma segura desde cualquier dispositivo, en cualquier lugar del mundo.<\/p>\n<\/li>\n<li data-start=\"1834\" data-end=\"2034\">\n<p data-start=\"1836\" data-end=\"2034\"><strong data-start=\"1836\" data-end=\"1853\">Cloudatalert:<\/strong> Sistema de notificaci\u00f3n que env\u00eda alertas por Email, SMS o Telegram cuando los valores medidos superan los l\u00edmites configurados, asegurando respuesta inmediata ante eventos cr\u00edticos.<\/p>\n<\/li>\n<\/ul>\n<h3 data-start=\"2036\" data-end=\"2065\">Ventajas del Ecosistema<\/h3>\n<ul data-start=\"2067\" data-end=\"2727\">\n<li data-start=\"2067\" data-end=\"2236\">\n<p data-start=\"2069\" data-end=\"2236\"><strong data-start=\"2069\" data-end=\"2091\">Integraci\u00f3n total:<\/strong> Todos los componentes se comunican de manera transparente, permitiendo una supervisi\u00f3n unificada de variables ambientales y sistemas cr\u00edticos.<\/p>\n<\/li>\n<li data-start=\"2237\" data-end=\"2412\">\n<p data-start=\"2239\" data-end=\"2412\"><strong data-start=\"2239\" data-end=\"2267\">Monitoreo remoto seguro:<\/strong> Acceso al portal web desde PC, tablet o smartphone, con visualizaci\u00f3n en tiempo real y almacenamiento de hist\u00f3ricos para an\u00e1lisis y auditor\u00eda.<\/p>\n<\/li>\n<li data-start=\"2413\" data-end=\"2570\">\n<p data-start=\"2415\" data-end=\"2570\"><strong data-start=\"2415\" data-end=\"2433\">Escalabilidad:<\/strong> Posibilidad de agregar sensores y m\u00f3dulos SEM seg\u00fan evolucionen las necesidades de la instalaci\u00f3n, sin interrupciones en la operaci\u00f3n.<\/p>\n<\/li>\n<li data-start=\"2571\" data-end=\"2727\">\n<p data-start=\"2573\" data-end=\"2727\"><strong data-start=\"2573\" data-end=\"2590\">Flexibilidad:<\/strong> Control remoto de entradas y salidas digitales, activaci\u00f3n de rel\u00e9s y visualizaci\u00f3n de variables en distintas ubicaciones geogr\u00e1ficas.<\/p>\n<\/li>\n<\/ul>\n<p data-start=\"2729\" data-end=\"2952\">El <strong data-start=\"2732\" data-end=\"2760\">Ecosistema EtherpowerBox<\/strong> no solo mide y alerta: permite <strong data-start=\"2792\" data-end=\"2912\">tomar decisiones informadas, optimizar el consumo de energ\u00eda, proteger equipos y mantener la continuidad operacional<\/strong> de entornos cr\u00edticos en todo momento.<\/p>\n<p>&nbsp;<\/p>\n<div class=\"ipWidget ipWidget-Heading ipSkin-default\">ngg_shortcode_0_placeholder<a href=\"https:\/\/etherpower.net\/new\/etherpowerbox-modelo-t2-wifi\/\" target=\"_blank\" rel=\"noopener\">EtherpowerBox T2-WiFi<\/a><\/p>\n<p><a href=\"https:\/\/etherpower.net\/new\/etherpowerbox-modelo-t2-lan\/\" target=\"_blank\" rel=\"noopener\">EtherpowerBox T2-LAN<\/a><\/p>\n<p><a href=\"https:\/\/etherpower.net\/new\/etherpowerbox-plus-modelo-th2-lan\/\" target=\"_blank\" rel=\"noopener\">EtherpowerBox TH2-LAN<\/a><\/p>\n<p><a href=\"https:\/\/etherpower.net\/new\/etherpowerbox-di2-lan\/\" target=\"_blank\" rel=\"noopener\">EtherpowerBox DI2-LAN<\/a><\/p>\n<\/div>\n<p><a href=\"https:\/\/etherpower.net\/new\/wp-content\/uploads\/2017\/11\/Cloudatalert.pdf\" target=\"_blank\" rel=\"noopener\">Cloudatalert<\/a><\/p>\n<p><a href=\"https:\/\/etherpower.net\/new\/etherpowerbox-v2\/\" target=\"_blank\" rel=\"noopener\">EtherpowerBox V2&nbsp;<\/a><\/p>\n<div class=\"ipWidget ipWidget-Heading ipSkin-default\">\n<p><a href=\"http:\/\/www.etherpowerbox.net\" target=\"_blank\" rel=\"noopener\">EtherpowerBox Cloud &#8211; Online Portal&nbsp;<\/a><\/p>\n<p><a href=\"https:\/\/etherpower.net\/new\/wp-content\/uploads\/2024\/10\/SEM_WiFiSerie.pdf\" target=\"_blank\" rel=\"noopener\">SEM-WiFi-Serie&nbsp;<\/a><\/p>\n<p><a href=\"https:\/\/etherpower.net\/new\/wp-content\/uploads\/2024\/10\/Flyer_SEM_PowerBox.pdf\" target=\"_blank\" rel=\"noopener\">SEM-PowerBox<\/a><\/p>\n<p><a href=\"https:\/\/etherpower.net\/new\/wp-content\/uploads\/2024\/10\/Flyer_SEM_DisplayBox.pdf\" target=\"_blank\" rel=\"noopener\">SEM-DisplayBox<\/a><\/p>\n<p><a href=\"https:\/\/etherpower.net\/new\/wp-content\/uploads\/2024\/10\/Flyer_SEM_RelayBox.pdf\" target=\"_blank\" rel=\"noopener\">SEM-RelayBox<\/a><\/p>\n<p><a href=\"https:\/\/etherpower.net\/new\/wp-content\/uploads\/2024\/10\/GSM_Gateway_1.png\" target=\"_blank\" rel=\"noopener\">SEM-GatewayBox<\/a><\/p>\n<p><a href=\"https:\/\/etherpower.net\/new\/it-ot-e-iot-como-se-conectan-y-donde-entra-etherpowerbox\/\"><img loading=\"lazy\" decoding=\"async\" class=\"alignnone wp-image-2414 size-medium\" src=\"https:\/\/etherpower.net\/new\/wp-content\/uploads\/2025\/09\/IoT-OT-IT-with-logo-300x200.png\" alt=\"\" width=\"300\" height=\"200\" srcset=\"https:\/\/etherpower.net\/new\/wp-content\/uploads\/2025\/09\/IoT-OT-IT-with-logo-300x200.png 300w, https:\/\/etherpower.net\/new\/wp-content\/uploads\/2025\/09\/IoT-OT-IT-with-logo-1024x683.png 1024w, https:\/\/etherpower.net\/new\/wp-content\/uploads\/2025\/09\/IoT-OT-IT-with-logo-768x512.png 768w, https:\/\/etherpower.net\/new\/wp-content\/uploads\/2025\/09\/IoT-OT-IT-with-logo-600x400.png 600w, https:\/\/etherpower.net\/new\/wp-content\/uploads\/2025\/09\/IoT-OT-IT-with-logo.png 1536w\" sizes=\"auto, (max-width: 300px) 100vw, 300px\" \/><\/a><\/p>\n<\/div>\n","protected":false},"excerpt":{"rendered":"<p>&nbsp; Ecosistema EtherpowerBox El Ecosistema EtherpowerBox ofrece una soluci\u00f3n integral para el monitoreo y control de variables ambientales y de seguridad f\u00edsica en entornos cr\u00edticos, como DataCenters, salas de servidores, c\u00e1maras de fr\u00edo, dep\u00f3sitos y entornos industriales. Todos los dispositivos que forman parte del ecosistema \u2014M\u00f3dulos EtherpowerBox, M\u00f3dulos SEM, Cloudatalert<a href=\"https:\/\/etherpower.net\/new\/ecosistema-etherpowerbox\/\" class=\"read-more\">Read More<\/a><\/p>\n","protected":false},"author":1,"featured_media":0,"parent":0,"menu_order":0,"comment_status":"closed","ping_status":"closed","template":"","meta":{"ngg_post_thumbnail":0,"footnotes":""},"class_list":["post-588","page","type-page","status-publish","hentry"],"_links":{"self":[{"href":"https:\/\/etherpower.net\/new\/wp-json\/wp\/v2\/pages\/588","targetHints":{"allow":["GET"]}}],"collection":[{"href":"https:\/\/etherpower.net\/new\/wp-json\/wp\/v2\/pages"}],"about":[{"href":"https:\/\/etherpower.net\/new\/wp-json\/wp\/v2\/types\/page"}],"author":[{"embeddable":true,"href":"https:\/\/etherpower.net\/new\/wp-json\/wp\/v2\/users\/1"}],"replies":[{"embeddable":true,"href":"https:\/\/etherpower.net\/new\/wp-json\/wp\/v2\/comments?post=588"}],"version-history":[{"count":17,"href":"https:\/\/etherpower.net\/new\/wp-json\/wp\/v2\/pages\/588\/revisions"}],"predecessor-version":[{"id":2538,"href":"https:\/\/etherpower.net\/new\/wp-json\/wp\/v2\/pages\/588\/revisions\/2538"}],"wp:attachment":[{"href":"https:\/\/etherpower.net\/new\/wp-json\/wp\/v2\/media?parent=588"}],"curies":[{"name":"wp","href":"https:\/\/api.w.org\/{rel}","templated":true}]}}