{"id":665,"date":"2017-11-06T14:36:28","date_gmt":"2017-11-06T14:36:28","guid":{"rendered":"https:\/\/etherpower.net\/new\/?page_id=665"},"modified":"2025-08-31T15:44:49","modified_gmt":"2025-08-31T21:44:49","slug":"poseidon2-4002","status":"publish","type":"page","link":"https:\/\/etherpower.net\/new\/poseidon2-4002\/","title":{"rendered":"Poseidon2 4002  Monitoreo de Datacenter &#8211; Equipo Rackeable de HWg"},"content":{"rendered":"<p><img loading=\"lazy\" decoding=\"async\" class=\" wp-image-666 aligncenter\" src=\"https:\/\/etherpower.net\/new\/wp-content\/uploads\/2017\/11\/Poseidon2_4002_main_600571_1024.jpg\" alt=\"\" width=\"620\" height=\"284\"><\/p>\r\n<p>&nbsp;El Poseidon2 4002 es un equipo Rackeable de 1U que permite el monitoreo simult\u00e1neo de hasta 16 sensores de temperatura o humedad, aparte de sensores de Corriente, Tensi\u00f3n, Luz entre otras variables. Posee&nbsp;12 entradas de contacto seco y&nbsp;4 salidas de Relay. Env\u00eda alertas por email y traps SNMP y opcionalmente, con modem externo puede enviar alertas por SMS. El monitoreo se realiza accediendo a su webserver o por medio de SNMP.<\/p>\r\n<p><img loading=\"lazy\" decoding=\"async\" class=\"alignnone size-medium wp-image-2395\" src=\"https:\/\/etherpower.net\/new\/wp-content\/uploads\/2025\/08\/fp-poseidon24002-sensors-1-300x169.png\" alt=\"\" width=\"300\" height=\"169\" srcset=\"https:\/\/etherpower.net\/new\/wp-content\/uploads\/2025\/08\/fp-poseidon24002-sensors-1-300x169.png 300w, https:\/\/etherpower.net\/new\/wp-content\/uploads\/2025\/08\/fp-poseidon24002-sensors-1-600x338.png 600w, https:\/\/etherpower.net\/new\/wp-content\/uploads\/2025\/08\/fp-poseidon24002-sensors-1-1024x576.png 1024w, https:\/\/etherpower.net\/new\/wp-content\/uploads\/2025\/08\/fp-poseidon24002-sensors-1-768x432.png 768w, https:\/\/etherpower.net\/new\/wp-content\/uploads\/2025\/08\/fp-poseidon24002-sensors-1-1536x864.png 1536w, https:\/\/etherpower.net\/new\/wp-content\/uploads\/2025\/08\/fp-poseidon24002-sensors-1.png 1600w\" sizes=\"auto, (max-width: 300px) 100vw, 300px\" \/> <img loading=\"lazy\" decoding=\"async\" class=\"alignnone size-medium wp-image-2394\" src=\"https:\/\/etherpower.net\/new\/wp-content\/uploads\/2025\/08\/fp-poseidon24002-dido-1-300x169.png\" alt=\"\" width=\"300\" height=\"169\" srcset=\"https:\/\/etherpower.net\/new\/wp-content\/uploads\/2025\/08\/fp-poseidon24002-dido-1-300x169.png 300w, https:\/\/etherpower.net\/new\/wp-content\/uploads\/2025\/08\/fp-poseidon24002-dido-1-600x338.png 600w, https:\/\/etherpower.net\/new\/wp-content\/uploads\/2025\/08\/fp-poseidon24002-dido-1-1024x576.png 1024w, https:\/\/etherpower.net\/new\/wp-content\/uploads\/2025\/08\/fp-poseidon24002-dido-1-768x432.png 768w, https:\/\/etherpower.net\/new\/wp-content\/uploads\/2025\/08\/fp-poseidon24002-dido-1-1536x864.png 1536w, https:\/\/etherpower.net\/new\/wp-content\/uploads\/2025\/08\/fp-poseidon24002-dido-1.png 1600w\" sizes=\"auto, (max-width: 300px) 100vw, 300px\" \/><\/p>\r\n<h3><strong><span style=\"color: #333333;\">Caracter\u00edsticas Principales:<\/span><\/strong><\/h3>\r\n<ul>\r\n<li><b><span style=\"vertical-align: inherit;\"><span style=\"vertical-align: inherit;\"><span style=\"vertical-align: inherit;\"><span style=\"vertical-align: inherit;\">Ethernet<\/span><\/span><\/span><\/span><\/b><span style=\"vertical-align: inherit;\"><span style=\"vertical-align: inherit;\"><span style=\"vertical-align: inherit;\"><span style=\"vertical-align: inherit;\"> : RJ45 (10\/100 BASE-T)<\/span><\/span><\/span><\/span><\/li>\r\n<li><b>WEB<\/b>: WebServer Embebido&nbsp;<\/li>\r\n<li><b>Data logger:&nbsp;<\/b>Data logger para m\u00e1s de 250.000 datos&nbsp;&nbsp;<\/li>\r\n<li><b>Sensores<\/b>: 6xRJ11 \u2013&nbsp;<b>max. 16&nbsp;<\/b>sensores (1-Wire \/ 1-Wire UNI)Puede Medir: Humedad, Tensi\u00f3n, Corriente, 4-20mA, Iluminaci\u00f3n, Temperatura y mucho m\u00e1s&#8230;<\/li>\r\n<li><b>Entradas Digitales (DI)<\/b>: 12x DI Contactos Secos&nbsp;&nbsp;Soporta: Detector de Puertas, Detector de Humo, Corte El\u00e9ctrico, Inundaci\u00f3n y otros.<\/li>\r\n<li><b>Salidas de Relay (DO)<\/b>: 4x DO a Relay NA NC baja corriente<\/li>\r\n<li><b>Soporta RS-485:&nbsp;<\/b>Para sensores externos &nbsp;&nbsp;<\/li>\r\n<li><b>Alimentaci\u00f3n<\/b>: 9-30V DC<\/li>\r\n<li><b>Medidas<\/b>: 100 x 213 x 35 [mm] \u2013 1U para Rack .<\/li>\r\n<li><b>Temperatura de Operaci\u00f3n<\/b>: \u201330\u00b0C a +85\u00b0C&nbsp;<\/li>\r\n<li><b>Soporte de Protocolos M2M&nbsp;<\/b>: SNMP (versi\u00f3n 1 y 3), XML, Modbus\/TCP, HWg-Push<\/li>\r\n<li><b>Modem externo GSM Opcional<\/b><\/li>\r\n<\/ul>\r\n<p><a href=\"https:\/\/etherpower.net\/new\/wp-content\/uploads\/2025\/08\/fp-poseidon24002-sensorsanddetectors-1.png\" target=\"_blank\" rel=\"noopener\"><img loading=\"lazy\" decoding=\"async\" class=\"alignnone wp-image-2393 size-large\" src=\"https:\/\/etherpower.net\/new\/wp-content\/uploads\/2025\/08\/fp-poseidon24002-sensorsanddetectors-1-1024x576.png\" alt=\"\" width=\"584\" height=\"329\" srcset=\"https:\/\/etherpower.net\/new\/wp-content\/uploads\/2025\/08\/fp-poseidon24002-sensorsanddetectors-1-1024x576.png 1024w, https:\/\/etherpower.net\/new\/wp-content\/uploads\/2025\/08\/fp-poseidon24002-sensorsanddetectors-1-600x338.png 600w, https:\/\/etherpower.net\/new\/wp-content\/uploads\/2025\/08\/fp-poseidon24002-sensorsanddetectors-1-300x169.png 300w, https:\/\/etherpower.net\/new\/wp-content\/uploads\/2025\/08\/fp-poseidon24002-sensorsanddetectors-1-768x432.png 768w, https:\/\/etherpower.net\/new\/wp-content\/uploads\/2025\/08\/fp-poseidon24002-sensorsanddetectors-1-1536x864.png 1536w, https:\/\/etherpower.net\/new\/wp-content\/uploads\/2025\/08\/fp-poseidon24002-sensorsanddetectors-1.png 1600w\" sizes=\"auto, (max-width: 584px) 100vw, 584px\" \/><\/a><\/p>\r\n<p data-start=\"76\" data-end=\"102\"><strong data-start=\"76\" data-end=\"100\">Aplicaciones y Usos:<\/strong><\/p>\r\n<ul data-start=\"103\" data-end=\"540\">\r\n<li data-start=\"103\" data-end=\"149\">\r\n<p data-start=\"105\" data-end=\"149\">Monitoreo ambiental en salas de servidores<\/p>\r\n<\/li>\r\n<li data-start=\"150\" data-end=\"229\">\r\n<p data-start=\"152\" data-end=\"229\">Monitoreo remoto de condiciones ambientales en gabinetes o centros de datos<\/p>\r\n<\/li>\r\n<li data-start=\"230\" data-end=\"279\">\r\n<p data-start=\"232\" data-end=\"279\">Supervisi\u00f3n de sistemas de aire acondicionado<\/p>\r\n<\/li>\r\n<li data-start=\"280\" data-end=\"326\">\r\n<p data-start=\"282\" data-end=\"326\">Monitoreo de UPS y generadores de respaldo<\/p>\r\n<\/li>\r\n<li data-start=\"327\" data-end=\"356\">\r\n<p data-start=\"329\" data-end=\"356\">Aplicaciones industriales<\/p>\r\n<\/li>\r\n<li data-start=\"357\" data-end=\"413\">\r\n<p data-start=\"359\" data-end=\"413\">Control y alarmas en c\u00e1maras frigor\u00edficas y freezers<\/p>\r\n<\/li>\r\n<li data-start=\"414\" data-end=\"470\">\r\n<p data-start=\"416\" data-end=\"470\">Medici\u00f3n de temperatura y otras variables en la nube<\/p>\r\n<\/li>\r\n<li data-start=\"471\" data-end=\"513\">\r\n<p data-start=\"473\" data-end=\"513\">Integraci\u00f3n con sistemas de vigilancia<\/p>\r\n<\/li>\r\n<li data-start=\"514\" data-end=\"540\">\r\n<p data-start=\"516\" data-end=\"540\">Edificios inteligentes<\/p>\r\n<\/li>\r\n<\/ul>\r\n<h3 class=\"_title\">Bajar la Ficha del Producto:<\/h3>\r\n<h3><a href=\"https:\/\/etherpower.net\/new\/wp-content\/uploads\/2017\/11\/Poseidon2-4002_FL.pdf\">Flyer Poseidon2-4002<\/a><\/h3>\r\n<h3><a href=\"https:\/\/etherpower.net\/new\/wp-content\/uploads\/2017\/11\/Flyer-Sensores-B.pdf\">Flyer Sensores<\/a><\/h3>\r\n<h3><a href=\"https:\/\/etherpower.net\/new\/wp-content\/uploads\/2017\/11\/Flyer-Detectores-B.pdf\">Flyer Detectores<\/a><\/h3>\r\n\r\nngg_shortcode_0_placeholder\r\n\r\n\r\n\r\n<figure class=\"wp-block-embed is-type-video is-provider-youtube wp-block-embed-youtube wp-embed-aspect-16-9 wp-has-aspect-ratio\">\r\n<div class=\"wp-block-embed__wrapper\">\r\n<p><img loading=\"lazy\" decoding=\"async\" class=\"alignnone  wp-image-2128\" src=\"https:\/\/etherpower.net\/new\/wp-content\/uploads\/2025\/04\/poseidon.png\" alt=\"\" width=\"611\" height=\"341\" srcset=\"https:\/\/etherpower.net\/new\/wp-content\/uploads\/2025\/04\/poseidon.png 787w, https:\/\/etherpower.net\/new\/wp-content\/uploads\/2025\/04\/poseidon-600x335.png 600w, https:\/\/etherpower.net\/new\/wp-content\/uploads\/2025\/04\/poseidon-300x167.png 300w, https:\/\/etherpower.net\/new\/wp-content\/uploads\/2025\/04\/poseidon-768x428.png 768w\" sizes=\"auto, (max-width: 611px) 100vw, 611px\" \/><\/p>\r\n<p><a href=\"https:\/\/etherpower.net\/new\/wp-content\/uploads\/2025\/04\/hwg-monitoring-catalog_25-0-0_en.pdf\" target=\"_blank\" rel=\"noopener\"><img loading=\"lazy\" decoding=\"async\" class=\"alignnone size-full wp-image-2122\" src=\"https:\/\/etherpower.net\/new\/wp-content\/uploads\/2025\/04\/hwg.png\" alt=\"\" width=\"170\" height=\"53\"><\/a> <a href=\"https:\/\/etherpower.net\/new\/wp-content\/uploads\/2025\/04\/hwg-monitoring-catalog_25-0-0_en.pdf\" target=\"_blank\" rel=\"noopener\"><img loading=\"lazy\" decoding=\"async\" class=\"alignnone  wp-image-2121\" src=\"https:\/\/etherpower.net\/new\/wp-content\/uploads\/2025\/04\/bajar.png\" alt=\"\" width=\"95\" height=\"92\"><\/a><\/p>\r\n<h3 data-start=\"113\" data-end=\"164\">Distribuidores Oficiales HWGroup en Argentina<\/h3>\r\n<p data-start=\"166\" data-end=\"275\">Desde el a\u00f1o <strong data-start=\"179\" data-end=\"187\">2005<\/strong>, <strong data-start=\"189\" data-end=\"238\">Etherpower es Distribuidor Oficial de HWGroup<\/strong> (Rep\u00fablica Checa) en la Argentina.<\/p>\r\n<p data-start=\"277\" data-end=\"439\">Nuestro equipo t\u00e9cnico ha sido <strong data-start=\"308\" data-end=\"345\">entrenado directamente en f\u00e1brica<\/strong>, lo que nos permite brindar soporte especializado en todas las l\u00edneas de productos HWGroup.<\/p>\r\n<p data-start=\"441\" data-end=\"675\">Adem\u00e1s, nuestros ejecutivos de cuenta est\u00e1n <strong data-start=\"485\" data-end=\"510\">altamente capacitados<\/strong> para asesorarlo en la elecci\u00f3n de la soluci\u00f3n HWGroup que mejor se adapte a las necesidades de su empresa, garantizando siempre la mejor experiencia y resultados.<\/p>\r\n<\/div>\r\n<p data-start=\"205\" data-end=\"274\"><strong data-start=\"205\" data-end=\"274\">\u00bfPor qu\u00e9 elegir ETHERPOWER frente a otras soluciones del mercado?<\/strong><\/p>\r\n<p data-start=\"276\" data-end=\"446\">Nuestros equipos est\u00e1n dise\u00f1ados espec\u00edficamente para aplicaciones cr\u00edticas como datacenters, laboratorios y salas t\u00e9cnicas, con caracter\u00edsticas que marcan la diferencia:<\/p>\r\n<ol data-start=\"448\" data-end=\"1790\">\r\n<li data-start=\"448\" data-end=\"652\">\r\n<p data-start=\"451\" data-end=\"652\"><strong data-start=\"451\" data-end=\"483\">Conexi\u00f3n segura y confiable:<\/strong> Todos nuestros dispositivos utilizan conexi\u00f3n por <strong data-start=\"534\" data-end=\"555\">Ethernet cableada<\/strong>, evitando los problemas de desconexi\u00f3n, latencia y vulnerabilidad que presentan las redes Wi-Fi.<\/p>\r\n<\/li>\r\n<li data-start=\"653\" data-end=\"832\">\r\n<p data-start=\"656\" data-end=\"832\"><strong data-start=\"656\" data-end=\"702\">Compatibilidad con sistemas IT existentes:<\/strong> Soportamos protocolo <strong data-start=\"724\" data-end=\"732\">SNMP<\/strong>, lo que permite una integraci\u00f3n directa con plataformas como <strong data-start=\"794\" data-end=\"818\">PRTG, Zabbix, Nagios<\/strong>, entre otras.<\/p>\r\n<\/li>\r\n<li data-start=\"833\" data-end=\"1052\">\r\n<p data-start=\"836\" data-end=\"1052\"><strong data-start=\"836\" data-end=\"878\">Sin uso de Apps ni push notifications:<\/strong> No dependemos de notificaciones en celulares, que pueden fallar por actualizaciones, permisos o estado del sistema operativo. La seguridad no debe depender de un smartphone.<\/p>\r\n<\/li>\r\n<li data-start=\"1053\" data-end=\"1232\">\r\n<p data-start=\"1056\" data-end=\"1232\"><strong data-start=\"1056\" data-end=\"1088\">Alertas efectivas y seguras:<\/strong> Emitimos notificaciones por <strong data-start=\"1117\" data-end=\"1132\">Email y SMS<\/strong>, siendo el SMS a\u00fan hoy el canal m\u00e1s seguro y confiable para alertas tempranas en entornos cr\u00edticos.<\/p>\r\n<\/li>\r\n<li data-start=\"1233\" data-end=\"1415\">\r\n<p data-start=\"1236\" data-end=\"1415\"><strong data-start=\"1236\" data-end=\"1276\">Sin costos ocultos ni suscripciones:<\/strong> Nuestros equipos <strong data-start=\"1294\" data-end=\"1359\">no requieren licencias, software adicional ni pagos mensuales<\/strong>. Se adquieren una sola vez y son propiedad del cliente.<\/p>\r\n<\/li>\r\n<li data-start=\"1416\" data-end=\"1588\">\r\n<p data-start=\"1419\" data-end=\"1588\"><strong data-start=\"1419\" data-end=\"1460\">Soporte t\u00e9cnico sin l\u00edmite de tiempo:<\/strong> Brindamos <strong data-start=\"1471\" data-end=\"1542\">asistencia personalizada durante toda la implementaci\u00f3n y operaci\u00f3n<\/strong>, sin cargos extra ni vencimientos de soporte.<\/p>\r\n<\/li>\r\n<li data-start=\"1589\" data-end=\"1790\">\r\n<p data-start=\"1592\" data-end=\"1790\"><strong data-start=\"1592\" data-end=\"1637\">Consultor\u00eda real, no solo venta de cajas:<\/strong> Contamos con <strong data-start=\"1651\" data-end=\"1709\">infraestructura local y personal capacitado en f\u00e1brica<\/strong>, lo que nos permite ofrecer soluciones a medida, no solo la entrega de hardware.<\/p>\r\n<\/li>\r\n<\/ol>\r\n<\/figure>\r\n","protected":false},"excerpt":{"rendered":"<p>&nbsp;El Poseidon2 4002 es un equipo Rackeable de 1U que permite el monitoreo simult\u00e1neo de hasta 16 sensores de temperatura o humedad, aparte de sensores de Corriente, Tensi\u00f3n, Luz entre otras variables. Posee&nbsp;12 entradas de contacto seco y&nbsp;4 salidas de Relay. Env\u00eda alertas por email y traps SNMP y opcionalmente,<a href=\"https:\/\/etherpower.net\/new\/poseidon2-4002\/\" class=\"read-more\">Read More<\/a><\/p>\n","protected":false},"author":1,"featured_media":0,"parent":0,"menu_order":0,"comment_status":"closed","ping_status":"closed","template":"","meta":{"ngg_post_thumbnail":0,"footnotes":""},"class_list":["post-665","page","type-page","status-publish","hentry"],"_links":{"self":[{"href":"https:\/\/etherpower.net\/new\/wp-json\/wp\/v2\/pages\/665","targetHints":{"allow":["GET"]}}],"collection":[{"href":"https:\/\/etherpower.net\/new\/wp-json\/wp\/v2\/pages"}],"about":[{"href":"https:\/\/etherpower.net\/new\/wp-json\/wp\/v2\/types\/page"}],"author":[{"embeddable":true,"href":"https:\/\/etherpower.net\/new\/wp-json\/wp\/v2\/users\/1"}],"replies":[{"embeddable":true,"href":"https:\/\/etherpower.net\/new\/wp-json\/wp\/v2\/comments?post=665"}],"version-history":[{"count":8,"href":"https:\/\/etherpower.net\/new\/wp-json\/wp\/v2\/pages\/665\/revisions"}],"predecessor-version":[{"id":2404,"href":"https:\/\/etherpower.net\/new\/wp-json\/wp\/v2\/pages\/665\/revisions\/2404"}],"wp:attachment":[{"href":"https:\/\/etherpower.net\/new\/wp-json\/wp\/v2\/media?parent=665"}],"curies":[{"name":"wp","href":"https:\/\/api.w.org\/{rel}","templated":true}]}}