{"id":700,"date":"2017-11-06T15:02:29","date_gmt":"2017-11-06T15:02:29","guid":{"rendered":"https:\/\/etherpower.net\/new\/?page_id=700"},"modified":"2025-08-31T15:40:10","modified_gmt":"2025-08-31T21:40:10","slug":"poseidon2-3268","status":"publish","type":"page","link":"https:\/\/etherpower.net\/new\/poseidon2-3268\/","title":{"rendered":"Poseidon2 3268 Monitoreo Remoto"},"content":{"rendered":"<p><a href=\"https:\/\/etherpower.net\/new\/poseidon2-3268\/p23268\/\"><img loading=\"lazy\" decoding=\"async\" class=\"alignnone wp-image-2146 \" src=\"https:\/\/etherpower.net\/new\/wp-content\/uploads\/2025\/04\/p23268-1024x742.png\" alt=\"\" width=\"459\" height=\"332\" srcset=\"https:\/\/etherpower.net\/new\/wp-content\/uploads\/2025\/04\/p23268-1024x742.png 1024w, https:\/\/etherpower.net\/new\/wp-content\/uploads\/2025\/04\/p23268-600x435.png 600w, https:\/\/etherpower.net\/new\/wp-content\/uploads\/2025\/04\/p23268-300x217.png 300w, https:\/\/etherpower.net\/new\/wp-content\/uploads\/2025\/04\/p23268-768x557.png 768w, https:\/\/etherpower.net\/new\/wp-content\/uploads\/2025\/04\/p23268.png 1526w\" sizes=\"auto, (max-width: 459px) 100vw, 459px\" \/><\/a><\/p>\r\n<p>El Poseidon2 3268 monitorea sensores y controla E\/S por la red. Almacena los valores medidos ( posee logger interno ) , env\u00eda alertas por alta temperatura ( emails y traps SNMP ). Posee 4 entradas de contacto seco y soporta hasta 8 sensores. Puede controlar 2 salidas de Relay. Soporta protocolos M2M , SNMP, Modbus\/TCP, XML .&nbsp;<\/p>\r\n<h3><strong><span style=\"color: #333333;\">Caracter\u00edsticas Principales:<\/span><\/strong><\/h3>\r\n<ul>\r\n<li><strong>Soporta hasta 8 Sensores ( temperatura, humedad, tensi\u00f3n, corriente, entre otros ) , 4 Detectores ( humo, corte el\u00e9ctrico, inundaci\u00f3n, apertura de puerta, entre otros ) y&nbsp;posee 2 salidas de relay&nbsp;( para activar sirenas, estrobos, encender equipos entre otras funciones&nbsp;).<\/strong><\/li>\r\n<li><b>No requieren ning\u00fan software especial<\/b><\/li>\r\n<li><b>Interfaz WEB para Monitoreo Online<\/b><\/li>\r\n<li><b>Soporte de SNMP (Zabbix, Nagios, PRTG y otros).<\/b><\/li>\r\n<li><b>Alarmas por Email, SMTP, SNMP Trap<\/b><\/li>\r\n<li><b>Protocolos abiertos (SNMP, XML, Modbus\/TCP otros)<\/b><\/li>\r\n<li><b>Seguridad por Password, Rango de IP, y protecci\u00f3n por hardware<\/b><\/li>\r\n<\/ul>\r\n<div class=\"ipWidget ipWidget-Heading ipSkin-default\">\r\n<p>&nbsp;<\/p>\r\n<p data-start=\"681\" data-end=\"918\"><a href=\"https:\/\/etherpower.net\/new\/poseidon2-3268\/fp2\/\" rel=\"attachment wp-att-2154\"><img loading=\"lazy\" decoding=\"async\" class=\"alignnone wp-image-2154 size-full\" src=\"https:\/\/etherpower.net\/new\/wp-content\/uploads\/2025\/04\/fp2.png\" alt=\"\" width=\"798\" height=\"449\" srcset=\"https:\/\/etherpower.net\/new\/wp-content\/uploads\/2025\/04\/fp2.png 798w, https:\/\/etherpower.net\/new\/wp-content\/uploads\/2025\/04\/fp2-600x338.png 600w, https:\/\/etherpower.net\/new\/wp-content\/uploads\/2025\/04\/fp2-300x169.png 300w, https:\/\/etherpower.net\/new\/wp-content\/uploads\/2025\/04\/fp2-768x432.png 768w\" sizes=\"auto, (max-width: 798px) 100vw, 798px\" \/><\/a><\/p>\r\n<\/div>\r\n<p><a href=\"https:\/\/etherpower.net\/new\/poseidon2-3268\/fp1\/\" rel=\"attachment wp-att-2155\"><img loading=\"lazy\" decoding=\"async\" class=\"alignnone wp-image-2155 size-full\" src=\"https:\/\/etherpower.net\/new\/wp-content\/uploads\/2025\/04\/fp1.png\" alt=\"\" width=\"798\" height=\"449\" srcset=\"https:\/\/etherpower.net\/new\/wp-content\/uploads\/2025\/04\/fp1.png 798w, https:\/\/etherpower.net\/new\/wp-content\/uploads\/2025\/04\/fp1-600x338.png 600w, https:\/\/etherpower.net\/new\/wp-content\/uploads\/2025\/04\/fp1-300x169.png 300w, https:\/\/etherpower.net\/new\/wp-content\/uploads\/2025\/04\/fp1-768x432.png 768w\" sizes=\"auto, (max-width: 798px) 100vw, 798px\" \/><\/a><\/p>\r\n<h3><a href=\"https:\/\/etherpower.net\/new\/wp-content\/uploads\/2017\/11\/Flyer-Poseidon2_3268.pdf\">Flyer Poseidon2_3268<\/a><\/h3>\r\n<h3><a href=\"https:\/\/etherpower.net\/new\/wp-content\/uploads\/2017\/11\/Flyer-Sensores-B.pdf\">Flyer Sensores<\/a><\/h3>\r\n<h3><a href=\"https:\/\/etherpower.net\/new\/wp-content\/uploads\/2017\/11\/Flyer-Detectores-B.pdf\">Flyer Detectores<\/a><\/h3>\r\n<p><iframe loading=\"lazy\" title=\"Poseidon2 3268 - HWg Video Flyer - HV88\" width=\"584\" height=\"329\" src=\"https:\/\/www.youtube.com\/embed\/wFUVba7NGKg?feature=oembed\" frameborder=\"0\" allow=\"accelerometer; autoplay; clipboard-write; encrypted-media; gyroscope; picture-in-picture; web-share\" referrerpolicy=\"strict-origin-when-cross-origin\" allowfullscreen><\/iframe><\/p>\r\n<h3 data-start=\"105\" data-end=\"132\">Ejemplo de Aplicaci\u00f3n<\/h3>\r\n<p><img loading=\"lazy\" decoding=\"async\" class=\"alignnone size-medium wp-image-2148\" src=\"https:\/\/etherpower.net\/new\/wp-content\/uploads\/2025\/04\/PoseidonRack2-300x226.jpg\" alt=\"\" width=\"300\" height=\"226\" srcset=\"https:\/\/etherpower.net\/new\/wp-content\/uploads\/2025\/04\/PoseidonRack2-300x226.jpg 300w, https:\/\/etherpower.net\/new\/wp-content\/uploads\/2025\/04\/PoseidonRack2-600x452.jpg 600w, https:\/\/etherpower.net\/new\/wp-content\/uploads\/2025\/04\/PoseidonRack2-1024x771.jpg 1024w, https:\/\/etherpower.net\/new\/wp-content\/uploads\/2025\/04\/PoseidonRack2-768x578.jpg 768w, https:\/\/etherpower.net\/new\/wp-content\/uploads\/2025\/04\/PoseidonRack2.jpg 1434w\" sizes=\"auto, (max-width: 300px) 100vw, 300px\" \/><\/p>\r\n<p data-start=\"134\" data-end=\"268\">En un <strong data-start=\"140\" data-end=\"154\">DataCenter<\/strong>, el equipo <strong data-start=\"166\" data-end=\"179\">Poseidon2<\/strong> puede configurarse para generar alertas espec\u00edficas seg\u00fan las condiciones ambientales:<\/p>\r\n<ul data-start=\"270\" data-end=\"484\">\r\n<li data-start=\"270\" data-end=\"364\">\r\n<p data-start=\"272\" data-end=\"364\">Enviar un <strong data-start=\"282\" data-end=\"301\">Email de alerta<\/strong> si la temperatura del <strong data-start=\"324\" data-end=\"340\">pasillo fr\u00edo<\/strong> supera los <strong data-start=\"352\" data-end=\"361\">21 \u00b0C<\/strong>.<\/p>\r\n<\/li>\r\n<li data-start=\"365\" data-end=\"484\">\r\n<p data-start=\"367\" data-end=\"484\">Generar otra alerta diferenciada por SMS, si en el <strong data-start=\"409\" data-end=\"429\">pasillo caliente<\/strong> (fila de racks) la temperatura excede los <strong data-start=\"472\" data-end=\"481\">28 \u00b0C<\/strong>.<\/p>\r\n<\/li>\r\n<\/ul>\r\n<p data-start=\"486\" data-end=\"679\">Adem\u00e1s, es posible <strong data-start=\"505\" data-end=\"524\">acceder v\u00eda web<\/strong> al equipo para consultar en tiempo real la <strong data-start=\"568\" data-end=\"588\">humedad ambiente<\/strong> del DataCenter o <strong data-start=\"606\" data-end=\"644\">descargar los registros hist\u00f3ricos<\/strong> que almacena de manera continua.<\/p>\r\n<p data-start=\"681\" data-end=\"918\">Estos datos permiten <strong data-start=\"702\" data-end=\"743\">analizar el comportamiento de la sala<\/strong>, por ejemplo durante los fines de semana, y elaborar <strong data-start=\"797\" data-end=\"820\">gr\u00e1ficos y reportes<\/strong> que ayudan a implementar acciones preventivas y a optimizar la operaci\u00f3n de la infraestructura.<\/p>\r\n<p>\ud83c\udf21\ufe0f Condiciones Ambientales Recomendadas para Data Centers<\/p>\r\n<table>\r\n<thead>\r\n<tr>\r\n<th>Variable<\/th>\r\n<th>Rango Recomendado<\/th>\r\n<th>Rango M\u00e1ximo Tolerado<\/th>\r\n<\/tr>\r\n<\/thead>\r\n<tbody>\r\n<tr>\r\n<td><strong>Temperatura \u2013 Pasillo Fr\u00edo (entrada de aire a servidores)<\/strong><\/td>\r\n<td><strong>18 \u00b0C \u2013 22 \u00b0C<\/strong><\/td>\r\n<td>18 \u00b0C \u2013 27 \u00b0C<\/td>\r\n<\/tr>\r\n<tr>\r\n<td><strong>Temperatura \u2013 Pasillo Caliente (salida de aire de servidores)<\/strong><\/td>\r\n<td><strong>27 \u00b0C \u2013 32 \u00b0C<\/strong><\/td>\r\n<td>Hasta 35 \u00b0C<\/td>\r\n<\/tr>\r\n<tr>\r\n<td><strong>Humedad Relativa<\/strong><\/td>\r\n<td><strong>40 % \u2013 60 %<\/strong><\/td>\r\n<td>20 % \u2013 80 %<\/td>\r\n<\/tr>\r\n<tr>\r\n<td>&nbsp;<\/td>\r\n<td>&nbsp;<\/td>\r\n<td>&nbsp;<\/td>\r\n<\/tr>\r\n<\/tbody>\r\n<\/table>\r\n\r\n<figure class=\"wp-block-embed is-type-video is-provider-youtube wp-block-embed-youtube wp-embed-aspect-16-9 wp-has-aspect-ratio\"><\/figure>\r\n<p><iframe loading=\"lazy\" title=\"Poseidon2 3268 - Remote Monitoring System HWGroup\" width=\"584\" height=\"329\" src=\"https:\/\/www.youtube.com\/embed\/TJfWZzDsbzM?feature=oembed\" frameborder=\"0\" allow=\"accelerometer; autoplay; clipboard-write; encrypted-media; gyroscope; picture-in-picture; web-share\" referrerpolicy=\"strict-origin-when-cross-origin\" allowfullscreen><\/iframe><\/p>\r\n<p><iframe loading=\"lazy\" title=\"Breve comparativa entre 4 soluciones de Monitoreo : Poseidon2 3268, SUN-24, Ares 12 y EtherpowerBox\" width=\"584\" height=\"329\" src=\"https:\/\/www.youtube.com\/embed\/5eKJxgOskSY?feature=oembed\" frameborder=\"0\" allow=\"accelerometer; autoplay; clipboard-write; encrypted-media; gyroscope; picture-in-picture; web-share\" referrerpolicy=\"strict-origin-when-cross-origin\" allowfullscreen><\/iframe><\/p>\r\n<p><a href=\"https:\/\/etherpower.net\/new\/poseidon2-3268\/fpos\/\"><img loading=\"lazy\" decoding=\"async\" class=\"alignnone wp-image-2147 size-medium\" src=\"https:\/\/etherpower.net\/new\/wp-content\/uploads\/2025\/04\/fpos-300x206.png\" alt=\"\" width=\"300\" height=\"206\" srcset=\"https:\/\/etherpower.net\/new\/wp-content\/uploads\/2025\/04\/fpos-300x206.png 300w, https:\/\/etherpower.net\/new\/wp-content\/uploads\/2025\/04\/fpos-600x411.png 600w, https:\/\/etherpower.net\/new\/wp-content\/uploads\/2025\/04\/fpos.png 623w\" sizes=\"auto, (max-width: 300px) 100vw, 300px\" \/><\/a><\/p>\r\n<p><a href=\"https:\/\/etherpower.net\/new\/wp-content\/uploads\/2025\/04\/hwg-monitoring-catalog_25-0-0_en.pdf\" target=\"_blank\" rel=\"noopener\"><img loading=\"lazy\" decoding=\"async\" class=\"alignnone size-full wp-image-2122\" src=\"https:\/\/etherpower.net\/new\/wp-content\/uploads\/2025\/04\/hwg.png\" alt=\"\" width=\"170\" height=\"53\"><\/a><a href=\"https:\/\/etherpower.net\/new\/wp-content\/uploads\/2025\/04\/hwg-monitoring-catalog_25-0-0_en.pdf\" target=\"_blank\" rel=\"noopener\"><img loading=\"lazy\" decoding=\"async\" class=\"alignnone wp-image-2121\" src=\"https:\/\/etherpower.net\/new\/wp-content\/uploads\/2025\/04\/bajar.png\" alt=\"\" width=\"82\" height=\"80\"><\/a><\/p>\r\n<p><a href=\"http:\/\/poseidon2-3268.hwg.cz\/general.xml\" target=\"_blank\" rel=\"noopener\">Online Demo&nbsp;<\/a><\/p>\r\n<p>_________________________________________<\/p>\r\n<h3 data-start=\"113\" data-end=\"164\">Distribuidores Oficiales HWGroup en Argentina<\/h3>\r\n<p data-start=\"166\" data-end=\"275\">Desde el a\u00f1o <strong data-start=\"179\" data-end=\"187\">2005<\/strong>, <strong data-start=\"189\" data-end=\"238\">Etherpower es Distribuidor Oficial de HWGroup<\/strong> (Rep\u00fablica Checa) en la Argentina.<\/p>\r\n<p data-start=\"277\" data-end=\"439\">Nuestro equipo t\u00e9cnico ha sido <strong data-start=\"308\" data-end=\"345\">entrenado directamente en f\u00e1brica<\/strong>, lo que nos permite brindar soporte especializado en todas las l\u00edneas de productos HWGroup.<\/p>\r\n<p data-start=\"441\" data-end=\"675\">Adem\u00e1s, nuestros ejecutivos de cuenta est\u00e1n <strong data-start=\"485\" data-end=\"510\">altamente capacitados<\/strong> para asesorarlo en la elecci\u00f3n de la soluci\u00f3n HWGroup que mejor se adapte a las necesidades de su empresa, garantizando siempre la mejor experiencia y resultados.<\/p>\r\n<h2 data-start=\"187\" data-end=\"223\">Monitoreo Remoto con Etherpower<\/h2>\r\n<p data-start=\"225\" data-end=\"479\">Los <strong data-start=\"229\" data-end=\"271\">equipos Etherpower de monitoreo remoto<\/strong> permiten medir y controlar variables ambientales cr\u00edticas como <strong data-start=\"335\" data-end=\"399\">temperatura, humedad, corte el\u00e9ctrico y detecci\u00f3n de alarmas<\/strong> en <strong data-start=\"403\" data-end=\"476\">data centers, c\u00e1maras de fr\u00edo, dep\u00f3sitos y shelters de comunicaciones<\/strong>.<\/p>\r\n<p data-start=\"481\" data-end=\"742\">Gracias a su <strong data-start=\"494\" data-end=\"516\">webserver embebido<\/strong>, ofrecen acceso seguro desde cualquier PC, smartphone o tablet, con alertas en tiempo real por <strong data-start=\"612\" data-end=\"639\">Email, SMS y SNMP traps<\/strong>. Una soluci\u00f3n confiable para garantizar la continuidad operativa y proteger infraestructura cr\u00edtica.<\/p>\r\n<p data-start=\"205\" data-end=\"274\"><strong data-start=\"205\" data-end=\"274\">\u00bfPor qu\u00e9 elegir ETHERPOWER frente a otras soluciones del mercado?<\/strong><\/p>\r\n<p data-start=\"276\" data-end=\"446\">Nuestros equipos est\u00e1n dise\u00f1ados espec\u00edficamente para aplicaciones cr\u00edticas como datacenters, laboratorios y salas t\u00e9cnicas, con caracter\u00edsticas que marcan la diferencia:<\/p>\r\n<ol data-start=\"448\" data-end=\"1790\">\r\n<li data-start=\"448\" data-end=\"652\">\r\n<p data-start=\"451\" data-end=\"652\"><strong data-start=\"451\" data-end=\"483\">Conexi\u00f3n segura y confiable:<\/strong> Todos nuestros dispositivos utilizan conexi\u00f3n por <strong data-start=\"534\" data-end=\"555\">Ethernet cableada<\/strong>, evitando los problemas de desconexi\u00f3n, latencia y vulnerabilidad que presentan las redes Wi-Fi.<\/p>\r\n<\/li>\r\n<li data-start=\"653\" data-end=\"832\">\r\n<p data-start=\"656\" data-end=\"832\"><strong data-start=\"656\" data-end=\"702\">Compatibilidad con sistemas IT existentes:<\/strong> Soportamos protocolo <strong data-start=\"724\" data-end=\"732\">SNMP<\/strong>, lo que permite una integraci\u00f3n directa con plataformas como <strong data-start=\"794\" data-end=\"818\">PRTG, Zabbix, Nagios<\/strong>, entre otras.<\/p>\r\n<\/li>\r\n<li data-start=\"833\" data-end=\"1052\">\r\n<p data-start=\"836\" data-end=\"1052\"><strong data-start=\"836\" data-end=\"878\">Sin uso de Apps ni push notifications:<\/strong> No dependemos de notificaciones en celulares, que pueden fallar por actualizaciones, permisos o estado del sistema operativo. La seguridad no debe depender de un smartphone.<\/p>\r\n<\/li>\r\n<li data-start=\"1053\" data-end=\"1232\">\r\n<p data-start=\"1056\" data-end=\"1232\"><strong data-start=\"1056\" data-end=\"1088\">Alertas efectivas y seguras:<\/strong> Emitimos notificaciones por <strong data-start=\"1117\" data-end=\"1132\">Email y SMS<\/strong>, siendo el SMS a\u00fan hoy el canal m\u00e1s seguro y confiable para alertas tempranas en entornos cr\u00edticos.<\/p>\r\n<\/li>\r\n<li data-start=\"1233\" data-end=\"1415\">\r\n<p data-start=\"1236\" data-end=\"1415\"><strong data-start=\"1236\" data-end=\"1276\">Sin costos ocultos ni suscripciones:<\/strong> Nuestros equipos <strong data-start=\"1294\" data-end=\"1359\">no requieren licencias, software adicional ni pagos mensuales<\/strong>. Se adquieren una sola vez y son propiedad del cliente.<\/p>\r\n<\/li>\r\n<li data-start=\"1416\" data-end=\"1588\">\r\n<p data-start=\"1419\" data-end=\"1588\"><strong data-start=\"1419\" data-end=\"1460\">Soporte t\u00e9cnico sin l\u00edmite de tiempo:<\/strong> Brindamos <strong data-start=\"1471\" data-end=\"1542\">asistencia personalizada durante toda la implementaci\u00f3n y operaci\u00f3n<\/strong>, sin cargos extra ni vencimientos de soporte.<\/p>\r\n<\/li>\r\n<li data-start=\"1589\" data-end=\"1790\">\r\n<p data-start=\"1592\" data-end=\"1790\"><strong data-start=\"1592\" data-end=\"1637\">Consultor\u00eda real, no solo venta de cajas:<\/strong> Contamos con <strong data-start=\"1651\" data-end=\"1709\">infraestructura local y personal capacitado en f\u00e1brica<\/strong>, lo que nos permite ofrecer soluciones a medida, no solo la entrega de hardware.<\/p>\r\n<\/li>\r\n<\/ol>","protected":false},"excerpt":{"rendered":"<p>El Poseidon2 3268 monitorea sensores y controla E\/S por la red. Almacena los valores medidos ( posee logger interno ) , env\u00eda alertas por alta temperatura ( emails y traps SNMP ). Posee 4 entradas de contacto seco y soporta hasta 8 sensores. Puede controlar 2 salidas de Relay. Soporta<a href=\"https:\/\/etherpower.net\/new\/poseidon2-3268\/\" class=\"read-more\">Read More<\/a><\/p>\n","protected":false},"author":1,"featured_media":0,"parent":0,"menu_order":0,"comment_status":"closed","ping_status":"closed","template":"","meta":{"ngg_post_thumbnail":0,"footnotes":""},"class_list":["post-700","page","type-page","status-publish","hentry"],"_links":{"self":[{"href":"https:\/\/etherpower.net\/new\/wp-json\/wp\/v2\/pages\/700","targetHints":{"allow":["GET"]}}],"collection":[{"href":"https:\/\/etherpower.net\/new\/wp-json\/wp\/v2\/pages"}],"about":[{"href":"https:\/\/etherpower.net\/new\/wp-json\/wp\/v2\/types\/page"}],"author":[{"embeddable":true,"href":"https:\/\/etherpower.net\/new\/wp-json\/wp\/v2\/users\/1"}],"replies":[{"embeddable":true,"href":"https:\/\/etherpower.net\/new\/wp-json\/wp\/v2\/comments?post=700"}],"version-history":[{"count":35,"href":"https:\/\/etherpower.net\/new\/wp-json\/wp\/v2\/pages\/700\/revisions"}],"predecessor-version":[{"id":2403,"href":"https:\/\/etherpower.net\/new\/wp-json\/wp\/v2\/pages\/700\/revisions\/2403"}],"wp:attachment":[{"href":"https:\/\/etherpower.net\/new\/wp-json\/wp\/v2\/media?parent=700"}],"curies":[{"name":"wp","href":"https:\/\/api.w.org\/{rel}","templated":true}]}}