{"id":780,"date":"2017-11-06T16:55:16","date_gmt":"2017-11-06T16:55:16","guid":{"rendered":"https:\/\/etherpower.net\/new\/?page_id=780"},"modified":"2017-11-07T16:47:09","modified_gmt":"2017-11-07T16:47:09","slug":"csw-h85k2","status":"publish","type":"page","link":"https:\/\/etherpower.net\/new\/csw-h85k2\/","title":{"rendered":"CSW-H85K  Conversor Serie RS-232 RS-485 y RS-422  a WiFi"},"content":{"rendered":"<div class=\"ipWidget ipWidget-Heading ipSkin-default\">\n<h1><img loading=\"lazy\" decoding=\"async\" class=\" wp-image-781 aligncenter\" src=\"https:\/\/etherpower.net\/new\/wp-content\/uploads\/2017\/11\/CSW_H85K.png\" alt=\"\" width=\"157\" height=\"378\"><\/h1>\n<h3><strong><span style=\"color: #333333;\">&nbsp;La forma m\u00e1s segura de llegar a equipos Serie de forma Inal\u00e1mbrica<\/span><\/strong><\/h3>\n<\/div>\n<div class=\"ipWidget ipWidget-Text ipSkin-default\">\n<div class=\"ipsContainer\">\n<p>El CSW-H85K es un conversor serie a WiFi&nbsp;que le permite agregar capacidades de red inal\u00e1mbrica a sus equipos industriales RS232, RS422&nbsp;y RS485. Por lo que utilizando este equipo usted puede controlar y monitorear sus equipos serie desde cualquier parte del mundo. El CSW-H85K viene preconfigurado con&nbsp;Soft AP para que pueda de forma simple ser conectado a cualquier equipo con WiFi trabajando com un AP Virtual.&nbsp;Gracias a esta caracter\u00edstica, resulta muy f\u00e1cil armar la red con equipos m\u00f3viles como&nbsp;smartphones, tablet PCs&nbsp;y laptops con WiFi.&nbsp;&nbsp;&nbsp;<\/p>\n<\/div>\n<\/div>\n<h3>Bajar la Ficha del Producto:<\/h3>\n<h3><a href=\"https:\/\/etherpower.net\/new\/wp-content\/uploads\/2017\/11\/ds_cswh85k2en.pdf\">Flyer CSW-H85K2<\/a><\/h3>\nngg_shortcode_0_placeholder\n","protected":false},"excerpt":{"rendered":"<p>&nbsp;La forma m\u00e1s segura de llegar a equipos Serie de forma Inal\u00e1mbrica El CSW-H85K es un conversor serie a WiFi&nbsp;que le permite agregar capacidades de red inal\u00e1mbrica a sus equipos industriales RS232, RS422&nbsp;y RS485. Por lo que utilizando este equipo usted puede controlar y monitorear sus equipos serie desde cualquier<a href=\"https:\/\/etherpower.net\/new\/csw-h85k2\/\" class=\"read-more\">Read More<\/a><\/p>\n","protected":false},"author":1,"featured_media":0,"parent":0,"menu_order":0,"comment_status":"closed","ping_status":"closed","template":"","meta":{"ngg_post_thumbnail":0,"footnotes":""},"class_list":["post-780","page","type-page","status-publish","hentry"],"_links":{"self":[{"href":"https:\/\/etherpower.net\/new\/wp-json\/wp\/v2\/pages\/780","targetHints":{"allow":["GET"]}}],"collection":[{"href":"https:\/\/etherpower.net\/new\/wp-json\/wp\/v2\/pages"}],"about":[{"href":"https:\/\/etherpower.net\/new\/wp-json\/wp\/v2\/types\/page"}],"author":[{"embeddable":true,"href":"https:\/\/etherpower.net\/new\/wp-json\/wp\/v2\/users\/1"}],"replies":[{"embeddable":true,"href":"https:\/\/etherpower.net\/new\/wp-json\/wp\/v2\/comments?post=780"}],"version-history":[{"count":0,"href":"https:\/\/etherpower.net\/new\/wp-json\/wp\/v2\/pages\/780\/revisions"}],"wp:attachment":[{"href":"https:\/\/etherpower.net\/new\/wp-json\/wp\/v2\/media?parent=780"}],"curies":[{"name":"wp","href":"https:\/\/api.w.org\/{rel}","templated":true}]}}