{"id":821,"date":"2017-11-06T17:06:09","date_gmt":"2017-11-06T17:06:09","guid":{"rendered":"https:\/\/etherpower.net\/new\/?page_id=821"},"modified":"2017-11-07T16:49:29","modified_gmt":"2017-11-07T16:49:29","slug":"cse-m73","status":"publish","type":"page","link":"https:\/\/etherpower.net\/new\/cse-m73\/","title":{"rendered":"CSE-M73 M\u00f3dulo Embedded Ethernet Serie RS-232\/485\/422 a TCP\/IP"},"content":{"rendered":"<p><img loading=\"lazy\" decoding=\"async\" class=\" wp-image-798 aligncenter\" src=\"https:\/\/etherpower.net\/new\/wp-content\/uploads\/2017\/11\/CSE_M73_OEM_MODULE.jpg\" alt=\"\" width=\"355\" height=\"259\"><\/p>\n<p>&nbsp; &nbsp; El CSE-M73 es un m\u00f3dulo para fabricantes que requieren conectividad Ethernet en sus productos de una manera sencilla y econ\u00f3mica. El CSE-M73&nbsp; hace posible extender la distancia de las comunicaciones seriales sin cambiar el dise\u00f1o ni la configuraci\u00f3n de su equipo. Con el conversor serie a ethernet CSE-M73, los dispositivos con salida serie pueden ser controlados de forma remota y monitoreados por internet.<\/p>\n<h3><strong><span style=\"color: #333333;\">Aplicaciones :<\/span><\/strong><\/h3>\n<ul>\n<li>\n<h2>Sistemas de Monitoreo Remoto<\/h2>\n<\/li>\n<li>Sistemas de Medici\u00f3n Remota<\/li>\n<li>Sistemas de Alarmas<\/li>\n<li>Sistemas de Seguridad y Control de Acceso<\/li>\n<li>PLC`s , Servomotores<\/li>\n<li>Lectoras de C\u00f3digo de Barras<\/li>\n<li>Lectoras de Tarjetas Magn\u00e9ticas y RFID<\/li>\n<li>Balanzas y Sistemas de Pesaje<\/li>\n<li>Carteles Electr\u00f3nicos<\/li>\n<li>Dom\u00f3tica y Edificios Inteligentes<\/li>\n<\/ul>\n<h3>Bajar la Ficha del Producto:<\/h3>\n<h3><a href=\"https:\/\/etherpower.net\/new\/wp-content\/uploads\/2017\/11\/ds_csem73en.pdf\">Flyer CSE-M73<\/a><\/h3>\nngg_shortcode_0_placeholder\n","protected":false},"excerpt":{"rendered":"<p>&nbsp; &nbsp; El CSE-M73 es un m\u00f3dulo para fabricantes que requieren conectividad Ethernet en sus productos de una manera sencilla y econ\u00f3mica. El CSE-M73&nbsp; hace posible extender la distancia de las comunicaciones seriales sin cambiar el dise\u00f1o ni la configuraci\u00f3n de su equipo. Con el conversor serie a ethernet CSE-M73,<a href=\"https:\/\/etherpower.net\/new\/cse-m73\/\" class=\"read-more\">Read More<\/a><\/p>\n","protected":false},"author":1,"featured_media":0,"parent":0,"menu_order":0,"comment_status":"closed","ping_status":"closed","template":"","meta":{"ngg_post_thumbnail":0,"footnotes":""},"class_list":["post-821","page","type-page","status-publish","hentry"],"_links":{"self":[{"href":"https:\/\/etherpower.net\/new\/wp-json\/wp\/v2\/pages\/821","targetHints":{"allow":["GET"]}}],"collection":[{"href":"https:\/\/etherpower.net\/new\/wp-json\/wp\/v2\/pages"}],"about":[{"href":"https:\/\/etherpower.net\/new\/wp-json\/wp\/v2\/types\/page"}],"author":[{"embeddable":true,"href":"https:\/\/etherpower.net\/new\/wp-json\/wp\/v2\/users\/1"}],"replies":[{"embeddable":true,"href":"https:\/\/etherpower.net\/new\/wp-json\/wp\/v2\/comments?post=821"}],"version-history":[{"count":0,"href":"https:\/\/etherpower.net\/new\/wp-json\/wp\/v2\/pages\/821\/revisions"}],"wp:attachment":[{"href":"https:\/\/etherpower.net\/new\/wp-json\/wp\/v2\/media?parent=821"}],"curies":[{"name":"wp","href":"https:\/\/api.w.org\/{rel}","templated":true}]}}