{"id":825,"date":"2017-11-06T17:11:41","date_gmt":"2017-11-06T17:11:41","guid":{"rendered":"https:\/\/etherpower.net\/new\/?page_id=825"},"modified":"2017-11-07T16:50:25","modified_gmt":"2017-11-07T16:50:25","slug":"cse-m53n","status":"publish","type":"page","link":"https:\/\/etherpower.net\/new\/cse-m53n\/","title":{"rendered":"CSE-M53N  M\u00f3dulo Embedded Ethernet TTL a TCP\/UDP\/IP"},"content":{"rendered":"<p><img loading=\"lazy\" decoding=\"async\" class=\"size-full wp-image-826 aligncenter\" src=\"https:\/\/etherpower.net\/new\/wp-content\/uploads\/2017\/11\/CSE_M53N.jpg\" alt=\"\" width=\"250\" height=\"192\"><\/p>\n<p>&nbsp; &nbsp;M\u00f3dulo TTL a Ethernet ideal para fabricantes de Equipos que se comunican por puerto serie y requieren conectarlos a la red Ethernet para extender la distancia de comunicaci\u00f3n. Los fabricantes de sistemas de pesaje, carteles, sistemas de control de acceso que desarrollan a su vez su propio software de comunicaci\u00f3n serie con sus equipos, pueden beneficiarse del redirector de puerto serie EZVsp. Este redirector de puerto serie es una aplicaci\u00f3n que viene SIN CARGO con los equipos Sollae Systems y se instala en la m\u00e1quina en la que corre el software que comunica por puerto serie. De esta forma se genera en Windows un puerto COM nuevo , pero se redirecciona por IP al m\u00f3dulo CSE-M53N y toma su puerto TTL, el cu\u00e1l est\u00e1 conectado a la balanza, cartel o cualquier otro dispositivo. De esta forma no se requiere desarrollar un nuevo software que dialogue por IP, ya que de esa tarea se encarga el EZVsp.<\/p>\n<h3>Bajar la Ficha del Producto:<\/h3>\n<h3><a href=\"https:\/\/etherpower.net\/new\/wp-content\/uploads\/2017\/11\/ds_csem53nen.pdf\">Flyer CSE-M53N<\/a><\/h3>\nngg_shortcode_0_placeholder\n","protected":false},"excerpt":{"rendered":"<p>&nbsp; &nbsp;M\u00f3dulo TTL a Ethernet ideal para fabricantes de Equipos que se comunican por puerto serie y requieren conectarlos a la red Ethernet para extender la distancia de comunicaci\u00f3n. Los fabricantes de sistemas de pesaje, carteles, sistemas de control de acceso que desarrollan a su vez su propio software de<a href=\"https:\/\/etherpower.net\/new\/cse-m53n\/\" class=\"read-more\">Read More<\/a><\/p>\n","protected":false},"author":1,"featured_media":0,"parent":0,"menu_order":0,"comment_status":"closed","ping_status":"closed","template":"","meta":{"ngg_post_thumbnail":0,"footnotes":""},"class_list":["post-825","page","type-page","status-publish","hentry"],"_links":{"self":[{"href":"https:\/\/etherpower.net\/new\/wp-json\/wp\/v2\/pages\/825","targetHints":{"allow":["GET"]}}],"collection":[{"href":"https:\/\/etherpower.net\/new\/wp-json\/wp\/v2\/pages"}],"about":[{"href":"https:\/\/etherpower.net\/new\/wp-json\/wp\/v2\/types\/page"}],"author":[{"embeddable":true,"href":"https:\/\/etherpower.net\/new\/wp-json\/wp\/v2\/users\/1"}],"replies":[{"embeddable":true,"href":"https:\/\/etherpower.net\/new\/wp-json\/wp\/v2\/comments?post=825"}],"version-history":[{"count":0,"href":"https:\/\/etherpower.net\/new\/wp-json\/wp\/v2\/pages\/825\/revisions"}],"wp:attachment":[{"href":"https:\/\/etherpower.net\/new\/wp-json\/wp\/v2\/media?parent=825"}],"curies":[{"name":"wp","href":"https:\/\/api.w.org\/{rel}","templated":true}]}}