{"id":926,"date":"2017-11-06T18:31:31","date_gmt":"2017-11-06T18:31:31","guid":{"rendered":"https:\/\/etherpower.net\/new\/?page_id=926"},"modified":"2024-10-29T15:26:53","modified_gmt":"2024-10-29T21:26:53","slug":"cie-h12g","status":"publish","type":"page","link":"https:\/\/etherpower.net\/new\/cie-h12g\/","title":{"rendered":"CIE-H12G Relay IP  Acceso por WEB y ModBus\/TCP  1 Entrada  2 Salidas Relay"},"content":{"rendered":"<p><img loading=\"lazy\" decoding=\"async\" class=\"alignnone wp-image-1908 size-full\" src=\"https:\/\/etherpower.net\/new\/wp-content\/uploads\/2024\/10\/remote-io-modbus-tcp-device-cie-h12g.jpg\" alt=\"\" width=\"750\" height=\"550\" srcset=\"https:\/\/etherpower.net\/new\/wp-content\/uploads\/2024\/10\/remote-io-modbus-tcp-device-cie-h12g.jpg 750w, https:\/\/etherpower.net\/new\/wp-content\/uploads\/2024\/10\/remote-io-modbus-tcp-device-cie-h12g-600x440.jpg 600w, https:\/\/etherpower.net\/new\/wp-content\/uploads\/2024\/10\/remote-io-modbus-tcp-device-cie-h12g-300x220.jpg 300w\" sizes=\"auto, (max-width: 750px) 100vw, 750px\" \/><\/p>\n<div class=\"ipWidget ipWidget-Text ipSkin-default\">\n<div class=\"ipsContainer\">\n<p>CIE-H12G es un Gateway de E\/S remota equipada con 1 puerto de entrada digital, 2 puertos de salida digital y una interfaz Ethernet. Cada puerto de entrada digital est\u00e1 vinculado a un optoacoplador. El puerto de entrada puede monitorear el estado de encendido\/apagado del equipo (el m\u00e1ximo es 24 VCC). Cada puerto de salida digital est\u00e1 vinculado a un Relay. Adem\u00e1s del control de encendido\/apagado, el puerto de salida digital tambi\u00e9n se puede controlar para generar un pulso.<\/p>\n<p>CIE-H12G es compatible con el protocolo Modbus TCP. Puede controlar\/monitorear equipos\/sensores ubicados en lugares remotos desde un software para PC, una aplicaci\u00f3n m\u00f3vil, una HMI u otros dispositivos Modbus TCP. Puede utilizar nuestro software\/aplicaci\u00f3n gratuito llamado ModMap o cualquier software\/aplicaci\u00f3n que admita Modbus TCP. CIE-H12G tambi\u00e9n est\u00e1 equipado con un servidor web integrado con una p\u00e1gina web precargada, por lo que puede utilizar cualquier navegador web en una PC\/tel\u00e9fono inteligente para acceder a la p\u00e1gina web para controlar\/monitorear equipos\/sensores. La p\u00e1gina web es personalizable para que pueda cambiar f\u00e1cilmente la interfaz de usuario web si es necesario.<\/p>\n<p>El CIE-H12G permite que cada puerto de salida digital se controle autom\u00e1ticamente mediante una f\u00f3rmula l\u00f3gica de puertos de entrada y salida digitales. En particular, el CIE-H12G se puede conectar directamente a varios CIE-H10G, CIE-H14G y\/u otros CIE-H12G para formar un sistema de E\/S denominado internet switch. El sistema permite que el puerto de salida de un dispositivo sea controlado por los puertos de entrada de otros dispositivos, y viceversa, a trav\u00e9s de Internet. El CIE-H12G permite hasta ocho conexiones TCP simult\u00e1neas, lo que permite monitorear sensores desde diferentes dispositivos\/software\/aplicaciones HMI al mismo tiempo.<\/p>\n<p>&nbsp;<\/p>\n<\/div>\n<\/div>\n<h3><a href=\"https:\/\/etherpower.net\/new\/wp-content\/uploads\/2024\/10\/ds_cieh12gen.pdf\" target=\"_blank\" rel=\"noopener\">Bajar la Ficha del Producto<\/a><\/h3>\n<p><iframe loading=\"lazy\" title=\"Control via Internet, I\/O Device Server Application | Internet Switch\" width=\"584\" height=\"329\" src=\"https:\/\/www.youtube.com\/embed\/JRFxd1mkun0?feature=oembed\" frameborder=\"0\" allow=\"accelerometer; autoplay; clipboard-write; encrypted-media; gyroscope; picture-in-picture; web-share\" referrerpolicy=\"strict-origin-when-cross-origin\" allowfullscreen><\/iframe><\/p>\n","protected":false},"excerpt":{"rendered":"<p>CIE-H12G es un Gateway de E\/S remota equipada con 1 puerto de entrada digital, 2 puertos de salida digital y una interfaz Ethernet. Cada puerto de entrada digital est\u00e1 vinculado a un optoacoplador. El puerto de entrada puede monitorear el estado de encendido\/apagado del equipo (el m\u00e1ximo es 24 VCC).<a href=\"https:\/\/etherpower.net\/new\/cie-h12g\/\" class=\"read-more\">Read More<\/a><\/p>\n","protected":false},"author":1,"featured_media":0,"parent":0,"menu_order":0,"comment_status":"closed","ping_status":"closed","template":"","meta":{"ngg_post_thumbnail":0,"footnotes":""},"class_list":["post-926","page","type-page","status-publish","hentry"],"_links":{"self":[{"href":"https:\/\/etherpower.net\/new\/wp-json\/wp\/v2\/pages\/926","targetHints":{"allow":["GET"]}}],"collection":[{"href":"https:\/\/etherpower.net\/new\/wp-json\/wp\/v2\/pages"}],"about":[{"href":"https:\/\/etherpower.net\/new\/wp-json\/wp\/v2\/types\/page"}],"author":[{"embeddable":true,"href":"https:\/\/etherpower.net\/new\/wp-json\/wp\/v2\/users\/1"}],"replies":[{"embeddable":true,"href":"https:\/\/etherpower.net\/new\/wp-json\/wp\/v2\/comments?post=926"}],"version-history":[{"count":0,"href":"https:\/\/etherpower.net\/new\/wp-json\/wp\/v2\/pages\/926\/revisions"}],"wp:attachment":[{"href":"https:\/\/etherpower.net\/new\/wp-json\/wp\/v2\/media?parent=926"}],"curies":[{"name":"wp","href":"https:\/\/api.w.org\/{rel}","templated":true}]}}