{"id":930,"date":"2017-11-06T18:40:04","date_gmt":"2017-11-06T18:40:04","guid":{"rendered":"https:\/\/etherpower.net\/new\/?page_id=930"},"modified":"2025-04-12T15:17:35","modified_gmt":"2025-04-12T21:17:35","slug":"damocles2-2404","status":"publish","type":"page","link":"https:\/\/etherpower.net\/new\/damocles2-2404\/","title":{"rendered":"Damocles2 2404  24 Entradas Contacto Seco 4 Salidas de Relay &#8211; PoE"},"content":{"rendered":"<p><img loading=\"lazy\" decoding=\"async\" class=\"size-full wp-image-931 aligncenter\" src=\"https:\/\/etherpower.net\/new\/wp-content\/uploads\/2017\/11\/Damocles2_2404_600649_350_1.jpg\" alt=\"\" width=\"350\" height=\"249\" srcset=\"https:\/\/etherpower.net\/new\/wp-content\/uploads\/2017\/11\/Damocles2_2404_600649_350_1.jpg 350w, https:\/\/etherpower.net\/new\/wp-content\/uploads\/2017\/11\/Damocles2_2404_600649_350_1-300x213.jpg 300w\" sizes=\"auto, (max-width: 350px) 100vw, 350px\" \/><\/p>\n<p>&nbsp;El&nbsp;<strong>Nuevo<\/strong>&nbsp;Damocles2404 posee 24 entradas de contacto seco y 4 Relays que pueden ser controlados por IP. Tiene WebServer embebido y permite el env\u00edo de alertas por email y traps SNMP. Las salidas se pueden controlar por la interfaz web o utilizando SNMP, XML o ModBus\/TCP.<\/p>\n<p>&nbsp; &nbsp;El equipo Damocles es capaz de enviar emails al momento de detectar la activaci\u00f3n de una entrada o combinaci\u00f3n de entradas . Tambi\u00e9n permite el env\u00edo de traps SNMP hasta 4 destinos. Las Salidas de Relay pueden controlarse tambi\u00e9n desde otra unidad Damocles o un equipo Poseid\u00f3n. El Equipo Damocles 2 2404 se destaca por soportar alimentaci\u00f3n de&nbsp;<strong>-48V ( IT )<\/strong>&nbsp;y protocolos como&nbsp;<strong>MQTT (IoT)<\/strong>&nbsp;,&nbsp;<strong>IPv6<\/strong>&nbsp;,&nbsp;<strong>SNMP v3<\/strong>&nbsp;y&nbsp;<strong>TLS<\/strong>&nbsp;para env\u00edo de Alertas por Email.<\/p>\nngg_shortcode_0_placeholder\n<h3><span style=\"color: #333333;\"><strong>Nuevos Modelos Damocles2 :<\/strong><\/span><\/h3>\n<p>ngg_shortcode_1_placeholder<img loading=\"lazy\" decoding=\"async\" class=\"alignnone  wp-image-2125\" src=\"https:\/\/etherpower.net\/new\/wp-content\/uploads\/2025\/04\/damocles.png\" alt=\"\" width=\"613\" height=\"427\" srcset=\"https:\/\/etherpower.net\/new\/wp-content\/uploads\/2025\/04\/damocles.png 780w, https:\/\/etherpower.net\/new\/wp-content\/uploads\/2025\/04\/damocles-600x418.png 600w, https:\/\/etherpower.net\/new\/wp-content\/uploads\/2025\/04\/damocles-300x209.png 300w, https:\/\/etherpower.net\/new\/wp-content\/uploads\/2025\/04\/damocles-768x535.png 768w\" sizes=\"auto, (max-width: 613px) 100vw, 613px\" \/><\/p>\n<p><a href=\"https:\/\/etherpower.net\/new\/wp-content\/uploads\/2025\/04\/hwg-monitoring-catalog_25-0-0_en.pdf\" target=\"_blank\" rel=\"noopener\"><img loading=\"lazy\" decoding=\"async\" class=\"alignnone size-full wp-image-2122\" src=\"https:\/\/etherpower.net\/new\/wp-content\/uploads\/2025\/04\/hwg.png\" alt=\"\" width=\"170\" height=\"53\"><\/a> <a href=\"https:\/\/etherpower.net\/new\/wp-content\/uploads\/2025\/04\/hwg-monitoring-catalog_25-0-0_en.pdf\" target=\"_blank\" rel=\"noopener\"><img loading=\"lazy\" decoding=\"async\" class=\"alignnone  wp-image-2121\" src=\"https:\/\/etherpower.net\/new\/wp-content\/uploads\/2025\/04\/bajar.png\" alt=\"\" width=\"76\" height=\"74\"><\/a><\/p>\n","protected":false},"excerpt":{"rendered":"<p>&nbsp;El&nbsp;Nuevo&nbsp;Damocles2404 posee 24 entradas de contacto seco y 4 Relays que pueden ser controlados por IP. Tiene WebServer embebido y permite el env\u00edo de alertas por email y traps SNMP. Las salidas se pueden controlar por la interfaz web o utilizando SNMP, XML o ModBus\/TCP. &nbsp; &nbsp;El equipo Damocles es<a href=\"https:\/\/etherpower.net\/new\/damocles2-2404\/\" class=\"read-more\">Read More<\/a><\/p>\n","protected":false},"author":1,"featured_media":0,"parent":0,"menu_order":0,"comment_status":"closed","ping_status":"closed","template":"","meta":{"ngg_post_thumbnail":0,"footnotes":""},"class_list":["post-930","page","type-page","status-publish","hentry"],"_links":{"self":[{"href":"https:\/\/etherpower.net\/new\/wp-json\/wp\/v2\/pages\/930","targetHints":{"allow":["GET"]}}],"collection":[{"href":"https:\/\/etherpower.net\/new\/wp-json\/wp\/v2\/pages"}],"about":[{"href":"https:\/\/etherpower.net\/new\/wp-json\/wp\/v2\/types\/page"}],"author":[{"embeddable":true,"href":"https:\/\/etherpower.net\/new\/wp-json\/wp\/v2\/users\/1"}],"replies":[{"embeddable":true,"href":"https:\/\/etherpower.net\/new\/wp-json\/wp\/v2\/comments?post=930"}],"version-history":[{"count":2,"href":"https:\/\/etherpower.net\/new\/wp-json\/wp\/v2\/pages\/930\/revisions"}],"predecessor-version":[{"id":2127,"href":"https:\/\/etherpower.net\/new\/wp-json\/wp\/v2\/pages\/930\/revisions\/2127"}],"wp:attachment":[{"href":"https:\/\/etherpower.net\/new\/wp-json\/wp\/v2\/media?parent=930"}],"curies":[{"name":"wp","href":"https:\/\/api.w.org\/{rel}","templated":true}]}}